{"id":31342,"date":"2020-11-18T20:25:56","date_gmt":"2020-11-18T20:25:56","guid":{"rendered":"https:\/\/silver-louse-480719.hostingersite.com\/tienda\/producto\/brazalete-epicon-gris-orlimantalla-universal-ref-zaorliep-21g\/"},"modified":"2025-04-04T22:04:52","modified_gmt":"2025-04-04T22:04:52","slug":"brazalete-epicon-gris-orlimantalla-universal-ref-zaorliep-21g","status":"publish","type":"product","link":"https:\/\/www.zannasalud.com\/tienda\/producto\/brazalete-epicon-gris-orlimantalla-universal-ref-zaorliep-21g\/","title":{"rendered":"BRAZALETE EPICON GRIS ORLIMAN\u00aeTALLA UNIVERSAL REF. ZAORLIEP-21G"},"content":{"rendered":"<div id=\"goog-gt-tt\" class=\"skiptranslate\" dir=\"ltr\">\n<div style=\"padding: 8px;\">Gracias a su confecci\u00f3n con novedosas tecnolog\u00edas podemos combinar materiales de gran resistencia con otros viscoel\u00e1sticos m\u00e1s suaves consiguiendo una ortesis muy confortable, de larga duraci\u00f3n, con un amplio rango de regulaci\u00f3n y que se adapta perfectamente a las diferentes morfolog\u00edas del antebrazo <\/p>\n<p>REFERENCIA EP-21G COLOR GRIS<br \/>\nCOLORES DISPONIBLES EP-2I G (gris), y EP-21 V (verde)<br \/>\nFAMILIA Epitec EFECTOS Descarga, compresi\u00f3n y protecci\u00f3n.<br \/>\nINDICACIONES Prevenci\u00f3n de lesiones deportivas y laborales. Epicondilitis (codo de tenista). Epitrocleitis (codo de golfista).<br \/>\nTALLAS DISPONIBLES Universal<\/p>\n<div><\/div>\n<\/div>\n<\/div>\n<div class=\"goog-te-spinner-pos\">\n<div class=\"goog-te-spinner-animation\"><\/div>\n<\/div>\n","protected":false},"excerpt":{"rendered":"<p>Gracias a su confecci\u00f3n con novedosas tecnolog\u00edas podemos combinar materiales de gran resistencia con otros viscoel\u00e1sticos m\u00e1s suaves consiguiendo una ortesis muy confortable, de larga duraci\u00f3n, con un amplio rango de regulaci\u00f3n y que se adapta perfectamente a las diferentes morfolog\u00edas del antebrazo <\/p>\n<p>REFERENCIA EP-21G COLOR GRIS<br \/>\nCOLORES DISPONIBLES EP-2I G (gris), y EP-21 V (verde)<br \/>\nFAMILIA Epitec EFECTOS Descarga, compresi\u00f3n y protecci\u00f3n.<br \/>\nINDICACIONES Prevenci\u00f3n de lesiones deportivas y laborales. Epicondilitis (codo de tenista). Epitrocleitis (codo de golfista).<br \/>\nTALLAS DISPONIBLES Universal<\/p>\n","protected":false},"featured_media":4604,"template":"","meta":{"_acf_changed":false,"content-type":""},"product_brand":[],"product_cat":[13592,13521,13255,13523,13518],"product_tag":[12283],"class_list":{"0":"post-31342","1":"product","2":"type-product","3":"status-publish","4":"has-post-thumbnail","6":"product_cat-braces-de-codo-y-mano","7":"product_cat-braces-m-inferior","8":"product_cat-marca","9":"product_cat-orliman","10":"product_cat-ortopedia","11":"product_tag-orliman","13":"first","14":"instock","15":"shipping-taxable","16":"purchasable","17":"product-type-simple"},"acf":[],"_links":{"self":[{"href":"https:\/\/www.zannasalud.com\/tienda\/wp-json\/wp\/v2\/product\/31342","targetHints":{"allow":["GET"]}}],"collection":[{"href":"https:\/\/www.zannasalud.com\/tienda\/wp-json\/wp\/v2\/product"}],"about":[{"href":"https:\/\/www.zannasalud.com\/tienda\/wp-json\/wp\/v2\/types\/product"}],"wp:featuredmedia":[{"embeddable":true,"href":"https:\/\/www.zannasalud.com\/tienda\/wp-json\/wp\/v2\/media\/4604"}],"wp:attachment":[{"href":"https:\/\/www.zannasalud.com\/tienda\/wp-json\/wp\/v2\/media?parent=31342"}],"wp:term":[{"taxonomy":"product_brand","embeddable":true,"href":"https:\/\/www.zannasalud.com\/tienda\/wp-json\/wp\/v2\/product_brand?post=31342"},{"taxonomy":"product_cat","embeddable":true,"href":"https:\/\/www.zannasalud.com\/tienda\/wp-json\/wp\/v2\/product_cat?post=31342"},{"taxonomy":"product_tag","embeddable":true,"href":"https:\/\/www.zannasalud.com\/tienda\/wp-json\/wp\/v2\/product_tag?post=31342"}],"curies":[{"name":"wp","href":"https:\/\/api.w.org\/{rel}","templated":true}]}}