{"id":31341,"date":"2020-11-18T20:25:56","date_gmt":"2020-11-18T20:25:56","guid":{"rendered":"https:\/\/silver-louse-480719.hostingersite.com\/tienda\/producto\/ortesis-lmb-mp-trabajo-pesado-ref-zancl701-b\/"},"modified":"2025-04-04T14:31:17","modified_gmt":"2025-04-04T14:31:17","slug":"ortesis-lmb-mp-trabajo-pesado-ref-zancl701-b","status":"publish","type":"product","link":"https:\/\/www.zannasalud.com\/tienda\/producto\/ortesis-lmb-mp-trabajo-pesado-ref-zancl701-b\/","title":{"rendered":"ORTESIS DE FLEXI\u00d3N LMB PARA TRABAJO PESADO REF. ZANCL701-B"},"content":{"rendered":"<p>Se puede utilizar despu\u00e9s de la capsulectom\u00eda de la articulaci\u00f3n MP o en presencia de posturas negativas intr\u00ednsecas. Mejora la restricci\u00f3n de la articulaci\u00f3n MP.<br \/>\nIndicaciones: Estanqueidad de extensi\u00f3n MP o tendencia a extender las juntas MP.<br \/>\nSoporte palmar de espuma suave, acolchada y de c\u00e9lula cerrada.<br \/>\nProporciona 3-1\/2 lb (1,6 kg) de fuerza de flexi\u00f3n con las articulaciones MP en posici\u00f3n neutra.<br \/>\nSe puede usar sin restringir el uso de las manos.<br \/>\nLa tensi\u00f3n se puede ajustar.<br \/>\nNo hay cables colgantes ni bandas el\u00e1sticas.<br \/>\nSe adapta tanto a la mano izquierda como a la derecha.<br \/>\nPara dimensionar, mida el ancho de las juntas MP<\/p>\n","protected":false},"excerpt":{"rendered":"<p>Asistente din\u00e1mico de flexi\u00f3n MP para lesiones nerviosas combinadas en<br \/>\nla mano.<\/p>\n","protected":false},"featured_media":10604,"template":"","meta":{"_acf_changed":false,"content-type":""},"product_brand":[],"product_cat":[13520,13519,13255,13276,13518],"product_tag":[11849],"class_list":{"0":"post-31341","1":"product","2":"type-product","3":"status-publish","4":"has-post-thumbnail","6":"product_cat-ferulas-de-dedo-y-mano","7":"product_cat-ferulas-m-superior","8":"product_cat-marca","9":"product_cat-north-coast","10":"product_cat-ortopedia","11":"product_tag-north-coast","13":"first","14":"instock","15":"shipping-taxable","16":"purchasable","17":"product-type-simple"},"acf":[],"_links":{"self":[{"href":"https:\/\/www.zannasalud.com\/tienda\/wp-json\/wp\/v2\/product\/31341","targetHints":{"allow":["GET"]}}],"collection":[{"href":"https:\/\/www.zannasalud.com\/tienda\/wp-json\/wp\/v2\/product"}],"about":[{"href":"https:\/\/www.zannasalud.com\/tienda\/wp-json\/wp\/v2\/types\/product"}],"wp:featuredmedia":[{"embeddable":true,"href":"https:\/\/www.zannasalud.com\/tienda\/wp-json\/wp\/v2\/media\/10604"}],"wp:attachment":[{"href":"https:\/\/www.zannasalud.com\/tienda\/wp-json\/wp\/v2\/media?parent=31341"}],"wp:term":[{"taxonomy":"product_brand","embeddable":true,"href":"https:\/\/www.zannasalud.com\/tienda\/wp-json\/wp\/v2\/product_brand?post=31341"},{"taxonomy":"product_cat","embeddable":true,"href":"https:\/\/www.zannasalud.com\/tienda\/wp-json\/wp\/v2\/product_cat?post=31341"},{"taxonomy":"product_tag","embeddable":true,"href":"https:\/\/www.zannasalud.com\/tienda\/wp-json\/wp\/v2\/product_tag?post=31341"}],"curies":[{"name":"wp","href":"https:\/\/api.w.org\/{rel}","templated":true}]}}