{"id":31335,"date":"2020-11-18T20:25:56","date_gmt":"2020-11-18T20:25:56","guid":{"rendered":"https:\/\/silver-louse-480719.hostingersite.com\/tienda\/producto\/juego-percepcion-atencion-y-memoria-ref-zapi047\/"},"modified":"2024-04-08T19:04:32","modified_gmt":"2024-04-08T19:04:32","slug":"juego-percepcion-atencion-y-memoria-ref-zapi047","status":"publish","type":"product","link":"https:\/\/www.zannasalud.com\/tienda\/producto\/juego-percepcion-atencion-y-memoria-ref-zapi047\/","title":{"rendered":"JUEGO PERCEPCION ATENCION Y MEMORIA REF. ZAPI047"},"content":{"rendered":"<div id=\"goog-gt-tt\" class=\"skiptranslate\" dir=\"ltr\">\n<div style=\"padding: 8px;\">Compuesto por loter\u00edas con temas como desarrollo de habilidades cognitivas y percepci\u00f3n, tambi\u00e9n juegos did\u00e1cticos como Rummi Q. Material resistente en madera y cart\u00f3n. Im\u00e1genes que estimulen las destrezas visuales y auditivas.<\/p>\n<div><\/div>\n<\/div>\n<\/div>\n<div class=\"goog-te-spinner-pos\">\n<div class=\"goog-te-spinner-animation\"><\/div>\n<\/div>\n","protected":false},"excerpt":{"rendered":"<p>Compuesto por loter\u00edas con temas como desarrollo de habilidades cognitivas y percepci\u00f3n, tambi\u00e9n juegos did\u00e1cticos como Rummi Q. Material resistente en madera y cart\u00f3n. Im\u00e1genes que estimulen las destrezas visuales y auditivas.<\/p>\n","protected":false},"featured_media":0,"template":"","meta":{"_acf_changed":false,"content-type":""},"product_brand":[],"product_cat":[13441,13516,13255,13517,13443,13442,13447],"product_tag":[12990],"class_list":{"0":"post-31335","1":"product","2":"type-product","3":"status-publish","5":"product_cat-evaluacion-cognitiva","6":"product_cat-juegos-didacticos","7":"product_cat-marca","8":"product_cat-pinocho","9":"product_cat-perceptual-y-motor-new","10":"product_cat-sensorial","11":"product_cat-valoracion-y-actividades-cognitivas","12":"product_tag-pinocho","14":"first","15":"onbackorder","16":"taxable","17":"shipping-taxable","18":"purchasable","19":"product-type-simple"},"acf":[],"_links":{"self":[{"href":"https:\/\/www.zannasalud.com\/tienda\/wp-json\/wp\/v2\/product\/31335","targetHints":{"allow":["GET"]}}],"collection":[{"href":"https:\/\/www.zannasalud.com\/tienda\/wp-json\/wp\/v2\/product"}],"about":[{"href":"https:\/\/www.zannasalud.com\/tienda\/wp-json\/wp\/v2\/types\/product"}],"wp:attachment":[{"href":"https:\/\/www.zannasalud.com\/tienda\/wp-json\/wp\/v2\/media?parent=31335"}],"wp:term":[{"taxonomy":"product_brand","embeddable":true,"href":"https:\/\/www.zannasalud.com\/tienda\/wp-json\/wp\/v2\/product_brand?post=31335"},{"taxonomy":"product_cat","embeddable":true,"href":"https:\/\/www.zannasalud.com\/tienda\/wp-json\/wp\/v2\/product_cat?post=31335"},{"taxonomy":"product_tag","embeddable":true,"href":"https:\/\/www.zannasalud.com\/tienda\/wp-json\/wp\/v2\/product_tag?post=31335"}],"curies":[{"name":"wp","href":"https:\/\/api.w.org\/{rel}","templated":true}]}}