{"id":31334,"date":"2020-11-18T20:25:56","date_gmt":"2020-11-18T20:25:56","guid":{"rendered":"https:\/\/silver-louse-480719.hostingersite.com\/tienda\/producto\/juego-necesidades-educativas-especiales-ref-zapi046\/"},"modified":"2024-04-08T19:04:32","modified_gmt":"2024-04-08T19:04:32","slug":"juego-necesidades-educativas-especiales-ref-zapi046","status":"publish","type":"product","link":"https:\/\/www.zannasalud.com\/tienda\/producto\/juego-necesidades-educativas-especiales-ref-zapi046\/","title":{"rendered":"JUEGO NECESIDADES EDUCATIVAS ESPECIALES REF. ZAPI046"},"content":{"rendered":"<div id=\"goog-gt-tt\" class=\"skiptranslate\" dir=\"ltr\">\n<div style=\"padding: 8px;\">Conformado por figuras tales como loter\u00edas de lengua de se\u00f1as y concentraci\u00f3n, Tableros de animales domesticos, Medios de Transporte, domino de palabras, Finca did\u00e1ctica,Juego de laberintos, n\u00fameros encajables.<\/p>\n<div><\/div>\n<\/div>\n<\/div>\n<div class=\"goog-te-spinner-pos\">\n<div class=\"goog-te-spinner-animation\"><\/div>\n<\/div>\n","protected":false},"excerpt":{"rendered":"<p>Conformado por figuras tales como loter\u00edas de lengua de se\u00f1as y concentraci\u00f3n, Tableros de animales domesticos, Medios de Transporte, domino de palabras, Finca did\u00e1ctica,Juego de laberintos, n\u00fameros encajables.<\/p>\n","protected":false},"featured_media":0,"template":"","meta":{"_acf_changed":false,"content-type":""},"product_brand":[],"product_cat":[13441,13516,13255,13517,13443,13442,13447],"product_tag":[12990],"class_list":{"0":"post-31334","1":"product","2":"type-product","3":"status-publish","5":"product_cat-evaluacion-cognitiva","6":"product_cat-juegos-didacticos","7":"product_cat-marca","8":"product_cat-pinocho","9":"product_cat-perceptual-y-motor-new","10":"product_cat-sensorial","11":"product_cat-valoracion-y-actividades-cognitivas","12":"product_tag-pinocho","14":"first","15":"onbackorder","16":"taxable","17":"shipping-taxable","18":"purchasable","19":"product-type-simple"},"acf":[],"_links":{"self":[{"href":"https:\/\/www.zannasalud.com\/tienda\/wp-json\/wp\/v2\/product\/31334","targetHints":{"allow":["GET"]}}],"collection":[{"href":"https:\/\/www.zannasalud.com\/tienda\/wp-json\/wp\/v2\/product"}],"about":[{"href":"https:\/\/www.zannasalud.com\/tienda\/wp-json\/wp\/v2\/types\/product"}],"wp:attachment":[{"href":"https:\/\/www.zannasalud.com\/tienda\/wp-json\/wp\/v2\/media?parent=31334"}],"wp:term":[{"taxonomy":"product_brand","embeddable":true,"href":"https:\/\/www.zannasalud.com\/tienda\/wp-json\/wp\/v2\/product_brand?post=31334"},{"taxonomy":"product_cat","embeddable":true,"href":"https:\/\/www.zannasalud.com\/tienda\/wp-json\/wp\/v2\/product_cat?post=31334"},{"taxonomy":"product_tag","embeddable":true,"href":"https:\/\/www.zannasalud.com\/tienda\/wp-json\/wp\/v2\/product_tag?post=31334"}],"curies":[{"name":"wp","href":"https:\/\/api.w.org\/{rel}","templated":true}]}}