{"id":31328,"date":"2020-11-18T20:25:56","date_gmt":"2020-11-18T20:25:56","guid":{"rendered":"https:\/\/silver-louse-480719.hostingersite.com\/tienda\/producto\/basa-evaluacion-boston-para-afasia-severa-ref-zasa9204-02\/"},"modified":"2024-04-08T19:04:31","modified_gmt":"2024-04-08T19:04:31","slug":"basa-evaluacion-boston-para-afasia-severa-ref-zasa9204-02","status":"publish","type":"product","link":"https:\/\/www.zannasalud.com\/tienda\/producto\/basa-evaluacion-boston-para-afasia-severa-ref-zasa9204-02\/","title":{"rendered":"BASA, EVALUACI\u00d3N BOSTON PARA AFASIA SEVERA REF. ZASA9204-02"},"content":{"rendered":"<div id=\"goog-gt-tt\" class=\"skiptranslate\" dir=\"ltr\">\n<div style=\"padding: 8px;\">Dise\u00f1ado para ser suministrado a pacientes post-stroke, poco despu\u00e9s de la aparici\u00f3n de los s\u00edntomas. Las sondas BASA probaron las habilidades ling\u00fc\u00edsticas de las personas con afasia grave y proporciona informaci\u00f3n diagn\u00f3stica necesaria para el tratamiento inmediato. <\/p>\n<p>Ver catalogo electronico para mayor informaci\u00f3n<br \/>\ninfo@silver-louse-480719.hostingersite.com<\/p>\n<div><\/div>\n<\/div>\n<\/div>\n<div class=\"goog-te-spinner-pos\">\n<div class=\"goog-te-spinner-animation\"><\/div>\n<\/div>\n","protected":false},"excerpt":{"rendered":"<p>Dise\u00f1ado para ser suministrado a pacientes post-stroke, poco despu\u00e9s de la aparici\u00f3n de los s\u00edntomas. Las sondas BASA probaron las habilidades ling\u00fc\u00edsticas de las personas con afasia grave y proporciona informaci\u00f3n diagn\u00f3stica necesaria para el tratamiento inmediato. <\/p>\n<p>Ver catalogo electronico para mayor informaci\u00f3n<br \/>\ninfo@silver-louse-480719.hostingersite.com<\/p>\n","protected":false},"featured_media":10589,"template":"","meta":{"_acf_changed":false,"content-type":""},"product_brand":[],"product_cat":[13441,13513,13255,13313,13443,13442,13448],"product_tag":[12003],"class_list":{"0":"post-31328","1":"product","2":"type-product","3":"status-publish","4":"has-post-thumbnail","6":"product_cat-evaluacion-cognitiva","7":"product_cat-evaluacion-terapia","8":"product_cat-marca","9":"product_cat-patterson-medical","10":"product_cat-perceptual-y-motor-new","11":"product_cat-sensorial","12":"product_cat-test","13":"product_tag-patterson-medical","15":"first","16":"onbackorder","17":"taxable","18":"shipping-taxable","19":"purchasable","20":"product-type-simple"},"acf":[],"_links":{"self":[{"href":"https:\/\/www.zannasalud.com\/tienda\/wp-json\/wp\/v2\/product\/31328","targetHints":{"allow":["GET"]}}],"collection":[{"href":"https:\/\/www.zannasalud.com\/tienda\/wp-json\/wp\/v2\/product"}],"about":[{"href":"https:\/\/www.zannasalud.com\/tienda\/wp-json\/wp\/v2\/types\/product"}],"wp:featuredmedia":[{"embeddable":true,"href":"https:\/\/www.zannasalud.com\/tienda\/wp-json\/wp\/v2\/media\/10589"}],"wp:attachment":[{"href":"https:\/\/www.zannasalud.com\/tienda\/wp-json\/wp\/v2\/media?parent=31328"}],"wp:term":[{"taxonomy":"product_brand","embeddable":true,"href":"https:\/\/www.zannasalud.com\/tienda\/wp-json\/wp\/v2\/product_brand?post=31328"},{"taxonomy":"product_cat","embeddable":true,"href":"https:\/\/www.zannasalud.com\/tienda\/wp-json\/wp\/v2\/product_cat?post=31328"},{"taxonomy":"product_tag","embeddable":true,"href":"https:\/\/www.zannasalud.com\/tienda\/wp-json\/wp\/v2\/product_tag?post=31328"}],"curies":[{"name":"wp","href":"https:\/\/api.w.org\/{rel}","templated":true}]}}