{"id":31321,"date":"2020-11-18T20:25:49","date_gmt":"2020-11-18T20:25:49","guid":{"rendered":"https:\/\/silver-louse-480719.hostingersite.com\/tienda\/producto\/test-mvpt-3-prueba-de-percepcion-visual-motora-gratuito-de-tercera-edicion-ref-zasa5667-52\/"},"modified":"2024-04-08T19:04:31","modified_gmt":"2024-04-08T19:04:31","slug":"test-mvpt-3-prueba-de-percepcion-visual-motora-gratuito-de-tercera-edicion-ref-zasa5667-52","status":"publish","type":"product","link":"https:\/\/www.zannasalud.com\/tienda\/producto\/test-mvpt-3-prueba-de-percepcion-visual-motora-gratuito-de-tercera-edicion-ref-zasa5667-52\/","title":{"rendered":"TEST MVPT-3 PRUEBA DE PERCEPCI\u00d3N VISUAL MOTORA GRATUITO DE, TERCERA EDICI\u00d3N REF. ZASA5667-52"},"content":{"rendered":"<div id=\"goog-gt-tt\" class=\"skiptranslate\" dir=\"ltr\">\n<div style=\"padding: 8px;\">Eval\u00faa la capacidad visual perceptual de un individuo sin ning\u00fan tipo de afectaci\u00f3n motora necesaria para dar una respuesta.<\/p>\n<p>Ver catalogo electronico para mayor informaci\u00f3n<br \/>\ninfo@silver-louse-480719.hostingersite.com<\/p>\n<div><\/div>\n<\/div>\n<\/div>\n<div class=\"goog-te-spinner-pos\">\n<div class=\"goog-te-spinner-animation\"><\/div>\n<\/div>\n","protected":false},"excerpt":{"rendered":"<p>Eval\u00faa la capacidad visual perceptual de un individuo sin ning\u00fan tipo de afectaci\u00f3n motora necesaria para dar una respuesta.<\/p>\n<p>Ver catalogo electronico para mayor informaci\u00f3n<br \/>\ninfo@silver-louse-480719.hostingersite.com<\/p>\n","protected":false},"featured_media":0,"template":"","meta":{"_acf_changed":false,"content-type":""},"product_brand":[],"product_cat":[13441,13513,13255,13313,13443,13442,13448],"product_tag":[12003],"class_list":{"0":"post-31321","1":"product","2":"type-product","3":"status-publish","5":"product_cat-evaluacion-cognitiva","6":"product_cat-evaluacion-terapia","7":"product_cat-marca","8":"product_cat-patterson-medical","9":"product_cat-perceptual-y-motor-new","10":"product_cat-sensorial","11":"product_cat-test","12":"product_tag-patterson-medical","14":"first","15":"onbackorder","16":"taxable","17":"shipping-taxable","18":"purchasable","19":"product-type-simple"},"acf":[],"_links":{"self":[{"href":"https:\/\/www.zannasalud.com\/tienda\/wp-json\/wp\/v2\/product\/31321","targetHints":{"allow":["GET"]}}],"collection":[{"href":"https:\/\/www.zannasalud.com\/tienda\/wp-json\/wp\/v2\/product"}],"about":[{"href":"https:\/\/www.zannasalud.com\/tienda\/wp-json\/wp\/v2\/types\/product"}],"wp:attachment":[{"href":"https:\/\/www.zannasalud.com\/tienda\/wp-json\/wp\/v2\/media?parent=31321"}],"wp:term":[{"taxonomy":"product_brand","embeddable":true,"href":"https:\/\/www.zannasalud.com\/tienda\/wp-json\/wp\/v2\/product_brand?post=31321"},{"taxonomy":"product_cat","embeddable":true,"href":"https:\/\/www.zannasalud.com\/tienda\/wp-json\/wp\/v2\/product_cat?post=31321"},{"taxonomy":"product_tag","embeddable":true,"href":"https:\/\/www.zannasalud.com\/tienda\/wp-json\/wp\/v2\/product_tag?post=31321"}],"curies":[{"name":"wp","href":"https:\/\/api.w.org\/{rel}","templated":true}]}}