{"id":31315,"date":"2020-11-18T20:25:49","date_gmt":"2020-11-18T20:25:49","guid":{"rendered":"https:\/\/silver-louse-480719.hostingersite.com\/tienda\/producto\/pipe-tree-ref-zafab10-0766\/"},"modified":"2025-04-04T14:31:17","modified_gmt":"2025-04-04T14:31:17","slug":"pipe-tree-ref-zafab10-0766","status":"publish","type":"product","link":"https:\/\/www.zannasalud.com\/tienda\/producto\/pipe-tree-ref-zafab10-0766\/","title":{"rendered":"PIPE-TREE REF. ZAFAB10-0766"},"content":{"rendered":"<p>Ejercitador de \u00e1rbol de tubos para coordinaci\u00f3n bilateral, resoluci\u00f3n de problemas. Incluye 31 piezas de tuber\u00eda de PVC de 1\/2&#8243;. La cubierta incorpora un tubo de PVC engastado y se utiliza como base de construcci\u00f3n; Se adapta a todas las tuber\u00edas para un almacenamiento conveniente.<\/p>\n","protected":false},"excerpt":{"rendered":"<p>Kit de construcci\u00f3n con tubos de PVC para coordinaci\u00f3n y habilidades motoras<\/p>\n","protected":false},"featured_media":10572,"template":"","meta":{"_acf_changed":false,"content-type":""},"product_brand":[],"product_cat":[13441,13513,13255,13311,13443,13442,13515],"product_tag":[11858],"class_list":{"0":"post-31315","1":"product","2":"type-product","3":"status-publish","4":"has-post-thumbnail","6":"product_cat-evaluacion-cognitiva","7":"product_cat-evaluacion-terapia","8":"product_cat-marca","9":"product_cat-fabrication-enterpreses","10":"product_cat-perceptual-y-motor-new","11":"product_cat-sensorial","12":"product_cat-valoracion-motricidad-fina-y-gruesa","13":"product_tag-fabrication-enterpreses","15":"first","16":"onbackorder","17":"taxable","18":"shipping-taxable","19":"purchasable","20":"product-type-simple"},"acf":[],"_links":{"self":[{"href":"https:\/\/www.zannasalud.com\/tienda\/wp-json\/wp\/v2\/product\/31315","targetHints":{"allow":["GET"]}}],"collection":[{"href":"https:\/\/www.zannasalud.com\/tienda\/wp-json\/wp\/v2\/product"}],"about":[{"href":"https:\/\/www.zannasalud.com\/tienda\/wp-json\/wp\/v2\/types\/product"}],"wp:featuredmedia":[{"embeddable":true,"href":"https:\/\/www.zannasalud.com\/tienda\/wp-json\/wp\/v2\/media\/10572"}],"wp:attachment":[{"href":"https:\/\/www.zannasalud.com\/tienda\/wp-json\/wp\/v2\/media?parent=31315"}],"wp:term":[{"taxonomy":"product_brand","embeddable":true,"href":"https:\/\/www.zannasalud.com\/tienda\/wp-json\/wp\/v2\/product_brand?post=31315"},{"taxonomy":"product_cat","embeddable":true,"href":"https:\/\/www.zannasalud.com\/tienda\/wp-json\/wp\/v2\/product_cat?post=31315"},{"taxonomy":"product_tag","embeddable":true,"href":"https:\/\/www.zannasalud.com\/tienda\/wp-json\/wp\/v2\/product_tag?post=31315"}],"curies":[{"name":"wp","href":"https:\/\/api.w.org\/{rel}","templated":true}]}}