{"id":31313,"date":"2020-11-18T20:25:49","date_gmt":"2020-11-18T20:25:49","guid":{"rendered":"https:\/\/silver-louse-480719.hostingersite.com\/tienda\/producto\/banco-de-trabajo-ref-zafab10-1163\/"},"modified":"2024-04-08T19:04:30","modified_gmt":"2024-04-08T19:04:30","slug":"banco-de-trabajo-ref-zafab10-1163","status":"publish","type":"product","link":"https:\/\/www.zannasalud.com\/tienda\/producto\/banco-de-trabajo-ref-zafab10-1163\/","title":{"rendered":"BANCO DE TRABAJO REF. ZAFAB10-1163"},"content":{"rendered":"<div id=\"goog-gt-tt\" class=\"skiptranslate\" dir=\"ltr\">\n<div style=\"padding: 8px;\">Ideal para mejorar la fuerza y la resistencia de hombros, codos, mu\u00f1ecas y manos as\u00ed como tambi\u00e9n la coordinaci\u00f3n motora fina. <\/p>\n<p>Ver catalogo electronico para mayor informaci\u00f3n<br \/>\ninfo@silver-louse-480719.hostingersite.com<\/p>\n<div><\/div>\n<\/div>\n<\/div>\n<div class=\"goog-te-spinner-pos\">\n<div class=\"goog-te-spinner-animation\"><\/div>\n<\/div>\n","protected":false},"excerpt":{"rendered":"<p>Ideal para mejorar la fuerza y la resistencia de hombros, codos, mu\u00f1ecas y manos as\u00ed como tambi\u00e9n la coordinaci\u00f3n motora fina. <\/p>\n<p>Ver catalogo electronico para mayor informaci\u00f3n<br \/>\ninfo@silver-louse-480719.hostingersite.com<\/p>\n","protected":false},"featured_media":4817,"template":"","meta":{"_acf_changed":false,"content-type":""},"product_brand":[],"product_cat":[13441,13513,13255,13311,13443,13442,13515],"product_tag":[11858],"class_list":{"0":"post-31313","1":"product","2":"type-product","3":"status-publish","4":"has-post-thumbnail","6":"product_cat-evaluacion-cognitiva","7":"product_cat-evaluacion-terapia","8":"product_cat-marca","9":"product_cat-fabrication-enterpreses","10":"product_cat-perceptual-y-motor-new","11":"product_cat-sensorial","12":"product_cat-valoracion-motricidad-fina-y-gruesa","13":"product_tag-fabrication-enterpreses","15":"first","16":"onbackorder","17":"taxable","18":"shipping-taxable","19":"purchasable","20":"product-type-simple"},"acf":[],"_links":{"self":[{"href":"https:\/\/www.zannasalud.com\/tienda\/wp-json\/wp\/v2\/product\/31313","targetHints":{"allow":["GET"]}}],"collection":[{"href":"https:\/\/www.zannasalud.com\/tienda\/wp-json\/wp\/v2\/product"}],"about":[{"href":"https:\/\/www.zannasalud.com\/tienda\/wp-json\/wp\/v2\/types\/product"}],"wp:featuredmedia":[{"embeddable":true,"href":"https:\/\/www.zannasalud.com\/tienda\/wp-json\/wp\/v2\/media\/4817"}],"wp:attachment":[{"href":"https:\/\/www.zannasalud.com\/tienda\/wp-json\/wp\/v2\/media?parent=31313"}],"wp:term":[{"taxonomy":"product_brand","embeddable":true,"href":"https:\/\/www.zannasalud.com\/tienda\/wp-json\/wp\/v2\/product_brand?post=31313"},{"taxonomy":"product_cat","embeddable":true,"href":"https:\/\/www.zannasalud.com\/tienda\/wp-json\/wp\/v2\/product_cat?post=31313"},{"taxonomy":"product_tag","embeddable":true,"href":"https:\/\/www.zannasalud.com\/tienda\/wp-json\/wp\/v2\/product_tag?post=31313"}],"curies":[{"name":"wp","href":"https:\/\/api.w.org\/{rel}","templated":true}]}}