{"id":31308,"date":"2020-11-18T20:25:49","date_gmt":"2020-11-18T20:25:49","guid":{"rendered":"https:\/\/silver-louse-480719.hostingersite.com\/tienda\/producto\/lafayette-pegboard-ref-zafab12-3005\/"},"modified":"2025-04-04T14:31:15","modified_gmt":"2025-04-04T14:31:15","slug":"lafayette-pegboard-ref-zafab12-3005","status":"publish","type":"product","link":"https:\/\/www.zannasalud.com\/tienda\/producto\/lafayette-pegboard-ref-zafab12-3005\/","title":{"rendered":"LAFAYETTE\u00ae PEGBOARD REF. ZAFAB12-3005"},"content":{"rendered":"<p>Tablero perforado Lafayette dise\u00f1ado para medir una respuesta motora unilateral temporizada. El sujeto coloca 25 clavijas en agujeros redondos lo m\u00e1s r\u00e1pido posible a lo largo de las filas.<\/p>\n","protected":false},"excerpt":{"rendered":"<p>Producto para evaluaci\u00f3n de habilidades motoras finas<\/p>\n","protected":false},"featured_media":4926,"template":"","meta":{"_acf_changed":false,"content-type":""},"product_brand":[],"product_cat":[13441,13513,13255,13311,13443,13442,13515],"product_tag":[11858],"class_list":{"0":"post-31308","1":"product","2":"type-product","3":"status-publish","4":"has-post-thumbnail","6":"product_cat-evaluacion-cognitiva","7":"product_cat-evaluacion-terapia","8":"product_cat-marca","9":"product_cat-fabrication-enterpreses","10":"product_cat-perceptual-y-motor-new","11":"product_cat-sensorial","12":"product_cat-valoracion-motricidad-fina-y-gruesa","13":"product_tag-fabrication-enterpreses","15":"first","16":"onbackorder","17":"taxable","18":"shipping-taxable","19":"purchasable","20":"product-type-simple"},"acf":[],"_links":{"self":[{"href":"https:\/\/www.zannasalud.com\/tienda\/wp-json\/wp\/v2\/product\/31308","targetHints":{"allow":["GET"]}}],"collection":[{"href":"https:\/\/www.zannasalud.com\/tienda\/wp-json\/wp\/v2\/product"}],"about":[{"href":"https:\/\/www.zannasalud.com\/tienda\/wp-json\/wp\/v2\/types\/product"}],"wp:featuredmedia":[{"embeddable":true,"href":"https:\/\/www.zannasalud.com\/tienda\/wp-json\/wp\/v2\/media\/4926"}],"wp:attachment":[{"href":"https:\/\/www.zannasalud.com\/tienda\/wp-json\/wp\/v2\/media?parent=31308"}],"wp:term":[{"taxonomy":"product_brand","embeddable":true,"href":"https:\/\/www.zannasalud.com\/tienda\/wp-json\/wp\/v2\/product_brand?post=31308"},{"taxonomy":"product_cat","embeddable":true,"href":"https:\/\/www.zannasalud.com\/tienda\/wp-json\/wp\/v2\/product_cat?post=31308"},{"taxonomy":"product_tag","embeddable":true,"href":"https:\/\/www.zannasalud.com\/tienda\/wp-json\/wp\/v2\/product_tag?post=31308"}],"curies":[{"name":"wp","href":"https:\/\/api.w.org\/{rel}","templated":true}]}}