{"id":31288,"date":"2020-11-18T20:25:41","date_gmt":"2020-11-18T20:25:41","guid":{"rendered":"https:\/\/silver-louse-480719.hostingersite.com\/tienda\/producto\/productos-para-masaje-ref-zasa559919\/"},"modified":"2024-04-08T19:04:28","modified_gmt":"2024-04-08T19:04:28","slug":"productos-para-masaje-ref-zasa559919","status":"publish","type":"product","link":"https:\/\/www.zannasalud.com\/tienda\/producto\/productos-para-masaje-ref-zasa559919\/","title":{"rendered":"PRODUCTOS PARA MASAJE\n REF. ZASA559919"},"content":{"rendered":"<div id=\"goog-gt-tt\" class=\"skiptranslate\" dir=\"ltr\">\n<div style=\"padding: 8px;\">F\u00e1cil de coger, est\u00e1n dise\u00f1ados con golpes suaves. Proporciona una experiencia agradable terapia de tacto, ayuda en la circulaci\u00f3n y desensibiliza cicatrices. Puede ser utilizado en combinaci\u00f3n wtih ejercicio, los ojos o de la coordinaci\u00f3n mano-ojo-pie, el fortalecimiento de la mano, la estimulaci\u00f3n tacile y la socializaci\u00f3n<\/p>\n<div><\/div>\n<\/div>\n<\/div>\n<div class=\"goog-te-spinner-pos\">\n<div class=\"goog-te-spinner-animation\"><\/div>\n<\/div>\n","protected":false},"excerpt":{"rendered":"<p>F\u00e1cil de coger, est\u00e1n dise\u00f1ados con golpes suaves. Proporciona una experiencia agradable terapia de tacto, ayuda en la circulaci\u00f3n y desensibiliza cicatrices. Puede ser utilizado en combinaci\u00f3n wtih ejercicio, los ojos o de la coordinaci\u00f3n mano-ojo-pie, el fortalecimiento de la mano, la estimulaci\u00f3n tacile y la socializaci\u00f3n<\/p>\n","protected":false},"featured_media":5093,"template":"","meta":{"_acf_changed":false,"content-type":""},"product_brand":[],"product_cat":[13441,13255,13313,13443,13487,13442,13511],"product_tag":[12003],"class_list":{"0":"post-31288","1":"product","2":"type-product","3":"status-publish","4":"has-post-thumbnail","6":"product_cat-evaluacion-cognitiva","7":"product_cat-marca","8":"product_cat-patterson-medical","9":"product_cat-perceptual-y-motor-new","10":"product_cat-productos-sensoriales","11":"product_cat-sensorial","12":"product_cat-tactil-y-dexteridad","13":"product_tag-patterson-medical","15":"first","16":"onbackorder","17":"taxable","18":"shipping-taxable","19":"purchasable","20":"product-type-simple"},"acf":[],"_links":{"self":[{"href":"https:\/\/www.zannasalud.com\/tienda\/wp-json\/wp\/v2\/product\/31288","targetHints":{"allow":["GET"]}}],"collection":[{"href":"https:\/\/www.zannasalud.com\/tienda\/wp-json\/wp\/v2\/product"}],"about":[{"href":"https:\/\/www.zannasalud.com\/tienda\/wp-json\/wp\/v2\/types\/product"}],"wp:featuredmedia":[{"embeddable":true,"href":"https:\/\/www.zannasalud.com\/tienda\/wp-json\/wp\/v2\/media\/5093"}],"wp:attachment":[{"href":"https:\/\/www.zannasalud.com\/tienda\/wp-json\/wp\/v2\/media?parent=31288"}],"wp:term":[{"taxonomy":"product_brand","embeddable":true,"href":"https:\/\/www.zannasalud.com\/tienda\/wp-json\/wp\/v2\/product_brand?post=31288"},{"taxonomy":"product_cat","embeddable":true,"href":"https:\/\/www.zannasalud.com\/tienda\/wp-json\/wp\/v2\/product_cat?post=31288"},{"taxonomy":"product_tag","embeddable":true,"href":"https:\/\/www.zannasalud.com\/tienda\/wp-json\/wp\/v2\/product_tag?post=31288"}],"curies":[{"name":"wp","href":"https:\/\/api.w.org\/{rel}","templated":true}]}}