{"id":31282,"date":"2020-11-18T20:25:33","date_gmt":"2020-11-18T20:25:33","guid":{"rendered":"https:\/\/silver-louse-480719.hostingersite.com\/tienda\/producto\/aromaterapia-set-ref-zaex769891\/"},"modified":"2024-04-08T19:04:27","modified_gmt":"2024-04-08T19:04:27","slug":"aromaterapia-set-ref-zaex769891","status":"publish","type":"product","link":"https:\/\/www.zannasalud.com\/tienda\/producto\/aromaterapia-set-ref-zaex769891\/","title":{"rendered":"AROMATERAPIA SET REF. ZAEX769891"},"content":{"rendered":"<div id=\"goog-gt-tt\" class=\"skiptranslate\" dir=\"ltr\">\n<div style=\"padding: 8px;\">Bi-proyector de estrellas y c\u00famulos espaciales de la v\u00eda l\u00e1ctea con tecnolog\u00eda hologr\u00e1fica para crear la sensaci\u00f3n de espacio sideral. Este proyector llena cualquier espacio oscuro con un espect\u00e1culo de estrellas animadas y formaci\u00f3n de nubes con movimiento. Incluye herrajes de instalaci\u00f3n a base\/pared\/conexi\u00f3n el\u00e9ctrica. Importado Tecnolog\u00eda europea.<\/p>\n<div><\/div>\n<\/div>\n<\/div>\n<div class=\"goog-te-spinner-pos\">\n<div class=\"goog-te-spinner-animation\"><\/div>\n<\/div>\n","protected":false},"excerpt":{"rendered":"<p>Bi-proyector de estrellas y c\u00famulos espaciales de la v\u00eda l\u00e1ctea con tecnolog\u00eda hologr\u00e1fica para crear la sensaci\u00f3n de espacio sideral. Este proyector llena cualquier espacio oscuro con un espect\u00e1culo de estrellas animadas y formaci\u00f3n de nubes con movimiento. Incluye herrajes de instalaci\u00f3n a base\/pared\/conexi\u00f3n el\u00e9ctrica. Importado Tecnolog\u00eda europea.<\/p>\n","protected":false},"featured_media":5103,"template":"","meta":{"_acf_changed":false,"content-type":""},"product_brand":[],"product_cat":[13508,13441,13255,13496,13443,13507,13442],"product_tag":[12945],"class_list":{"0":"post-31282","1":"product","2":"type-product","3":"status-publish","4":"has-post-thumbnail","6":"product_cat-aromaterapia","7":"product_cat-evaluacion-cognitiva","8":"product_cat-marca","9":"product_cat-experia","10":"product_cat-perceptual-y-motor-new","11":"product_cat-relajacion","12":"product_cat-sensorial","13":"product_tag-experia","15":"first","16":"onbackorder","17":"taxable","18":"shipping-taxable","19":"purchasable","20":"product-type-simple"},"acf":[],"_links":{"self":[{"href":"https:\/\/www.zannasalud.com\/tienda\/wp-json\/wp\/v2\/product\/31282","targetHints":{"allow":["GET"]}}],"collection":[{"href":"https:\/\/www.zannasalud.com\/tienda\/wp-json\/wp\/v2\/product"}],"about":[{"href":"https:\/\/www.zannasalud.com\/tienda\/wp-json\/wp\/v2\/types\/product"}],"wp:featuredmedia":[{"embeddable":true,"href":"https:\/\/www.zannasalud.com\/tienda\/wp-json\/wp\/v2\/media\/5103"}],"wp:attachment":[{"href":"https:\/\/www.zannasalud.com\/tienda\/wp-json\/wp\/v2\/media?parent=31282"}],"wp:term":[{"taxonomy":"product_brand","embeddable":true,"href":"https:\/\/www.zannasalud.com\/tienda\/wp-json\/wp\/v2\/product_brand?post=31282"},{"taxonomy":"product_cat","embeddable":true,"href":"https:\/\/www.zannasalud.com\/tienda\/wp-json\/wp\/v2\/product_cat?post=31282"},{"taxonomy":"product_tag","embeddable":true,"href":"https:\/\/www.zannasalud.com\/tienda\/wp-json\/wp\/v2\/product_tag?post=31282"}],"curies":[{"name":"wp","href":"https:\/\/api.w.org\/{rel}","templated":true}]}}