{"id":31278,"date":"2020-11-18T20:25:33","date_gmt":"2020-11-18T20:25:33","guid":{"rendered":"https:\/\/silver-louse-480719.hostingersite.com\/tienda\/producto\/caminadora-run-2011-tro-runner-tecnologia-europea-ref-zarun2011-tro\/"},"modified":"2024-04-08T19:04:27","modified_gmt":"2024-04-08T19:04:27","slug":"caminadora-run-2011-tro-runner-tecnologia-europea-ref-zarun2011-tro","status":"publish","type":"product","link":"https:\/\/www.zannasalud.com\/tienda\/producto\/caminadora-run-2011-tro-runner-tecnologia-europea-ref-zarun2011-tro\/","title":{"rendered":"CAMINADORA RUN 2011\/TRO RUNNER. Tecnologia Europea. REF.ZARUN2011 \/ TRO"},"content":{"rendered":"<div id=\"goog-gt-tt\" class=\"skiptranslate\" dir=\"ltr\">\n<div style=\"padding: 8px;\">Incluye:<br \/>\nPasamanos largos, debajo de brazos y asiento.<br \/>\nDatos Tecnicos.<br \/>\nDimensiones:<br \/>\n&#8211; Ancho: 70 cm<br \/>\n&#8211; Longitud: 188 cm<br \/>\n&#8211; Altura: 142 cm<br \/>\nPeso: 145 kgs <\/p>\n<p>Especificaciones t\u00e9cnicas:<br \/>\n&#8211; Consola TFT de 10.1&#8243; de pantalla t\u00e1ctil;<br \/>\n&#8211; Pc Brazo A7 de doble n\u00facleo del sistema operativo Linux Debian 7.0;<br \/>\n&#8211; USB;<br \/>\n&#8211; Wifi;<br \/>\n&#8211; Salida RS232 (protocolo Trackmaster);<br \/>\n&#8211; Velocidad m\u00e1xima al 20 km \/ h;<br \/>\n&#8211; Velocidad m\u00ednima 0,1 kmh;<br \/>\n&#8211; Incremento de velocidad 0,1 kmh;<br \/>\n&#8211; Inclinaci\u00f3n Max 22%;<br \/>\n&#8211; Inclinaci\u00f3n Min 0%;<br \/>\n&#8211; Inclinaci\u00f3n incrementa 0,5 \/ 1%;<br \/>\n&#8211; Regulaci\u00f3n electr\u00f3nica de la velocidad e inclinaci\u00f3n;<br \/>\n&#8211; Grabaci\u00f3n de Cardio: empu\u00f1adura + cintur\u00f3n de pecho;<br \/>\n&#8211; Autocentrante sistema de cintur\u00f3n;<br \/>\n&#8211; Sistema de cintur\u00f3n de auto-lubricaci\u00f3n;<br \/>\n&#8211; La superficie de marcha: 140 x 48 cm;<br \/>\n&#8211; Transformador 1700 VA;<br \/>\n&#8211; Inversor 1,5 kW;<br \/>\n&#8211; Fuente de alimentaci\u00f3n de 220 ~ 240 V CA 50\/60 Hz 10A;<br \/>\n&#8211; Circuito auxiliar de inclinaci\u00f3n: 18 Vac;<br \/>\n&#8211; Circuito auxiliar de la consola: 12 Vcc;<br \/>\n&#8211; Potencia del motor (pico m\u00e1ximo) 5 HP (AC);<br \/>\n&#8211; Potencia absorbida a la velocidad m\u00e1xima 2000 VA;<br \/>\n&#8211; Nominal potencia absorbida 1500 VA;<br \/>\n&#8211; Ruido <30 dB; \n- Tablero amortiguado; \n- Manual del usuario peso m\u00e1ximo de 150 kg; \n- Bot\u00f3n de parada de emergencia ; \n- Certificado de conformidad con EEC93 \/ 42 Regla (dispositivo m\u00e9dico); \n\nAccesorios estandar: \n- Ruedas para el movimiento; \n- Banda para el pecho; \n- Los equipos de servicio; \n- pasamanos tama\u00f1o largo; \n- Bajo kit de brazo; \n- Ajustable y asiento desmontable; \n\nAccesorios Opcionales: \n- Sistema de arn\u00e9s; \n- Rampa; \n- RunnerConnect Software; \n- Inclinaci\u00f3n -3% \/ + 19%; \n- Funciones de la consola (imagen 1): \n- Manual de uso (figura 2);\n\n\n<div><\/div>\n<\/div>\n<\/div>\n<div class=\"goog-te-spinner-pos\">\n<div class=\"goog-te-spinner-animation\"><\/div>\n<\/div>\n","protected":false},"excerpt":{"rendered":"<p>Incluye:<br \/>\nPasamanos largos, debajo de brazos y asiento.<br \/>\nDatos Tecnicos.<br \/>\nDimensiones:<br \/>\n&#8211; Ancho: 70 cm<br \/>\n&#8211; Longitud: 188 cm<br \/>\n&#8211; Altura: 142 cm<br \/>\nPeso: 145 kgs <\/p>\n<p>Especificaciones t\u00e9cnicas:<br \/>\n&#8211; Consola TFT de 10.1&#8243; de pantalla t\u00e1ctil;<br \/>\n&#8211; Pc Brazo A7 de doble n\u00facleo del sistema operativo Linux Debian 7.0;<br \/>\n&#8211; USB;<br \/>\n&#8211; Wifi;<br \/>\n&#8211; Salida RS232 (protocolo Trackmaster);<br \/>\n&#8211; Velocidad m\u00e1xima al 20 km \/ h;<br \/>\n&#8211; Velocidad m\u00ednima 0,1 kmh;<br \/>\n&#8211; Incremento de velocidad 0,1 kmh;<br \/>\n&#8211; Inclinaci\u00f3n Max 22%;<br \/>\n&#8211; Inclinaci\u00f3n Min 0%;<br \/>\n&#8211; Inclinaci\u00f3n incrementa 0,5 \/ 1%;<br \/>\n&#8211; Regulaci\u00f3n electr\u00f3nica de la velocidad e inclinaci\u00f3n;<br \/>\n&#8211; Grabaci\u00f3n de Cardio: empu\u00f1adura + cintur\u00f3n de pecho;<br \/>\n&#8211; Autocentrante sistema de cintur\u00f3n;<br \/>\n&#8211; Sistema de cintur\u00f3n de auto-lubricaci\u00f3n;<br \/>\n&#8211; La superficie de marcha: 140 x 48 cm;<br \/>\n&#8211; Transformador 1700 VA;<br \/>\n&#8211; Inversor 1,5 kW;<br \/>\n&#8211; Fuente de alimentaci\u00f3n de 220 ~ 240 V CA 50\/60 Hz 10A;<br \/>\n&#8211; Circuito auxiliar de inclinaci\u00f3n: 18 Vac;<br \/>\n&#8211; Circuito auxiliar de la consola: 12 Vcc;<br \/>\n&#8211; Potencia del motor (pico m\u00e1ximo) 5 HP (AC);<br \/>\n&#8211; Potencia absorbida a la velocidad m\u00e1xima 2000 VA;<br \/>\n&#8211; Nominal potencia absorbida 1500 VA;<br \/>\n&#8211; Ruido <30 dB; \n- Tablero amortiguado; \n- Manual del usuario peso m\u00e1ximo de 150 kg; \n- Bot\u00f3n de parada de emergencia ; \n- Certificado de conformidad con EEC93 \/ 42 Regla (dispositivo m\u00e9dico); \n\nAccesorios estandar: \n- Ruedas para el movimiento; \n- Banda para el pecho; \n- Los equipos de servicio; \n- pasamanos tama\u00f1o largo; \n- Bajo kit de brazo; \n- Ajustable y asiento desmontable; \n\nAccesorios Opcionales: \n- Sistema de arn\u00e9s; \n- Rampa; \n- RunnerConnect Software; \n- Inclinaci\u00f3n -3% \/ + 19%; \n- Funciones de la consola (imagen 1): \n- Manual de uso (figura 2);\n<\/p>\n","protected":false},"featured_media":0,"template":"","meta":{"_acf_changed":false,"content-type":""},"product_brand":[],"product_cat":[13506,13369,13255,13383,13368],"product_tag":[12646],"class_list":{"0":"post-31278","1":"product","2":"type-product","3":"status-publish","5":"product_cat-caminadoras","6":"product_cat-maquinas-de-ejercicio-adulto","7":"product_cat-marca","8":"product_cat-runners","9":"product_cat-mecanoterapia","10":"product_tag-runners","12":"first","13":"onbackorder","14":"taxable","15":"shipping-taxable","16":"purchasable","17":"product-type-simple"},"acf":[],"_links":{"self":[{"href":"https:\/\/www.zannasalud.com\/tienda\/wp-json\/wp\/v2\/product\/31278","targetHints":{"allow":["GET"]}}],"collection":[{"href":"https:\/\/www.zannasalud.com\/tienda\/wp-json\/wp\/v2\/product"}],"about":[{"href":"https:\/\/www.zannasalud.com\/tienda\/wp-json\/wp\/v2\/types\/product"}],"wp:attachment":[{"href":"https:\/\/www.zannasalud.com\/tienda\/wp-json\/wp\/v2\/media?parent=31278"}],"wp:term":[{"taxonomy":"product_brand","embeddable":true,"href":"https:\/\/www.zannasalud.com\/tienda\/wp-json\/wp\/v2\/product_brand?post=31278"},{"taxonomy":"product_cat","embeddable":true,"href":"https:\/\/www.zannasalud.com\/tienda\/wp-json\/wp\/v2\/product_cat?post=31278"},{"taxonomy":"product_tag","embeddable":true,"href":"https:\/\/www.zannasalud.com\/tienda\/wp-json\/wp\/v2\/product_tag?post=31278"}],"curies":[{"name":"wp","href":"https:\/\/api.w.org\/{rel}","templated":true}]}}