{"id":31277,"date":"2020-11-18T20:25:33","date_gmt":"2020-11-18T20:25:33","guid":{"rendered":"https:\/\/silver-louse-480719.hostingersite.com\/tienda\/producto\/bandeja-activity-tray-ref-zawh5522-25\/"},"modified":"2024-04-08T19:04:27","modified_gmt":"2024-04-08T19:04:27","slug":"bandeja-activity-tray-ref-zawh5522-25","status":"publish","type":"product","link":"https:\/\/www.zannasalud.com\/tienda\/producto\/bandeja-activity-tray-ref-zawh5522-25\/","title":{"rendered":"BANDEJA ACTIVITY TRAY REF. ZAWH5522-25"},"content":{"rendered":"<div id=\"goog-gt-tt\" class=\"skiptranslate\" dir=\"ltr\">\n<div style=\"padding: 8px;\">Una alternativa eficaz en tablas de inclinaci\u00f3n est\u00e1ndar o caballetes. Tiene una repisa ajustable y cubierta de pl\u00e1stico duradero. <\/p>\n<p>Se ajusta f\u00e1cilmente a los 5 \u00b0, 20 \u00b0 o 75 \u00b0 \u00e1ngulos.<br \/>\nMedidas : 18 \u00abx 24\u00bb.<br \/>\nLibre de l\u00e1tex.<\/p>\n<div><\/div>\n<\/div>\n<\/div>\n<div class=\"goog-te-spinner-pos\">\n<div class=\"goog-te-spinner-animation\"><\/div>\n<\/div>\n","protected":false},"excerpt":{"rendered":"<p>Una alternativa eficaz en tablas de inclinaci\u00f3n est\u00e1ndar o caballetes. Tiene una repisa ajustable y cubierta de pl\u00e1stico duradero. <\/p>\n<p>Se ajusta f\u00e1cilmente a los 5 \u00b0, 20 \u00b0 o 75 \u00b0 \u00e1ngulos.<br \/>\nMedidas : 18 \u00abx 24\u00bb.<br \/>\nLibre de l\u00e1tex.<\/p>\n","protected":false},"featured_media":4957,"template":"","meta":{"_acf_changed":false,"content-type":""},"product_brand":[],"product_cat":[13441,13489,13444,13255,13269,13443,13442],"product_tag":[11698],"class_list":{"0":"post-31277","1":"product","2":"type-product","3":"status-publish","4":"has-post-thumbnail","6":"product_cat-evaluacion-cognitiva","7":"product_cat-kit-de-actividades","8":"product_cat-manipulativos","9":"product_cat-marca","10":"product_cat-wavehealth","11":"product_cat-perceptual-y-motor-new","12":"product_cat-sensorial","13":"product_tag-wavehealth","15":"first","16":"instock","17":"taxable","18":"shipping-taxable","19":"purchasable","20":"product-type-simple"},"acf":[],"_links":{"self":[{"href":"https:\/\/www.zannasalud.com\/tienda\/wp-json\/wp\/v2\/product\/31277","targetHints":{"allow":["GET"]}}],"collection":[{"href":"https:\/\/www.zannasalud.com\/tienda\/wp-json\/wp\/v2\/product"}],"about":[{"href":"https:\/\/www.zannasalud.com\/tienda\/wp-json\/wp\/v2\/types\/product"}],"wp:featuredmedia":[{"embeddable":true,"href":"https:\/\/www.zannasalud.com\/tienda\/wp-json\/wp\/v2\/media\/4957"}],"wp:attachment":[{"href":"https:\/\/www.zannasalud.com\/tienda\/wp-json\/wp\/v2\/media?parent=31277"}],"wp:term":[{"taxonomy":"product_brand","embeddable":true,"href":"https:\/\/www.zannasalud.com\/tienda\/wp-json\/wp\/v2\/product_brand?post=31277"},{"taxonomy":"product_cat","embeddable":true,"href":"https:\/\/www.zannasalud.com\/tienda\/wp-json\/wp\/v2\/product_cat?post=31277"},{"taxonomy":"product_tag","embeddable":true,"href":"https:\/\/www.zannasalud.com\/tienda\/wp-json\/wp\/v2\/product_tag?post=31277"}],"curies":[{"name":"wp","href":"https:\/\/api.w.org\/{rel}","templated":true}]}}