{"id":31273,"date":"2020-11-18T20:25:33","date_gmt":"2020-11-18T20:25:33","guid":{"rendered":"https:\/\/silver-louse-480719.hostingersite.com\/tienda\/producto\/tablero-disco-tactil-tactile-disc-uv-ref-zaex769896\/"},"modified":"2024-04-08T19:04:27","modified_gmt":"2024-04-08T19:04:27","slug":"tablero-disco-tactil-tactile-disc-uv-ref-zaex769896","status":"publish","type":"product","link":"https:\/\/www.zannasalud.com\/tienda\/producto\/tablero-disco-tactil-tactile-disc-uv-ref-zaex769896\/","title":{"rendered":"TABLERO DISCO TACTIL TACTILE DISC-UV REF. ZAEX769896"},"content":{"rendered":"<div id=\"goog-gt-tt\" class=\"skiptranslate\" dir=\"ltr\">\n<div style=\"padding: 8px;\">\u00danico disco t\u00e1ctil. Esta unidad fant\u00e1stica cuenta con numerosas formas y texturas, (*algunas de las cuales brillan con furia bajo luz negra UV. Perfecto en un cuarto sensorial cuando se expone a una luz UV). Se compone de una serie de texturas que son suaves, duras, lisas, rugosas, fresco, c\u00e1lido y diversos materiales como metal, pl\u00e1stico, madera, alfombra, espejo, etc. El disco T\u00e1ctil &#8211; UV es atractivo y estimulante es una gran manera de divertirse o evaluar sensaciones diferentes en personas. <\/p>\n<p>Se instala directamente a una pared.<br \/>\nIncluye accesorios de instalaci\u00f3n. <\/p>\n<p>*Opcional con UV o sin UV.<br \/>\n1.20mts de di\u00e1metro para Modelo circular.<br \/>\nPara modelo rectangular de 1.45&#215;1.20&#215;18 grosor aprox. Integran materiales como metal, pl\u00e1stico, madera, espejo.<\/p>\n<div><\/div>\n<\/div>\n<\/div>\n<div class=\"goog-te-spinner-pos\">\n<div class=\"goog-te-spinner-animation\"><\/div>\n<\/div>\n","protected":false},"excerpt":{"rendered":"<p>\u00danico disco t\u00e1ctil. Esta unidad fant\u00e1stica cuenta con numerosas formas y texturas, (*algunas de las cuales brillan con furia bajo luz negra UV. Perfecto en un cuarto sensorial cuando se expone a una luz UV). Se compone de una serie de texturas que son suaves, duras, lisas, rugosas, fresco, c\u00e1lido y diversos materiales como metal, pl\u00e1stico, madera, alfombra, espejo, etc. El disco T\u00e1ctil &#8211; UV es atractivo y estimulante es una gran manera de divertirse o evaluar sensaciones diferentes en personas. <\/p>\n<p>Se instala directamente a una pared.<br \/>\nIncluye accesorios de instalaci\u00f3n. <\/p>\n<p>*Opcional con UV o sin UV.<br \/>\n1.20mts de di\u00e1metro para Modelo circular.<br \/>\nPara modelo rectangular de 1.45&#215;1.20&#215;18 grosor aprox. Integran materiales como metal, pl\u00e1stico, madera, espejo.<\/p>\n","protected":false},"featured_media":4983,"template":"","meta":{"_acf_changed":false,"content-type":""},"product_brand":[],"product_cat":[13505,13441,13255,13269,13443,13487,13442],"product_tag":[11698],"class_list":{"0":"post-31273","1":"product","2":"type-product","3":"status-publish","4":"has-post-thumbnail","6":"product_cat-discos-tactiles","7":"product_cat-evaluacion-cognitiva","8":"product_cat-marca","9":"product_cat-wavehealth","10":"product_cat-perceptual-y-motor-new","11":"product_cat-productos-sensoriales","12":"product_cat-sensorial","13":"product_tag-wavehealth","15":"first","16":"onbackorder","17":"taxable","18":"shipping-taxable","19":"purchasable","20":"product-type-simple"},"acf":[],"_links":{"self":[{"href":"https:\/\/www.zannasalud.com\/tienda\/wp-json\/wp\/v2\/product\/31273","targetHints":{"allow":["GET"]}}],"collection":[{"href":"https:\/\/www.zannasalud.com\/tienda\/wp-json\/wp\/v2\/product"}],"about":[{"href":"https:\/\/www.zannasalud.com\/tienda\/wp-json\/wp\/v2\/types\/product"}],"wp:featuredmedia":[{"embeddable":true,"href":"https:\/\/www.zannasalud.com\/tienda\/wp-json\/wp\/v2\/media\/4983"}],"wp:attachment":[{"href":"https:\/\/www.zannasalud.com\/tienda\/wp-json\/wp\/v2\/media?parent=31273"}],"wp:term":[{"taxonomy":"product_brand","embeddable":true,"href":"https:\/\/www.zannasalud.com\/tienda\/wp-json\/wp\/v2\/product_brand?post=31273"},{"taxonomy":"product_cat","embeddable":true,"href":"https:\/\/www.zannasalud.com\/tienda\/wp-json\/wp\/v2\/product_cat?post=31273"},{"taxonomy":"product_tag","embeddable":true,"href":"https:\/\/www.zannasalud.com\/tienda\/wp-json\/wp\/v2\/product_tag?post=31273"}],"curies":[{"name":"wp","href":"https:\/\/api.w.org\/{rel}","templated":true}]}}