{"id":31257,"date":"2020-11-18T20:25:24","date_gmt":"2020-11-18T20:25:24","guid":{"rendered":"https:\/\/silver-louse-480719.hostingersite.com\/tienda\/producto\/figuras-de-gel-ref-zasa5649-91\/"},"modified":"2024-04-08T19:04:25","modified_gmt":"2024-04-08T19:04:25","slug":"figuras-de-gel-ref-zasa5649-91","status":"publish","type":"product","link":"https:\/\/www.zannasalud.com\/tienda\/producto\/figuras-de-gel-ref-zasa5649-91\/","title":{"rendered":"FIGURAS DE GEL REF. ZASA5649-91"},"content":{"rendered":"<div id=\"goog-gt-tt\" class=\"skiptranslate\" dir=\"ltr\">\n<div style=\"padding: 8px;\">Conjunto de cinco formas rellenas de gel forma de c\u00edrculo, tri\u00e1ngulo, cuadrado, rect\u00e1ngulo y hex\u00e1gono Gel no t\u00f3xico. Las formas al ser manipuladas favorecen la estimulaci\u00f3n t\u00e1ctil y el fortalecimiento de la mano \/ dedo.<\/p>\n<div><\/div>\n<\/div>\n<\/div>\n<div class=\"goog-te-spinner-pos\">\n<div class=\"goog-te-spinner-animation\"><\/div>\n<\/div>\n","protected":false},"excerpt":{"rendered":"<p>Conjunto de cinco formas rellenas de gel forma de c\u00edrculo, tri\u00e1ngulo, cuadrado, rect\u00e1ngulo y hex\u00e1gono Gel no t\u00f3xico. Las formas al ser manipuladas favorecen la estimulaci\u00f3n t\u00e1ctil y el fortalecimiento de la mano \/ dedo.<\/p>\n","protected":false},"featured_media":5102,"template":"","meta":{"_acf_changed":false,"content-type":""},"product_brand":[],"product_cat":[13441,13255,13313,13443,13487,13442,13500],"product_tag":[12003],"class_list":{"0":"post-31257","1":"product","2":"type-product","3":"status-publish","4":"has-post-thumbnail","6":"product_cat-evaluacion-cognitiva","7":"product_cat-marca","8":"product_cat-patterson-medical","9":"product_cat-perceptual-y-motor-new","10":"product_cat-productos-sensoriales","11":"product_cat-sensorial","12":"product_cat-uv-y-cuarto-oscuro","13":"product_tag-patterson-medical","15":"first","16":"onbackorder","17":"taxable","18":"shipping-taxable","19":"purchasable","20":"product-type-simple"},"acf":[],"_links":{"self":[{"href":"https:\/\/www.zannasalud.com\/tienda\/wp-json\/wp\/v2\/product\/31257","targetHints":{"allow":["GET"]}}],"collection":[{"href":"https:\/\/www.zannasalud.com\/tienda\/wp-json\/wp\/v2\/product"}],"about":[{"href":"https:\/\/www.zannasalud.com\/tienda\/wp-json\/wp\/v2\/types\/product"}],"wp:featuredmedia":[{"embeddable":true,"href":"https:\/\/www.zannasalud.com\/tienda\/wp-json\/wp\/v2\/media\/5102"}],"wp:attachment":[{"href":"https:\/\/www.zannasalud.com\/tienda\/wp-json\/wp\/v2\/media?parent=31257"}],"wp:term":[{"taxonomy":"product_brand","embeddable":true,"href":"https:\/\/www.zannasalud.com\/tienda\/wp-json\/wp\/v2\/product_brand?post=31257"},{"taxonomy":"product_cat","embeddable":true,"href":"https:\/\/www.zannasalud.com\/tienda\/wp-json\/wp\/v2\/product_cat?post=31257"},{"taxonomy":"product_tag","embeddable":true,"href":"https:\/\/www.zannasalud.com\/tienda\/wp-json\/wp\/v2\/product_tag?post=31257"}],"curies":[{"name":"wp","href":"https:\/\/api.w.org\/{rel}","templated":true}]}}