{"id":31226,"date":"2020-11-18T20:25:16","date_gmt":"2020-11-18T20:25:16","guid":{"rendered":"https:\/\/silver-louse-480719.hostingersite.com\/tienda\/producto\/juego-geo-lastic-art-ref-zasa9249-70\/"},"modified":"2024-04-08T19:04:23","modified_gmt":"2024-04-08T19:04:23","slug":"juego-geo-lastic-art-ref-zasa9249-70","status":"publish","type":"product","link":"https:\/\/www.zannasalud.com\/tienda\/producto\/juego-geo-lastic-art-ref-zasa9249-70\/","title":{"rendered":"JUEGO GEO-LASTIC ART REF. ZASA9249-70"},"content":{"rendered":"<div id=\"goog-gt-tt\" class=\"skiptranslate\" dir=\"ltr\">\n<div style=\"padding: 8px;\">Permite a los ni\u00f1os mayores de 3 a\u00f1os para usar las bandas de goma de colores de diferentes tama\u00f1os. <\/p>\n<p>Ver catalogo electronico para mayor informaci\u00f3n<br \/>\ninfo@silver-louse-480719.hostingersite.com<\/p>\n<div><\/div>\n<\/div>\n<\/div>\n<div class=\"goog-te-spinner-pos\">\n<div class=\"goog-te-spinner-animation\"><\/div>\n<\/div>\n","protected":false},"excerpt":{"rendered":"<p>Permite a los ni\u00f1os mayores de 3 a\u00f1os para usar las bandas de goma de colores de diferentes tama\u00f1os. <\/p>\n<p>Ver catalogo electronico para mayor informaci\u00f3n<br \/>\ninfo@silver-louse-480719.hostingersite.com<\/p>\n","protected":false},"featured_media":4974,"template":"","meta":{"_acf_changed":false,"content-type":""},"product_brand":[],"product_cat":[13441,13444,13255,13313,13492,13443,13442],"product_tag":[12003],"class_list":{"0":"post-31226","1":"product","2":"type-product","3":"status-publish","4":"has-post-thumbnail","6":"product_cat-evaluacion-cognitiva","7":"product_cat-manipulativos","8":"product_cat-marca","9":"product_cat-patterson-medical","10":"product_cat-pegs","11":"product_cat-perceptual-y-motor-new","12":"product_cat-sensorial","13":"product_tag-patterson-medical","15":"first","16":"onbackorder","17":"taxable","18":"shipping-taxable","19":"purchasable","20":"product-type-simple"},"acf":[],"_links":{"self":[{"href":"https:\/\/www.zannasalud.com\/tienda\/wp-json\/wp\/v2\/product\/31226","targetHints":{"allow":["GET"]}}],"collection":[{"href":"https:\/\/www.zannasalud.com\/tienda\/wp-json\/wp\/v2\/product"}],"about":[{"href":"https:\/\/www.zannasalud.com\/tienda\/wp-json\/wp\/v2\/types\/product"}],"wp:featuredmedia":[{"embeddable":true,"href":"https:\/\/www.zannasalud.com\/tienda\/wp-json\/wp\/v2\/media\/4974"}],"wp:attachment":[{"href":"https:\/\/www.zannasalud.com\/tienda\/wp-json\/wp\/v2\/media?parent=31226"}],"wp:term":[{"taxonomy":"product_brand","embeddable":true,"href":"https:\/\/www.zannasalud.com\/tienda\/wp-json\/wp\/v2\/product_brand?post=31226"},{"taxonomy":"product_cat","embeddable":true,"href":"https:\/\/www.zannasalud.com\/tienda\/wp-json\/wp\/v2\/product_cat?post=31226"},{"taxonomy":"product_tag","embeddable":true,"href":"https:\/\/www.zannasalud.com\/tienda\/wp-json\/wp\/v2\/product_tag?post=31226"}],"curies":[{"name":"wp","href":"https:\/\/api.w.org\/{rel}","templated":true}]}}