{"id":31215,"date":"2020-11-18T20:25:09","date_gmt":"2020-11-18T20:25:09","guid":{"rendered":"https:\/\/silver-louse-480719.hostingersite.com\/tienda\/producto\/interruptor-de-rocket-ref-zasa5568-57\/"},"modified":"2024-04-08T19:04:22","modified_gmt":"2024-04-08T19:04:22","slug":"interruptor-de-rocket-ref-zasa5568-57","status":"publish","type":"product","link":"https:\/\/www.zannasalud.com\/tienda\/producto\/interruptor-de-rocket-ref-zasa5568-57\/","title":{"rendered":"INTERRUPTOR DE ROCKET REF. ZASA5568-57"},"content":{"rendered":"<div id=\"goog-gt-tt\" class=\"skiptranslate\" dir=\"ltr\">\n<div style=\"padding: 8px;\">Basta con pulsar las fingerholds o tirar de las cadenas de cuentas y los rugidos de la h\u00e9lice y se cay\u00f3 en la acci\u00f3n, mientras que su vibrante luz de cohetes y reproduce m\u00fasica. <\/p>\n<p>Ver catalogo electronico para mayor informaci\u00f3n<br \/>\ninfo@silver-louse-480719.hostingersite.com<\/p>\n<div><\/div>\n<\/div>\n<\/div>\n<div class=\"goog-te-spinner-pos\">\n<div class=\"goog-te-spinner-animation\"><\/div>\n<\/div>\n","protected":false},"excerpt":{"rendered":"<p>Basta con pulsar las fingerholds o tirar de las cadenas de cuentas y los rugidos de la h\u00e9lice y se cay\u00f3 en la acci\u00f3n, mientras que su vibrante luz de cohetes y reproduce m\u00fasica. <\/p>\n<p>Ver catalogo electronico para mayor informaci\u00f3n<br \/>\ninfo@silver-louse-480719.hostingersite.com<\/p>\n","protected":false},"featured_media":4938,"template":"","meta":{"_acf_changed":false,"content-type":""},"product_brand":[],"product_cat":[13445,13441,13444,13255,13313,13443,13442],"product_tag":[12003],"class_list":{"0":"post-31215","1":"product","2":"type-product","3":"status-publish","4":"has-post-thumbnail","6":"product_cat-actividades-de-motricidad-fina","7":"product_cat-evaluacion-cognitiva","8":"product_cat-manipulativos","9":"product_cat-marca","10":"product_cat-patterson-medical","11":"product_cat-perceptual-y-motor-new","12":"product_cat-sensorial","13":"product_tag-patterson-medical","15":"first","16":"onbackorder","17":"taxable","18":"shipping-taxable","19":"purchasable","20":"product-type-simple"},"acf":[],"_links":{"self":[{"href":"https:\/\/www.zannasalud.com\/tienda\/wp-json\/wp\/v2\/product\/31215","targetHints":{"allow":["GET"]}}],"collection":[{"href":"https:\/\/www.zannasalud.com\/tienda\/wp-json\/wp\/v2\/product"}],"about":[{"href":"https:\/\/www.zannasalud.com\/tienda\/wp-json\/wp\/v2\/types\/product"}],"wp:featuredmedia":[{"embeddable":true,"href":"https:\/\/www.zannasalud.com\/tienda\/wp-json\/wp\/v2\/media\/4938"}],"wp:attachment":[{"href":"https:\/\/www.zannasalud.com\/tienda\/wp-json\/wp\/v2\/media?parent=31215"}],"wp:term":[{"taxonomy":"product_brand","embeddable":true,"href":"https:\/\/www.zannasalud.com\/tienda\/wp-json\/wp\/v2\/product_brand?post=31215"},{"taxonomy":"product_cat","embeddable":true,"href":"https:\/\/www.zannasalud.com\/tienda\/wp-json\/wp\/v2\/product_cat?post=31215"},{"taxonomy":"product_tag","embeddable":true,"href":"https:\/\/www.zannasalud.com\/tienda\/wp-json\/wp\/v2\/product_tag?post=31215"}],"curies":[{"name":"wp","href":"https:\/\/api.w.org\/{rel}","templated":true}]}}