{"id":31158,"date":"2020-11-18T20:24:47","date_gmt":"2020-11-18T20:24:47","guid":{"rendered":"https:\/\/silver-louse-480719.hostingersite.com\/tienda\/producto\/bolos-set-ref-zasa9202-10\/"},"modified":"2024-04-08T19:03:53","modified_gmt":"2024-04-08T19:03:53","slug":"bolos-set-ref-zasa9202-10","status":"publish","type":"product","link":"https:\/\/www.zannasalud.com\/tienda\/producto\/bolos-set-ref-zasa9202-10\/","title":{"rendered":"BOLOS SET REF. ZASA9202-10"},"content":{"rendered":"<div id=\"goog-gt-tt\" class=\"skiptranslate\" dir=\"ltr\">\n<div style=\"padding: 8px;\">Los ni\u00f1os tanto ambulatorios como en silla de ruedas y los adultos podr\u00e1n disfrutar del juego de bolos, mientras mejoran la motricidad gruesa, coordinaci\u00f3n y coordinaci\u00f3n ojo-mano. <\/p>\n<p>Ver catalogo electronico para mayor informaci\u00f3n<br \/>\ninfo@silver-louse-480719.hostingersite.com.<\/p>\n<div><\/div>\n<\/div>\n<\/div>\n<div class=\"goog-te-spinner-pos\">\n<div class=\"goog-te-spinner-animation\"><\/div>\n<\/div>\n","protected":false},"excerpt":{"rendered":"<p>Los ni\u00f1os tanto ambulatorios como en silla de ruedas y los adultos podr\u00e1n disfrutar del juego de bolos, mientras mejoran la motricidad gruesa, coordinaci\u00f3n y coordinaci\u00f3n ojo-mano. <\/p>\n<p>Ver catalogo electronico para mayor informaci\u00f3n<br \/>\ninfo@silver-louse-480719.hostingersite.com.<\/p>\n","protected":false},"featured_media":4873,"template":"","meta":{"_acf_changed":false,"content-type":""},"product_brand":[],"product_cat":[13480,13441,13255,13313,13478,13443,13442],"product_tag":[12003],"class_list":{"0":"post-31158","1":"product","2":"type-product","3":"status-publish","4":"has-post-thumbnail","6":"product_cat-actividades","7":"product_cat-evaluacion-cognitiva","8":"product_cat-marca","9":"product_cat-patterson-medical","10":"product_cat-motricidad-gruesa","11":"product_cat-perceptual-y-motor-new","12":"product_cat-sensorial","13":"product_tag-patterson-medical","15":"first","16":"onbackorder","17":"taxable","18":"shipping-taxable","19":"purchasable","20":"product-type-simple"},"acf":[],"_links":{"self":[{"href":"https:\/\/www.zannasalud.com\/tienda\/wp-json\/wp\/v2\/product\/31158","targetHints":{"allow":["GET"]}}],"collection":[{"href":"https:\/\/www.zannasalud.com\/tienda\/wp-json\/wp\/v2\/product"}],"about":[{"href":"https:\/\/www.zannasalud.com\/tienda\/wp-json\/wp\/v2\/types\/product"}],"wp:featuredmedia":[{"embeddable":true,"href":"https:\/\/www.zannasalud.com\/tienda\/wp-json\/wp\/v2\/media\/4873"}],"wp:attachment":[{"href":"https:\/\/www.zannasalud.com\/tienda\/wp-json\/wp\/v2\/media?parent=31158"}],"wp:term":[{"taxonomy":"product_brand","embeddable":true,"href":"https:\/\/www.zannasalud.com\/tienda\/wp-json\/wp\/v2\/product_brand?post=31158"},{"taxonomy":"product_cat","embeddable":true,"href":"https:\/\/www.zannasalud.com\/tienda\/wp-json\/wp\/v2\/product_cat?post=31158"},{"taxonomy":"product_tag","embeddable":true,"href":"https:\/\/www.zannasalud.com\/tienda\/wp-json\/wp\/v2\/product_tag?post=31158"}],"curies":[{"name":"wp","href":"https:\/\/api.w.org\/{rel}","templated":true}]}}