{"id":31153,"date":"2020-11-18T20:24:47","date_gmt":"2020-11-18T20:24:47","guid":{"rendered":"https:\/\/silver-louse-480719.hostingersite.com\/tienda\/producto\/suspension-kit-detres-piezas-capacidad-de-peso-100-lbs-incluye-barrade-soporte-asiento-cabestrillo-barra-trapecio-yherramientas-adicionales-ref-zasa9201-54\/"},"modified":"2024-04-08T19:03:53","modified_gmt":"2024-04-08T19:03:53","slug":"suspension-kit-detres-piezas-capacidad-de-peso-100-lbs-incluye-barrade-soporte-asiento-cabestrillo-barra-trapecio-yherramientas-adicionales-ref-zasa9201-54","status":"publish","type":"product","link":"https:\/\/www.zannasalud.com\/tienda\/producto\/suspension-kit-detres-piezas-capacidad-de-peso-100-lbs-incluye-barrade-soporte-asiento-cabestrillo-barra-trapecio-yherramientas-adicionales-ref-zasa9201-54\/","title":{"rendered":"SUSPENSION KIT DETRES PIEZAS . CAPACIDAD DE PESO 100 LBS. INCLUYE BARRA\nDE SOPORTE, ASIENTO CABESTRILLO, BARRA TRAPECIO Y\nHERRAMIENTAS ADICIONALES. REF. ZASA9201-54"},"content":{"rendered":"<div id=\"goog-gt-tt\" class=\"skiptranslate\" dir=\"ltr\">\n<div style=\"padding: 8px;\">Esta oscilaci\u00f3n de lona resistente est\u00e1 dise\u00f1ado para mantener y cumplir con la parte trasera de su hijo para ofrecer una mejor sensaci\u00f3n de seguridad. 5 \u00abW x 5\u00bb de alto x 8 \u00abL. Capacidad de peso 150 libras.<\/p>\n<div><\/div>\n<\/div>\n<\/div>\n<div class=\"goog-te-spinner-pos\">\n<div class=\"goog-te-spinner-animation\"><\/div>\n<\/div>\n","protected":false},"excerpt":{"rendered":"<p>Esta oscilaci\u00f3n de lona resistente est\u00e1 dise\u00f1ado para mantener y cumplir con la parte trasera de su hijo para ofrecer una mejor sensaci\u00f3n de seguridad. 5 \u00abW x 5\u00bb de alto x 8 \u00abL. Capacidad de peso 150 libras.<\/p>\n","protected":false},"featured_media":4868,"template":"","meta":{"_acf_changed":false,"content-type":""},"product_brand":[],"product_cat":[13441,13255,13313,13443,13442,13476],"product_tag":[12003],"class_list":{"0":"post-31153","1":"product","2":"type-product","3":"status-publish","4":"has-post-thumbnail","6":"product_cat-evaluacion-cognitiva","7":"product_cat-marca","8":"product_cat-patterson-medical","9":"product_cat-perceptual-y-motor-new","10":"product_cat-sensorial","11":"product_cat-terapia-vestibular","12":"product_tag-patterson-medical","14":"first","15":"onbackorder","16":"taxable","17":"shipping-taxable","18":"purchasable","19":"product-type-simple"},"acf":[],"_links":{"self":[{"href":"https:\/\/www.zannasalud.com\/tienda\/wp-json\/wp\/v2\/product\/31153","targetHints":{"allow":["GET"]}}],"collection":[{"href":"https:\/\/www.zannasalud.com\/tienda\/wp-json\/wp\/v2\/product"}],"about":[{"href":"https:\/\/www.zannasalud.com\/tienda\/wp-json\/wp\/v2\/types\/product"}],"wp:featuredmedia":[{"embeddable":true,"href":"https:\/\/www.zannasalud.com\/tienda\/wp-json\/wp\/v2\/media\/4868"}],"wp:attachment":[{"href":"https:\/\/www.zannasalud.com\/tienda\/wp-json\/wp\/v2\/media?parent=31153"}],"wp:term":[{"taxonomy":"product_brand","embeddable":true,"href":"https:\/\/www.zannasalud.com\/tienda\/wp-json\/wp\/v2\/product_brand?post=31153"},{"taxonomy":"product_cat","embeddable":true,"href":"https:\/\/www.zannasalud.com\/tienda\/wp-json\/wp\/v2\/product_cat?post=31153"},{"taxonomy":"product_tag","embeddable":true,"href":"https:\/\/www.zannasalud.com\/tienda\/wp-json\/wp\/v2\/product_tag?post=31153"}],"curies":[{"name":"wp","href":"https:\/\/api.w.org\/{rel}","templated":true}]}}