{"id":31152,"date":"2020-11-18T20:24:47","date_gmt":"2020-11-18T20:24:47","guid":{"rendered":"https:\/\/silver-louse-480719.hostingersite.com\/tienda\/producto\/asiento-cabestrillo-capacidad-de-peso-100-lbs-ref-zasa9201-52\/"},"modified":"2024-04-08T19:03:53","modified_gmt":"2024-04-08T19:03:53","slug":"asiento-cabestrillo-capacidad-de-peso-100-lbs-ref-zasa9201-52","status":"publish","type":"product","link":"https:\/\/www.zannasalud.com\/tienda\/producto\/asiento-cabestrillo-capacidad-de-peso-100-lbs-ref-zasa9201-52\/","title":{"rendered":"ASIENTO CABESTRILLO. CAPACIDAD DE PESO 100 LBS. REF. ZASA9201-52"},"content":{"rendered":"<div id=\"goog-gt-tt\" class=\"skiptranslate\" dir=\"ltr\">\n<div style=\"padding: 8px;\">La primera y \u00fanica oscilaci\u00f3n Plataforma que ofrece un columpio multiusos muy funcional y una junta rotativa igualmente eficaces. Elija de una oscilaci\u00f3n plataforma est\u00e1ndar o el de doble prop\u00f3sito oscilaci\u00f3n plataforma giratoria &#8211; ambos est\u00e1n dise\u00f1ados para trabajar con su hijo sentado, de pie o acostado. The Plataforma Rotary convierte de columpio a la junta rotativa con poco o ning\u00fan esfuerzo. Como una junta rotativa, la Plataforma ofrece un nuevo nivel de entrada y actividades vestibular. Cuerdas de montaje incluidos. Cada oscilaci\u00f3n tiene una capacidad de peso de 200 libras y mide 16 \u00abW x 4\u00bb H x 45 \u00abL. Cuando se utiliza la Plataforma de Rotary en el suelo, su capacidad sube 175 libras.<\/p>\n<div><\/div>\n<\/div>\n<\/div>\n<div class=\"goog-te-spinner-pos\">\n<div class=\"goog-te-spinner-animation\"><\/div>\n<\/div>\n","protected":false},"excerpt":{"rendered":"<p>La primera y \u00fanica oscilaci\u00f3n Plataforma que ofrece un columpio multiusos muy funcional y una junta rotativa igualmente eficaces. Elija de una oscilaci\u00f3n plataforma est\u00e1ndar o el de doble prop\u00f3sito oscilaci\u00f3n plataforma giratoria &#8211; ambos est\u00e1n dise\u00f1ados para trabajar con su hijo sentado, de pie o acostado. The Plataforma Rotary convierte de columpio a la junta rotativa con poco o ning\u00fan esfuerzo. Como una junta rotativa, la Plataforma ofrece un nuevo nivel de entrada y actividades vestibular. Cuerdas de montaje incluidos. Cada oscilaci\u00f3n tiene una capacidad de peso de 200 libras y mide 16 \u00abW x 4\u00bb H x 45 \u00abL. Cuando se utiliza la Plataforma de Rotary en el suelo, su capacidad sube 175 libras.<\/p>\n","protected":false},"featured_media":4867,"template":"","meta":{"_acf_changed":false,"content-type":""},"product_brand":[],"product_cat":[13441,13255,13313,13443,13442,13476],"product_tag":[12003],"class_list":{"0":"post-31152","1":"product","2":"type-product","3":"status-publish","4":"has-post-thumbnail","6":"product_cat-evaluacion-cognitiva","7":"product_cat-marca","8":"product_cat-patterson-medical","9":"product_cat-perceptual-y-motor-new","10":"product_cat-sensorial","11":"product_cat-terapia-vestibular","12":"product_tag-patterson-medical","14":"first","15":"onbackorder","16":"taxable","17":"shipping-taxable","18":"purchasable","19":"product-type-simple"},"acf":[],"_links":{"self":[{"href":"https:\/\/www.zannasalud.com\/tienda\/wp-json\/wp\/v2\/product\/31152","targetHints":{"allow":["GET"]}}],"collection":[{"href":"https:\/\/www.zannasalud.com\/tienda\/wp-json\/wp\/v2\/product"}],"about":[{"href":"https:\/\/www.zannasalud.com\/tienda\/wp-json\/wp\/v2\/types\/product"}],"wp:featuredmedia":[{"embeddable":true,"href":"https:\/\/www.zannasalud.com\/tienda\/wp-json\/wp\/v2\/media\/4867"}],"wp:attachment":[{"href":"https:\/\/www.zannasalud.com\/tienda\/wp-json\/wp\/v2\/media?parent=31152"}],"wp:term":[{"taxonomy":"product_brand","embeddable":true,"href":"https:\/\/www.zannasalud.com\/tienda\/wp-json\/wp\/v2\/product_brand?post=31152"},{"taxonomy":"product_cat","embeddable":true,"href":"https:\/\/www.zannasalud.com\/tienda\/wp-json\/wp\/v2\/product_cat?post=31152"},{"taxonomy":"product_tag","embeddable":true,"href":"https:\/\/www.zannasalud.com\/tienda\/wp-json\/wp\/v2\/product_tag?post=31152"}],"curies":[{"name":"wp","href":"https:\/\/api.w.org\/{rel}","templated":true}]}}