{"id":31151,"date":"2020-11-18T20:24:47","date_gmt":"2020-11-18T20:24:47","guid":{"rendered":"https:\/\/silver-louse-480719.hostingersite.com\/tienda\/producto\/plataforma-de-balanceo-44-x-15-maxima-capacidad-depeso-200-lbs-ref-zasa9201-51\/"},"modified":"2024-04-08T19:03:52","modified_gmt":"2024-04-08T19:03:52","slug":"plataforma-de-balanceo-44-x-15-maxima-capacidad-depeso-200-lbs-ref-zasa9201-51","status":"publish","type":"product","link":"https:\/\/www.zannasalud.com\/tienda\/producto\/plataforma-de-balanceo-44-x-15-maxima-capacidad-depeso-200-lbs-ref-zasa9201-51\/","title":{"rendered":"PLATAFORMA DE BALANCEO. 44 \u00abX 15\u00bb. M\u00c1XIMA. CAPACIDAD DE\nPESO 200 LBS. REF. ZASA9201-51"},"content":{"rendered":"<div id=\"goog-gt-tt\" class=\"skiptranslate\" dir=\"ltr\">\n<div style=\"padding: 8px;\">Para los ni\u00f1os entre las edades de 3 a 10 a\u00f1os. Apretones de mano y posiciones del reposapi\u00e9s proporcionan a los ni\u00f1os de todos los tama\u00f1os con seguridad y comodidad.<br \/>\n14 \u00abW x 3\u00bb de alto x 29 \u00abL.<br \/>\nCapacidad de peso 200 libras.<\/p>\n<div><\/div>\n<\/div>\n<\/div>\n<div class=\"goog-te-spinner-pos\">\n<div class=\"goog-te-spinner-animation\"><\/div>\n<\/div>\n","protected":false},"excerpt":{"rendered":"<p>Para los ni\u00f1os entre las edades de 3 a 10 a\u00f1os. Apretones de mano y posiciones del reposapi\u00e9s proporcionan a los ni\u00f1os de todos los tama\u00f1os con seguridad y comodidad.<br \/>\n14 \u00abW x 3\u00bb de alto x 29 \u00abL.<br \/>\nCapacidad de peso 200 libras.<\/p>\n","protected":false},"featured_media":4866,"template":"","meta":{"_acf_changed":false,"content-type":""},"product_brand":[],"product_cat":[13441,13255,13313,13443,13442,13476],"product_tag":[12003],"class_list":{"0":"post-31151","1":"product","2":"type-product","3":"status-publish","4":"has-post-thumbnail","6":"product_cat-evaluacion-cognitiva","7":"product_cat-marca","8":"product_cat-patterson-medical","9":"product_cat-perceptual-y-motor-new","10":"product_cat-sensorial","11":"product_cat-terapia-vestibular","12":"product_tag-patterson-medical","14":"first","15":"onbackorder","16":"taxable","17":"shipping-taxable","18":"purchasable","19":"product-type-simple"},"acf":[],"_links":{"self":[{"href":"https:\/\/www.zannasalud.com\/tienda\/wp-json\/wp\/v2\/product\/31151","targetHints":{"allow":["GET"]}}],"collection":[{"href":"https:\/\/www.zannasalud.com\/tienda\/wp-json\/wp\/v2\/product"}],"about":[{"href":"https:\/\/www.zannasalud.com\/tienda\/wp-json\/wp\/v2\/types\/product"}],"wp:featuredmedia":[{"embeddable":true,"href":"https:\/\/www.zannasalud.com\/tienda\/wp-json\/wp\/v2\/media\/4866"}],"wp:attachment":[{"href":"https:\/\/www.zannasalud.com\/tienda\/wp-json\/wp\/v2\/media?parent=31151"}],"wp:term":[{"taxonomy":"product_brand","embeddable":true,"href":"https:\/\/www.zannasalud.com\/tienda\/wp-json\/wp\/v2\/product_brand?post=31151"},{"taxonomy":"product_cat","embeddable":true,"href":"https:\/\/www.zannasalud.com\/tienda\/wp-json\/wp\/v2\/product_cat?post=31151"},{"taxonomy":"product_tag","embeddable":true,"href":"https:\/\/www.zannasalud.com\/tienda\/wp-json\/wp\/v2\/product_tag?post=31151"}],"curies":[{"name":"wp","href":"https:\/\/api.w.org\/{rel}","templated":true}]}}