{"id":31149,"date":"2020-11-18T20:24:47","date_gmt":"2020-11-18T20:24:47","guid":{"rendered":"https:\/\/silver-louse-480719.hostingersite.com\/tienda\/producto\/barra-de-soporte-ref-zasa5656-56\/"},"modified":"2024-04-08T19:03:52","modified_gmt":"2024-04-08T19:03:52","slug":"barra-de-soporte-ref-zasa5656-56","status":"publish","type":"product","link":"https:\/\/www.zannasalud.com\/tienda\/producto\/barra-de-soporte-ref-zasa5656-56\/","title":{"rendered":"BARRA DE SOPORTE REF. ZASA5656-56"},"content":{"rendered":"<div id=\"goog-gt-tt\" class=\"skiptranslate\" dir=\"ltr\">\n<div style=\"padding: 8px;\">Esta unidad port\u00e1til sube en segundos, no para que la puerta se cierre y pueda mantenerse en todo momento! La barra patentado es el centro de los Sistemas d\u00eda lluvioso. Tiene capacidad para la fijaci\u00f3n de su elecci\u00f3n en cualquier puerta de 29 \u00abW 36\u00bb W. Para puertas m\u00e1s grandes, s\u00f3lo tiene que a\u00f1adir los enchufes de extensi\u00f3n opcionales que abarcan aberturas de hasta 44 \u00abW. Soporta hasta 300 libras,<\/p>\n<div><\/div>\n<\/div>\n<\/div>\n<div class=\"goog-te-spinner-pos\">\n<div class=\"goog-te-spinner-animation\"><\/div>\n<\/div>\n","protected":false},"excerpt":{"rendered":"<p>Esta unidad port\u00e1til sube en segundos, no para que la puerta se cierre y pueda mantenerse en todo momento! La barra patentado es el centro de los Sistemas d\u00eda lluvioso. Tiene capacidad para la fijaci\u00f3n de su elecci\u00f3n en cualquier puerta de 29 \u00abW 36\u00bb W. Para puertas m\u00e1s grandes, s\u00f3lo tiene que a\u00f1adir los enchufes de extensi\u00f3n opcionales que abarcan aberturas de hasta 44 \u00abW. Soporta hasta 300 libras,<\/p>\n","protected":false},"featured_media":4861,"template":"","meta":{"_acf_changed":false,"content-type":""},"product_brand":[],"product_cat":[13441,13255,13313,13443,13442,13476],"product_tag":[12003],"class_list":{"0":"post-31149","1":"product","2":"type-product","3":"status-publish","4":"has-post-thumbnail","6":"product_cat-evaluacion-cognitiva","7":"product_cat-marca","8":"product_cat-patterson-medical","9":"product_cat-perceptual-y-motor-new","10":"product_cat-sensorial","11":"product_cat-terapia-vestibular","12":"product_tag-patterson-medical","14":"first","15":"onbackorder","16":"taxable","17":"shipping-taxable","18":"purchasable","19":"product-type-simple"},"acf":[],"_links":{"self":[{"href":"https:\/\/www.zannasalud.com\/tienda\/wp-json\/wp\/v2\/product\/31149","targetHints":{"allow":["GET"]}}],"collection":[{"href":"https:\/\/www.zannasalud.com\/tienda\/wp-json\/wp\/v2\/product"}],"about":[{"href":"https:\/\/www.zannasalud.com\/tienda\/wp-json\/wp\/v2\/types\/product"}],"wp:featuredmedia":[{"embeddable":true,"href":"https:\/\/www.zannasalud.com\/tienda\/wp-json\/wp\/v2\/media\/4861"}],"wp:attachment":[{"href":"https:\/\/www.zannasalud.com\/tienda\/wp-json\/wp\/v2\/media?parent=31149"}],"wp:term":[{"taxonomy":"product_brand","embeddable":true,"href":"https:\/\/www.zannasalud.com\/tienda\/wp-json\/wp\/v2\/product_brand?post=31149"},{"taxonomy":"product_cat","embeddable":true,"href":"https:\/\/www.zannasalud.com\/tienda\/wp-json\/wp\/v2\/product_cat?post=31149"},{"taxonomy":"product_tag","embeddable":true,"href":"https:\/\/www.zannasalud.com\/tienda\/wp-json\/wp\/v2\/product_tag?post=31149"}],"curies":[{"name":"wp","href":"https:\/\/api.w.org\/{rel}","templated":true}]}}