{"id":31143,"date":"2020-11-18T20:24:40","date_gmt":"2020-11-18T20:24:40","guid":{"rendered":"https:\/\/silver-louse-480719.hostingersite.com\/tienda\/producto\/balon-silla-adulto-55cm-ref-zafab30-1792\/"},"modified":"2025-04-04T14:31:15","modified_gmt":"2025-04-04T14:31:15","slug":"balon-silla-adulto-55cm-ref-zafab30-1792","status":"publish","type":"product","link":"https:\/\/www.zannasalud.com\/tienda\/producto\/balon-silla-adulto-55cm-ref-zafab30-1792\/","title":{"rendered":"BALON SILLA ADULTO, 55CM REF. ZAFAB30-1792"},"content":{"rendered":"<p>La silla de bolas de pl\u00e1stico CanDo incluye una pelota de ejercicio inflable de 22&#8243; (55 cm) y una base de silla. Los sistemas de asientos ergon\u00f3micos m\u00f3viles combinan los beneficios de la terapia con pelota con la comodidad de una base de silla. La pelota se mantiene firmemente en su lugar por la base. Las ruedas se deslizan sobre alfombras o superficies duras. Se requiere un montaje ligero. La silla de bola de pl\u00e1stico est\u00e1 disponible en &#8230; tama\u00f1o. Se incluyen dos ruedas giratorias de bloqueo. <\/p>\n","protected":false},"excerpt":{"rendered":"<p>Silla con pelota inflable y base ergon\u00f3mica.<\/p>\n","protected":false},"featured_media":4857,"template":"","meta":{"_acf_changed":false,"content-type":""},"product_brand":[],"product_cat":[13441,13255,13311,13443,13442,13476],"product_tag":[11858],"class_list":{"0":"post-31143","1":"product","2":"type-product","3":"status-publish","4":"has-post-thumbnail","6":"product_cat-evaluacion-cognitiva","7":"product_cat-marca","8":"product_cat-fabrication-enterpreses","9":"product_cat-perceptual-y-motor-new","10":"product_cat-sensorial","11":"product_cat-terapia-vestibular","12":"product_tag-fabrication-enterpreses","14":"first","15":"onbackorder","16":"taxable","17":"shipping-taxable","18":"purchasable","19":"product-type-simple"},"acf":[],"_links":{"self":[{"href":"https:\/\/www.zannasalud.com\/tienda\/wp-json\/wp\/v2\/product\/31143","targetHints":{"allow":["GET"]}}],"collection":[{"href":"https:\/\/www.zannasalud.com\/tienda\/wp-json\/wp\/v2\/product"}],"about":[{"href":"https:\/\/www.zannasalud.com\/tienda\/wp-json\/wp\/v2\/types\/product"}],"wp:featuredmedia":[{"embeddable":true,"href":"https:\/\/www.zannasalud.com\/tienda\/wp-json\/wp\/v2\/media\/4857"}],"wp:attachment":[{"href":"https:\/\/www.zannasalud.com\/tienda\/wp-json\/wp\/v2\/media?parent=31143"}],"wp:term":[{"taxonomy":"product_brand","embeddable":true,"href":"https:\/\/www.zannasalud.com\/tienda\/wp-json\/wp\/v2\/product_brand?post=31143"},{"taxonomy":"product_cat","embeddable":true,"href":"https:\/\/www.zannasalud.com\/tienda\/wp-json\/wp\/v2\/product_cat?post=31143"},{"taxonomy":"product_tag","embeddable":true,"href":"https:\/\/www.zannasalud.com\/tienda\/wp-json\/wp\/v2\/product_tag?post=31143"}],"curies":[{"name":"wp","href":"https:\/\/api.w.org\/{rel}","templated":true}]}}