{"id":31140,"date":"2020-11-18T20:24:40","date_gmt":"2020-11-18T20:24:40","guid":{"rendered":"https:\/\/silver-louse-480719.hostingersite.com\/tienda\/producto\/plataformas-vestibulares-cando-grande-ref-zafab30-1925\/"},"modified":"2025-04-04T14:31:13","modified_gmt":"2025-04-04T14:31:13","slug":"plataformas-vestibulares-cando-grande-ref-zafab30-1925","status":"publish","type":"product","link":"https:\/\/www.zannasalud.com\/tienda\/producto\/plataformas-vestibulares-cando-grande-ref-zafab30-1925\/","title":{"rendered":"PLATAFORMAS VESTIBULARES CANDO, GRANDE REF. ZAFAB30-1925"},"content":{"rendered":"<p>La cu\u00f1a inflable requiere la participaci\u00f3n activa del usuario para asumir la postura correcta al sentarse. La cu\u00f1a combina un asiento din\u00e1mico y un posicionamiento est\u00e1tico. Infle o desinfle la cu\u00f1a para variar el grado de dificultad. Disponible en 2 tama\u00f1os: 15 x 15&#8243; y 10 x 10&#8243;.<\/p>\n","protected":false},"excerpt":{"rendered":"<p>Asiento ergon\u00f3mico para corregir la postura grande<\/p>\n","protected":false},"featured_media":4856,"template":"","meta":{"_acf_changed":false,"content-type":""},"product_brand":[],"product_cat":[13441,13255,13311,13443,13442,13476],"product_tag":[11858],"class_list":{"0":"post-31140","1":"product","2":"type-product","3":"status-publish","4":"has-post-thumbnail","6":"product_cat-evaluacion-cognitiva","7":"product_cat-marca","8":"product_cat-fabrication-enterpreses","9":"product_cat-perceptual-y-motor-new","10":"product_cat-sensorial","11":"product_cat-terapia-vestibular","12":"product_tag-fabrication-enterpreses","14":"first","15":"onbackorder","16":"taxable","17":"shipping-taxable","18":"purchasable","19":"product-type-simple"},"acf":[],"_links":{"self":[{"href":"https:\/\/www.zannasalud.com\/tienda\/wp-json\/wp\/v2\/product\/31140","targetHints":{"allow":["GET"]}}],"collection":[{"href":"https:\/\/www.zannasalud.com\/tienda\/wp-json\/wp\/v2\/product"}],"about":[{"href":"https:\/\/www.zannasalud.com\/tienda\/wp-json\/wp\/v2\/types\/product"}],"wp:featuredmedia":[{"embeddable":true,"href":"https:\/\/www.zannasalud.com\/tienda\/wp-json\/wp\/v2\/media\/4856"}],"wp:attachment":[{"href":"https:\/\/www.zannasalud.com\/tienda\/wp-json\/wp\/v2\/media?parent=31140"}],"wp:term":[{"taxonomy":"product_brand","embeddable":true,"href":"https:\/\/www.zannasalud.com\/tienda\/wp-json\/wp\/v2\/product_brand?post=31140"},{"taxonomy":"product_cat","embeddable":true,"href":"https:\/\/www.zannasalud.com\/tienda\/wp-json\/wp\/v2\/product_cat?post=31140"},{"taxonomy":"product_tag","embeddable":true,"href":"https:\/\/www.zannasalud.com\/tienda\/wp-json\/wp\/v2\/product_tag?post=31140"}],"curies":[{"name":"wp","href":"https:\/\/api.w.org\/{rel}","templated":true}]}}