{"id":31120,"date":"2020-11-18T20:24:33","date_gmt":"2020-11-18T20:24:33","guid":{"rendered":"https:\/\/silver-louse-480719.hostingersite.com\/tienda\/producto\/divan-de-examen-fino-wavehealth-ref-zawh91018-3\/"},"modified":"2024-04-08T19:03:50","modified_gmt":"2024-04-08T19:03:50","slug":"divan-de-examen-fino-wavehealth-ref-zawh91018-3","status":"publish","type":"product","link":"https:\/\/www.zannasalud.com\/tienda\/producto\/divan-de-examen-fino-wavehealth-ref-zawh91018-3\/","title":{"rendered":"DIVAN DE EXAMEN FINO. WAVEHEALTH. REF. ZAWH91018-3"},"content":{"rendered":"<div id=\"goog-gt-tt\" class=\"skiptranslate\" dir=\"ltr\">\n<div style=\"padding: 8px;\">Dimensiones: 1.90 mts largo X 0.65mts de ancho X 0.88mts altura, fabricado en tuber\u00eda redonda de 1\u201d a 3\u201d en hacer cold rolled, con tapas antideslizantes en las cuatro patas, con pintura electrost\u00e1tica en polvo en los acabados.<br \/>\nTapicer\u00eda en espuma con forro de cordob\u00e1n de 5-7 cm, capacidad de carga 120 Kg. Con inclinaci\u00f3n en espaldar.<br \/>\nColores del cordob\u00e1n: Blanco o Negro<\/p>\n<div><\/div>\n<\/div>\n<\/div>\n<div class=\"goog-te-spinner-pos\">\n<div class=\"goog-te-spinner-animation\"><\/div>\n<\/div>\n","protected":false},"excerpt":{"rendered":"<p>Dimensiones: 1.90 mts largo X 0.65mts de ancho X 0.88mts altura, fabricado en tuber\u00eda redonda de 1\u201d a 3\u201d en hacer cold rolled, con tapas antideslizantes en las cuatro patas, con pintura electrost\u00e1tica en polvo en los acabados.<br \/>\nTapicer\u00eda en espuma con forro de cordob\u00e1n de 5-7 cm, capacidad de carga 120 Kg. Con inclinaci\u00f3n en espaldar.<br \/>\nColores del cordob\u00e1n: Blanco o Negro<\/p>\n","protected":false},"featured_media":4327,"template":"","meta":{"_acf_changed":false,"content-type":""},"product_brand":[],"product_cat":[13470,13255,13269,13466],"product_tag":[11698],"class_list":{"0":"post-31120","1":"product","2":"type-product","3":"status-publish","4":"has-post-thumbnail","6":"product_cat-divanes","7":"product_cat-marca","8":"product_cat-wavehealth","9":"product_cat-muebles-y-accesorios-para-tratamiento","10":"product_tag-wavehealth","12":"first","13":"onbackorder","14":"taxable","15":"shipping-taxable","16":"purchasable","17":"product-type-simple"},"acf":[],"_links":{"self":[{"href":"https:\/\/www.zannasalud.com\/tienda\/wp-json\/wp\/v2\/product\/31120","targetHints":{"allow":["GET"]}}],"collection":[{"href":"https:\/\/www.zannasalud.com\/tienda\/wp-json\/wp\/v2\/product"}],"about":[{"href":"https:\/\/www.zannasalud.com\/tienda\/wp-json\/wp\/v2\/types\/product"}],"wp:featuredmedia":[{"embeddable":true,"href":"https:\/\/www.zannasalud.com\/tienda\/wp-json\/wp\/v2\/media\/4327"}],"wp:attachment":[{"href":"https:\/\/www.zannasalud.com\/tienda\/wp-json\/wp\/v2\/media?parent=31120"}],"wp:term":[{"taxonomy":"product_brand","embeddable":true,"href":"https:\/\/www.zannasalud.com\/tienda\/wp-json\/wp\/v2\/product_brand?post=31120"},{"taxonomy":"product_cat","embeddable":true,"href":"https:\/\/www.zannasalud.com\/tienda\/wp-json\/wp\/v2\/product_cat?post=31120"},{"taxonomy":"product_tag","embeddable":true,"href":"https:\/\/www.zannasalud.com\/tienda\/wp-json\/wp\/v2\/product_tag?post=31120"}],"curies":[{"name":"wp","href":"https:\/\/api.w.org\/{rel}","templated":true}]}}