{"id":31110,"date":"2020-11-18T20:24:33","date_gmt":"2020-11-18T20:24:33","guid":{"rendered":"https:\/\/silver-louse-480719.hostingersite.com\/tienda\/producto\/mesa-de-bipedestacion-electrica-azuryt-technomex-tecnologia-europea-ref-za14-501-009\/"},"modified":"2025-04-04T14:31:13","modified_gmt":"2025-04-04T14:31:13","slug":"mesa-de-bipedestacion-electrica-azuryt-technomex-tecnologia-europea-ref-za14-501-009","status":"publish","type":"product","link":"https:\/\/www.zannasalud.com\/tienda\/producto\/mesa-de-bipedestacion-electrica-azuryt-technomex-tecnologia-europea-ref-za14-501-009\/","title":{"rendered":"MESA DE BIPEDESTACI\u00d3N EL\u00c9CTRICA AZURYT II"},"content":{"rendered":"<p>Mesa de verticalizaci\u00f3n con altura ajustable.<\/p>\n<p> CARACTER\u00cdSTICAS:<br \/>\n\u2022 Mesa inclinable utilizada para pacientes con inmovilizaci\u00f3n prolongada y para el tratamiento de traumatismos severos de la columna vertebral.<br \/>\n\u2022 Se utiliza en unidades quir\u00fargicas, ortop\u00e9dicas y oncol\u00f3gicas.<br \/>\n\u2022 Mesa de dos partes (superficie principal + soporte para pies).<br \/>\n\u2022 Ajuste el\u00e9ctrico de altura con control remoto manual.<br \/>\n\u2022 Ajuste el\u00e9ctrico preciso de inclinaci\u00f3n con control remoto manual.<br \/>\n\u2022 Tapizado en la paleta de colores seleccionada, resistente a desinfectantes.<br \/>\n\u2022 Marco estable y resistente a los ara\u00f1azos.<\/p>\n<p>EQUIPO ADICIONAL:<br \/>\n\u2022 Sistema de chasis central: ruedas con frenos.<br \/>\n\u2022 Control remoto para los pies.<br \/>\n\u2022 Mesa (soporte para manos) con ajuste de altura.<br \/>\n\u2022 Bater\u00eda port\u00e1til.<\/p>\n<p>DATOS T\u00c9CNICOS:<br \/>\nDimensiones (L x An): 2050 x 750 mm<br \/>\nDimensiones de la superficie (L x An): 2000 x 650 mm<br \/>\nAjuste de altura (mm): 580-960<br \/>\nAjuste de \u00e1ngulo de la superficie (\u00b0): hasta 87<br \/>\nPeso m\u00e1ximo del paciente (kg): 250<\/p>\n","protected":false},"excerpt":{"rendered":"<p>Mesa de tratamiento para traumatismos de columna Azuryt II<\/p>\n","protected":false},"featured_media":4318,"template":"","meta":{"_acf_changed":false,"content-type":""},"product_brand":[],"product_cat":[13467,13255,13301,13466],"product_tag":[11803],"class_list":{"0":"post-31110","1":"product","2":"type-product","3":"status-publish","4":"has-post-thumbnail","6":"product_cat-camillas","7":"product_cat-marca","8":"product_cat-technomex","9":"product_cat-muebles-y-accesorios-para-tratamiento","10":"product_tag-technomex","12":"first","13":"onbackorder","14":"taxable","15":"shipping-taxable","16":"purchasable","17":"product-type-simple"},"acf":[],"_links":{"self":[{"href":"https:\/\/www.zannasalud.com\/tienda\/wp-json\/wp\/v2\/product\/31110","targetHints":{"allow":["GET"]}}],"collection":[{"href":"https:\/\/www.zannasalud.com\/tienda\/wp-json\/wp\/v2\/product"}],"about":[{"href":"https:\/\/www.zannasalud.com\/tienda\/wp-json\/wp\/v2\/types\/product"}],"wp:featuredmedia":[{"embeddable":true,"href":"https:\/\/www.zannasalud.com\/tienda\/wp-json\/wp\/v2\/media\/4318"}],"wp:attachment":[{"href":"https:\/\/www.zannasalud.com\/tienda\/wp-json\/wp\/v2\/media?parent=31110"}],"wp:term":[{"taxonomy":"product_brand","embeddable":true,"href":"https:\/\/www.zannasalud.com\/tienda\/wp-json\/wp\/v2\/product_brand?post=31110"},{"taxonomy":"product_cat","embeddable":true,"href":"https:\/\/www.zannasalud.com\/tienda\/wp-json\/wp\/v2\/product_cat?post=31110"},{"taxonomy":"product_tag","embeddable":true,"href":"https:\/\/www.zannasalud.com\/tienda\/wp-json\/wp\/v2\/product_tag?post=31110"}],"curies":[{"name":"wp","href":"https:\/\/api.w.org\/{rel}","templated":true}]}}