{"id":31109,"date":"2020-11-18T20:24:33","date_gmt":"2020-11-18T20:24:33","guid":{"rendered":"https:\/\/silver-louse-480719.hostingersite.com\/tienda\/producto\/mesa-de-tratamiento-korund-technomex-tecnologia-europea-ref-za14-501-008\/"},"modified":"2025-04-04T14:31:23","modified_gmt":"2025-04-04T14:31:23","slug":"mesa-de-tratamiento-korund-technomex-tecnologia-europea-ref-za14-501-008","status":"publish","type":"product","link":"https:\/\/www.zannasalud.com\/tienda\/producto\/mesa-de-tratamiento-korund-technomex-tecnologia-europea-ref-za14-501-008\/","title":{"rendered":"MESA PARA REHABILITACI\u00d3N AZURIT I"},"content":{"rendered":"<p>Caracter\u00edsticas:<br \/>\n\u2022 Mesa inclinable utilizada para pacientes con inmovilizaci\u00f3n prolongada y para el tratamiento de traumatismos severos de columna.<br \/>\n\u2022 Se utiliza en unidades quir\u00fargicas, ortop\u00e9dicas y oncol\u00f3gicas.<br \/>\n\u2022 Mesa de dos partes (superficie principal + soporte para pies).<br \/>\n\u2022 Ajuste preciso de inclinaci\u00f3n el\u00e9ctrica con control remoto manual.<br \/>\n\u2022 Tapizado en la paleta de colores seleccionada, resistente a desinfectantes.<br \/>\n\u2022 Marco estable y resistente a los ara\u00f1azos.<\/p>\n<p>Datos t\u00e9cnicos:<br \/>\nDimensiones (L x A) [mm]: 1950 x 750<br \/>\nDimensiones de la superficie (L x A) [mm]: 1900 x 650<br \/>\nAltura [mm]: 490<br \/>\nAjuste del \u00e1ngulo de la superficie [\u00b0]: hasta 90<br \/>\nCarga m\u00e1xima est\u00e1tica [kg]: 250<\/p>\n<p>Equipamiento adicional:<br \/>\n\u2022 Ruedas con frenos<br \/>\n\u2022 Control remoto para los pies<br \/>\n\u2022 Mesa (soporte de mano) con ajuste de altura<\/p>\n","protected":false},"excerpt":{"rendered":"<p>Mesa basculante Azuryt I<\/p>\n","protected":false},"featured_media":4317,"template":"","meta":{"_acf_changed":false,"content-type":""},"product_brand":[],"product_cat":[13467,13255,13301,13466],"product_tag":[11803],"class_list":{"0":"post-31109","1":"product","2":"type-product","3":"status-publish","4":"has-post-thumbnail","6":"product_cat-camillas","7":"product_cat-marca","8":"product_cat-technomex","9":"product_cat-muebles-y-accesorios-para-tratamiento","10":"product_tag-technomex","12":"first","13":"onbackorder","14":"taxable","15":"shipping-taxable","16":"purchasable","17":"product-type-simple"},"acf":[],"_links":{"self":[{"href":"https:\/\/www.zannasalud.com\/tienda\/wp-json\/wp\/v2\/product\/31109","targetHints":{"allow":["GET"]}}],"collection":[{"href":"https:\/\/www.zannasalud.com\/tienda\/wp-json\/wp\/v2\/product"}],"about":[{"href":"https:\/\/www.zannasalud.com\/tienda\/wp-json\/wp\/v2\/types\/product"}],"wp:featuredmedia":[{"embeddable":true,"href":"https:\/\/www.zannasalud.com\/tienda\/wp-json\/wp\/v2\/media\/4317"}],"wp:attachment":[{"href":"https:\/\/www.zannasalud.com\/tienda\/wp-json\/wp\/v2\/media?parent=31109"}],"wp:term":[{"taxonomy":"product_brand","embeddable":true,"href":"https:\/\/www.zannasalud.com\/tienda\/wp-json\/wp\/v2\/product_brand?post=31109"},{"taxonomy":"product_cat","embeddable":true,"href":"https:\/\/www.zannasalud.com\/tienda\/wp-json\/wp\/v2\/product_cat?post=31109"},{"taxonomy":"product_tag","embeddable":true,"href":"https:\/\/www.zannasalud.com\/tienda\/wp-json\/wp\/v2\/product_tag?post=31109"}],"curies":[{"name":"wp","href":"https:\/\/api.w.org\/{rel}","templated":true}]}}