{"id":31057,"date":"2020-11-18T20:24:10","date_gmt":"2020-11-18T20:24:10","guid":{"rendered":"https:\/\/silver-louse-480719.hostingersite.com\/tienda\/producto\/cuchara-para-ninos-north-coast-ref-zanc65588\/"},"modified":"2025-04-04T14:31:11","modified_gmt":"2025-04-04T14:31:11","slug":"cuchara-para-ninos-north-coast-ref-zanc65588","status":"publish","type":"product","link":"https:\/\/www.zannasalud.com\/tienda\/producto\/cuchara-para-ninos-north-coast-ref-zanc65588\/","title":{"rendered":"CUCHARA PARA NINOS NORTH COAST\u2122  REF. ZANC65588"},"content":{"rendered":"<p>Estos utensilios de acero inoxidable cuentan con un mango incorporado de 1-3\/8&#8243; (3,5 cm). El material blando y sin l\u00e1tex tiene nervaduras flexibles que se adaptan a cualquier agarre. Este dise\u00f1o de mango es tan \u00fanico que tiene una patente de EE. UU.<br \/>\nLos tenedores y cucharas tienen un giro especial integrado en el eje de metal que permite doblarlos en cualquier \u00e1ngulo, ya sea para uso con la mano izquierda o derecha. Esta es una gran soluci\u00f3n para personas con alcance limitado de la mano a la boca. Las personas con artritis en las manos, deficiencias neurol\u00f3gicas o debilidad generalizada encontrar\u00e1n estos utensilios c\u00f3modos, menos estresantes de sostener y f\u00e1cilmente adaptables.<br \/>\nEl filo especial de la cuchilla dentada proporciona mayor estabilidad durante el corte, incluida la carne.<br \/>\nLa cuchara Souper con\u2122 labio levantado es ideal para personas con temblores, mal control de las manos, artritis, accidente cerebrovascular o enfermedad de Parkinson. El innovador labio est\u00e1 especialmente dise\u00f1ado para mantener los l\u00edquidos y los alimentos en la cuchara mientras se mueve del plato a la boca.<br \/>\nEl juego de utensilios incluye un tenedor, una cuchara peque\u00f1a, una cucharadita, una cucharada y una esp\u00e1tula.<br \/>\nTodos los utensilios son aptos para lavavajillas institucionales.<br \/>\nNo est\u00e1 fabricado con l\u00e1tex de caucho natural.<\/p>\n","protected":false},"excerpt":{"rendered":"<p>El agarre acolchado mantiene el utensilio en la mano, incluso cuando est\u00e1 mojado.<\/p>\n","protected":false},"featured_media":4165,"template":"","meta":{"_acf_changed":false,"content-type":""},"product_brand":[],"product_cat":[13458,13450,13451,13255,13276],"product_tag":[11849],"class_list":{"0":"post-31057","1":"product","2":"type-product","3":"status-publish","4":"has-post-thumbnail","6":"product_cat-alimentacion","7":"product_cat-ayudas-funcionales-adl","8":"product_cat-ayudas-personales","9":"product_cat-marca","10":"product_cat-north-coast","11":"product_tag-north-coast","13":"first","14":"onbackorder","15":"taxable","16":"shipping-taxable","17":"purchasable","18":"product-type-simple"},"acf":[],"_links":{"self":[{"href":"https:\/\/www.zannasalud.com\/tienda\/wp-json\/wp\/v2\/product\/31057","targetHints":{"allow":["GET"]}}],"collection":[{"href":"https:\/\/www.zannasalud.com\/tienda\/wp-json\/wp\/v2\/product"}],"about":[{"href":"https:\/\/www.zannasalud.com\/tienda\/wp-json\/wp\/v2\/types\/product"}],"wp:featuredmedia":[{"embeddable":true,"href":"https:\/\/www.zannasalud.com\/tienda\/wp-json\/wp\/v2\/media\/4165"}],"wp:attachment":[{"href":"https:\/\/www.zannasalud.com\/tienda\/wp-json\/wp\/v2\/media?parent=31057"}],"wp:term":[{"taxonomy":"product_brand","embeddable":true,"href":"https:\/\/www.zannasalud.com\/tienda\/wp-json\/wp\/v2\/product_brand?post=31057"},{"taxonomy":"product_cat","embeddable":true,"href":"https:\/\/www.zannasalud.com\/tienda\/wp-json\/wp\/v2\/product_cat?post=31057"},{"taxonomy":"product_tag","embeddable":true,"href":"https:\/\/www.zannasalud.com\/tienda\/wp-json\/wp\/v2\/product_tag?post=31057"}],"curies":[{"name":"wp","href":"https:\/\/api.w.org\/{rel}","templated":true}]}}