{"id":31050,"date":"2020-11-18T20:24:03","date_gmt":"2020-11-18T20:24:03","guid":{"rendered":"https:\/\/silver-louse-480719.hostingersite.com\/tienda\/producto\/abrefrascos-jarpop-ref-zanc28199\/"},"modified":"2025-04-04T14:31:10","modified_gmt":"2025-04-04T14:31:10","slug":"abrefrascos-jarpop-ref-zanc28199","status":"publish","type":"product","link":"https:\/\/www.zannasalud.com\/tienda\/producto\/abrefrascos-jarpop-ref-zanc28199\/","title":{"rendered":"ABREFRASCOS  JARPOP. REF. ZANC28199"},"content":{"rendered":"<p>JarPop\u2122 abre frascos herm\u00e9ticos sellados al vac\u00edo con poco esfuerzo.<br \/>\nNo es necesario torcer ni girar: un suave levantamiento hacia arriba \u00abrevienta\u00bb el sello, liberando la presi\u00f3n de vac\u00edo para que la tapa se pueda quitar f\u00e1cilmente.<br \/>\nLas tapas siguen siendo resellables despu\u00e9s de abrirlas.<\/p>\n","protected":false},"excerpt":{"rendered":"<p>\u00a1No m\u00e1s retorcer y esforzarse para abrir frascos!<\/p>\n","protected":false},"featured_media":4152,"template":"","meta":{"_acf_changed":false,"content-type":""},"product_brand":[],"product_cat":[13458,13450,13451,13255,13276],"product_tag":[11849],"class_list":{"0":"post-31050","1":"product","2":"type-product","3":"status-publish","4":"has-post-thumbnail","6":"product_cat-alimentacion","7":"product_cat-ayudas-funcionales-adl","8":"product_cat-ayudas-personales","9":"product_cat-marca","10":"product_cat-north-coast","11":"product_tag-north-coast","13":"first","14":"onbackorder","15":"taxable","16":"shipping-taxable","17":"purchasable","18":"product-type-simple"},"acf":[],"_links":{"self":[{"href":"https:\/\/www.zannasalud.com\/tienda\/wp-json\/wp\/v2\/product\/31050","targetHints":{"allow":["GET"]}}],"collection":[{"href":"https:\/\/www.zannasalud.com\/tienda\/wp-json\/wp\/v2\/product"}],"about":[{"href":"https:\/\/www.zannasalud.com\/tienda\/wp-json\/wp\/v2\/types\/product"}],"wp:featuredmedia":[{"embeddable":true,"href":"https:\/\/www.zannasalud.com\/tienda\/wp-json\/wp\/v2\/media\/4152"}],"wp:attachment":[{"href":"https:\/\/www.zannasalud.com\/tienda\/wp-json\/wp\/v2\/media?parent=31050"}],"wp:term":[{"taxonomy":"product_brand","embeddable":true,"href":"https:\/\/www.zannasalud.com\/tienda\/wp-json\/wp\/v2\/product_brand?post=31050"},{"taxonomy":"product_cat","embeddable":true,"href":"https:\/\/www.zannasalud.com\/tienda\/wp-json\/wp\/v2\/product_cat?post=31050"},{"taxonomy":"product_tag","embeddable":true,"href":"https:\/\/www.zannasalud.com\/tienda\/wp-json\/wp\/v2\/product_tag?post=31050"}],"curies":[{"name":"wp","href":"https:\/\/api.w.org\/{rel}","templated":true}]}}