{"id":31048,"date":"2020-11-18T20:24:03","date_gmt":"2020-11-18T20:24:03","guid":{"rendered":"https:\/\/silver-louse-480719.hostingersite.com\/tienda\/producto\/escalon-antideslizante-invacare-ref-zaindep004\/"},"modified":"2024-04-08T19:03:45","modified_gmt":"2024-04-08T19:03:45","slug":"escalon-antideslizante-invacare-ref-zaindep004","status":"publish","type":"product","link":"https:\/\/www.zannasalud.com\/tienda\/producto\/escalon-antideslizante-invacare-ref-zaindep004\/","title":{"rendered":"Escal\u00f3n Antideslizante &#8211; INVACARE REF. ZAINDEP004"},"content":{"rendered":"<div id=\"goog-gt-tt\" class=\"skiptranslate\" dir=\"ltr\">\n<div style=\"padding: 8px;\">Ideada para ser usado como punto de apoyo en cuartos de ba\u00f1o o aseo.  Pero tambi\u00e9n es muy funcional y puede ser utilizados en cocinas o en cualquier punto de su hogar donde necesite una peque\u00f1a elevaci\u00f3n para acceder a objetos o limpiar al contar con funda antideslizante que le aportar\u00e1 mayor seguridad ante posibles accidentes.<\/p>\n<div><\/div>\n<\/div>\n<\/div>\n<div class=\"goog-te-spinner-pos\">\n<div class=\"goog-te-spinner-animation\"><\/div>\n<\/div>\n","protected":false},"excerpt":{"rendered":"<p>Ideada para ser usado como punto de apoyo en cuartos de ba\u00f1o o aseo.  Pero tambi\u00e9n es muy funcional y puede ser utilizados en cocinas o en cualquier punto de su hogar donde necesite una peque\u00f1a elevaci\u00f3n para acceder a objetos o limpiar al contar con funda antideslizante que le aportar\u00e1 mayor seguridad ante posibles accidentes.<\/p>\n","protected":false},"featured_media":4185,"template":"","meta":{"_acf_changed":false,"content-type":""},"product_brand":[],"product_cat":[13450,13451,13457,13255,13459],"product_tag":[12813],"class_list":{"0":"post-31048","1":"product","2":"type-product","3":"status-publish","4":"has-post-thumbnail","6":"product_cat-ayudas-funcionales-adl","7":"product_cat-ayudas-personales","8":"product_cat-bano-y-ducha","9":"product_cat-marca","10":"product_cat-independi","11":"product_tag-independi","13":"first","14":"onbackorder","15":"taxable","16":"shipping-taxable","17":"purchasable","18":"product-type-simple"},"acf":[],"_links":{"self":[{"href":"https:\/\/www.zannasalud.com\/tienda\/wp-json\/wp\/v2\/product\/31048","targetHints":{"allow":["GET"]}}],"collection":[{"href":"https:\/\/www.zannasalud.com\/tienda\/wp-json\/wp\/v2\/product"}],"about":[{"href":"https:\/\/www.zannasalud.com\/tienda\/wp-json\/wp\/v2\/types\/product"}],"wp:featuredmedia":[{"embeddable":true,"href":"https:\/\/www.zannasalud.com\/tienda\/wp-json\/wp\/v2\/media\/4185"}],"wp:attachment":[{"href":"https:\/\/www.zannasalud.com\/tienda\/wp-json\/wp\/v2\/media?parent=31048"}],"wp:term":[{"taxonomy":"product_brand","embeddable":true,"href":"https:\/\/www.zannasalud.com\/tienda\/wp-json\/wp\/v2\/product_brand?post=31048"},{"taxonomy":"product_cat","embeddable":true,"href":"https:\/\/www.zannasalud.com\/tienda\/wp-json\/wp\/v2\/product_cat?post=31048"},{"taxonomy":"product_tag","embeddable":true,"href":"https:\/\/www.zannasalud.com\/tienda\/wp-json\/wp\/v2\/product_tag?post=31048"}],"curies":[{"name":"wp","href":"https:\/\/api.w.org\/{rel}","templated":true}]}}