{"id":31046,"date":"2020-11-18T20:24:03","date_gmt":"2020-11-18T20:24:03","guid":{"rendered":"https:\/\/silver-louse-480719.hostingersite.com\/tienda\/producto\/cojin-para-banera-ref-zaindep002\/"},"modified":"2024-04-08T19:03:45","modified_gmt":"2024-04-08T19:03:45","slug":"cojin-para-banera-ref-zaindep002","status":"publish","type":"product","link":"https:\/\/www.zannasalud.com\/tienda\/producto\/cojin-para-banera-ref-zaindep002\/","title":{"rendered":"Coj\u00edn para Ba\u00f1era REF. ZAINDEP002"},"content":{"rendered":"<div id=\"goog-gt-tt\" class=\"skiptranslate\" dir=\"ltr\">\n<div style=\"padding: 8px;\">Evita dolores en la espalda provocados por la presi\u00f3n entre la espalda y la ba\u00f1era. Coj\u00edn de ba\u00f1era fabricado en PVC, de suave acolchado, que proporciona comodidad y sujeci\u00f3n.<br \/>\nEs f\u00e1cil de limpiar y lavar la m\u00e1quina.<br \/>\nVentosas de agarre al ba\u00f1o para un apoyo firme. <\/p>\n<p>Este coj\u00edn est\u00e1 fabricado en PVC y revestido de frottee, que es un tejido de algod\u00f3n c\u00e1lido y mullido para aliviar el dolor que se puede producir al estar apoyado en la ba\u00f1era.<br \/>\nCuatro ventosas de fijaci\u00f3n impiden que el coj\u00edn se deslice.<\/p>\n<div><\/div>\n<\/div>\n<\/div>\n<div class=\"goog-te-spinner-pos\">\n<div class=\"goog-te-spinner-animation\"><\/div>\n<\/div>\n","protected":false},"excerpt":{"rendered":"<p>Evita dolores en la espalda provocados por la presi\u00f3n entre la espalda y la ba\u00f1era. Coj\u00edn de ba\u00f1era fabricado en PVC, de suave acolchado, que proporciona comodidad y sujeci\u00f3n.<br \/>\nEs f\u00e1cil de limpiar y lavar la m\u00e1quina.<br \/>\nVentosas de agarre al ba\u00f1o para un apoyo firme. <\/p>\n<p>Este coj\u00edn est\u00e1 fabricado en PVC y revestido de frottee, que es un tejido de algod\u00f3n c\u00e1lido y mullido para aliviar el dolor que se puede producir al estar apoyado en la ba\u00f1era.<br \/>\nCuatro ventosas de fijaci\u00f3n impiden que el coj\u00edn se deslice.<\/p>\n","protected":false},"featured_media":4188,"template":"","meta":{"_acf_changed":false,"content-type":""},"product_brand":[],"product_cat":[13450,13451,13457,13255,13459],"product_tag":[12813],"class_list":{"0":"post-31046","1":"product","2":"type-product","3":"status-publish","4":"has-post-thumbnail","6":"product_cat-ayudas-funcionales-adl","7":"product_cat-ayudas-personales","8":"product_cat-bano-y-ducha","9":"product_cat-marca","10":"product_cat-independi","11":"product_tag-independi","13":"first","14":"onbackorder","15":"taxable","16":"shipping-taxable","17":"purchasable","18":"product-type-simple"},"acf":[],"_links":{"self":[{"href":"https:\/\/www.zannasalud.com\/tienda\/wp-json\/wp\/v2\/product\/31046","targetHints":{"allow":["GET"]}}],"collection":[{"href":"https:\/\/www.zannasalud.com\/tienda\/wp-json\/wp\/v2\/product"}],"about":[{"href":"https:\/\/www.zannasalud.com\/tienda\/wp-json\/wp\/v2\/types\/product"}],"wp:featuredmedia":[{"embeddable":true,"href":"https:\/\/www.zannasalud.com\/tienda\/wp-json\/wp\/v2\/media\/4188"}],"wp:attachment":[{"href":"https:\/\/www.zannasalud.com\/tienda\/wp-json\/wp\/v2\/media?parent=31046"}],"wp:term":[{"taxonomy":"product_brand","embeddable":true,"href":"https:\/\/www.zannasalud.com\/tienda\/wp-json\/wp\/v2\/product_brand?post=31046"},{"taxonomy":"product_cat","embeddable":true,"href":"https:\/\/www.zannasalud.com\/tienda\/wp-json\/wp\/v2\/product_cat?post=31046"},{"taxonomy":"product_tag","embeddable":true,"href":"https:\/\/www.zannasalud.com\/tienda\/wp-json\/wp\/v2\/product_tag?post=31046"}],"curies":[{"name":"wp","href":"https:\/\/api.w.org\/{rel}","templated":true}]}}