{"id":31035,"date":"2020-11-18T20:24:03","date_gmt":"2020-11-18T20:24:03","guid":{"rendered":"https:\/\/silver-louse-480719.hostingersite.com\/tienda\/producto\/reborde-para-platos-ref-zanc35213\/"},"modified":"2025-04-04T14:31:07","modified_gmt":"2025-04-04T14:31:07","slug":"reborde-para-platos-ref-zanc35213","status":"publish","type":"product","link":"https:\/\/www.zannasalud.com\/tienda\/producto\/reborde-para-platos-ref-zanc35213\/","title":{"rendered":"Reborde para Platos REF. ZANC35213"},"content":{"rendered":"<p>SureFit\u2122 Food Guards abraza el borde de un plato de forma segura.<br \/>\nHecho de pl\u00e1stico de polipropileno resistente.<br \/>\nDise\u00f1ado para ayudar a que la comida recogida vuelva a caer sobre el utensilio, reduciendo as\u00ed los derrames del borde del plato y la verg\u00fcenza general.<br \/>\nSe adapta a placas con un di\u00e1metro de 8&#8243; a 10-3\/4&#8243; (27 cm).<br \/>\nIdeal para uso con una sola mano. F\u00e1cil de poner y quitar.<br \/>\nMicroondas y rejilla superior, apto para lavavajillas dom\u00e9stico.<br \/>\nDisponible en tres colores.<\/p>\n","protected":false},"excerpt":{"rendered":"<p>El borde contorneado ayuda a mantener la comida en el plato<\/p>\n","protected":false},"featured_media":4157,"template":"","meta":{"_acf_changed":false,"content-type":""},"product_brand":[],"product_cat":[13458,13450,13451,13255,13276],"product_tag":[11849],"class_list":{"0":"post-31035","1":"product","2":"type-product","3":"status-publish","4":"has-post-thumbnail","6":"product_cat-alimentacion","7":"product_cat-ayudas-funcionales-adl","8":"product_cat-ayudas-personales","9":"product_cat-marca","10":"product_cat-north-coast","11":"product_tag-north-coast","13":"first","14":"onbackorder","15":"taxable","16":"shipping-taxable","17":"purchasable","18":"product-type-simple"},"acf":[],"_links":{"self":[{"href":"https:\/\/www.zannasalud.com\/tienda\/wp-json\/wp\/v2\/product\/31035","targetHints":{"allow":["GET"]}}],"collection":[{"href":"https:\/\/www.zannasalud.com\/tienda\/wp-json\/wp\/v2\/product"}],"about":[{"href":"https:\/\/www.zannasalud.com\/tienda\/wp-json\/wp\/v2\/types\/product"}],"wp:featuredmedia":[{"embeddable":true,"href":"https:\/\/www.zannasalud.com\/tienda\/wp-json\/wp\/v2\/media\/4157"}],"wp:attachment":[{"href":"https:\/\/www.zannasalud.com\/tienda\/wp-json\/wp\/v2\/media?parent=31035"}],"wp:term":[{"taxonomy":"product_brand","embeddable":true,"href":"https:\/\/www.zannasalud.com\/tienda\/wp-json\/wp\/v2\/product_brand?post=31035"},{"taxonomy":"product_cat","embeddable":true,"href":"https:\/\/www.zannasalud.com\/tienda\/wp-json\/wp\/v2\/product_cat?post=31035"},{"taxonomy":"product_tag","embeddable":true,"href":"https:\/\/www.zannasalud.com\/tienda\/wp-json\/wp\/v2\/product_tag?post=31035"}],"curies":[{"name":"wp","href":"https:\/\/api.w.org\/{rel}","templated":true}]}}