{"id":31030,"date":"2020-11-18T20:23:55","date_gmt":"2020-11-18T20:23:55","guid":{"rendered":"https:\/\/silver-louse-480719.hostingersite.com\/tienda\/producto\/soporte-apoyabrazos-abatible-de-pared-ref-able2-zanc93030\/"},"modified":"2025-04-04T14:31:07","modified_gmt":"2025-04-04T14:31:07","slug":"soporte-apoyabrazos-abatible-de-pared-ref-able2-zanc93030","status":"publish","type":"product","link":"https:\/\/www.zannasalud.com\/tienda\/producto\/soporte-apoyabrazos-abatible-de-pared-ref-able2-zanc93030\/","title":{"rendered":"Soporte Apoyabrazos Abatible de Pared &#8211; REF. ABLE2 ZANC93030"},"content":{"rendered":"<p>El riel P.T. es\u2122 un riel de soporte horizontal con bisagras que promueve la seguridad de estar de pie y se transfiere hacia y desde un inodoro. Fabricado en aleaci\u00f3n de acero con esmalte blanco horneado.<br \/>\nSe puede montar en una pared o en el m\u00e1stil del suelo (se vende por separado).<br \/>\nProporciona un soporte r\u00edgido donde se necesita, en uno o ambos lados del inodoro.<br \/>\nEl generoso riel de 1-1\/2&#8243; (3,8 cm) de di\u00e1metro proporciona un f\u00e1cil agarre.<br \/>\nCumple con la ADA.<br \/>\nEl dise\u00f1o de riel desplazado evita la tensi\u00f3n de la mu\u00f1eca cuando se usa el riel inferior. El desplazamiento del riel es de 6&#8243; (15 cm) vertical, 1-1\/2&#8243; (3,8 cm) horizontal.<br \/>\nEl modelo de riel izquierdo debe montarse en el lado izquierdo del usuario mientras est\u00e1 sentado. El riel derecho debe montarse en el lado derecho del usuario mientras est\u00e1 sentado.<br \/>\nEl riel mide 28&#8243; (71 cm) desde la pared hasta la punta del riel.<br \/>\nUna placa de pared fija viene con cada riel\u2122 P.T. y mide 5-1\/2&#8243; x 9&#8243; (14 x 23 cm) con cuatro orificios de fijaci\u00f3n de 3\/8&#8243; (9,6 mm).<br \/>\nSe pliega para guardarlo fuera del camino, pero se baja en un instante cuando es necesario.<br \/>\nLa bisagra suave de \u00absensaci\u00f3n fluida\u00bb mantiene su posici\u00f3n dondequiera que est\u00e9, sin soltarse ni caerse inadvertidamente.<br \/>\nViene con una placa de pared para su instalaci\u00f3n en la pared.<br \/>\nEl m\u00e1stil de piso para riel P.T. es\u2122 una columna montada en el piso que permite la instalaci\u00f3n en situaciones en las que no es posible el montaje en la pared.<br \/>\nLa placa del m\u00e1stil de piso mide 4&#8243; x 6&#8243; (10 x 15 cm) con cuatro orificios de 3\/8&#8243; (9,6 cm).<br \/>\nEl sistema de sujeci\u00f3n en el m\u00e1stil del piso permite ajustar la altura del riel superior entre 32&#8243; y 36&#8243; (81 y 91 cm) desde el nivel del piso.<br \/>\nLa capacidad de peso es de 400 libras (184 kg).<\/p>\n","protected":false},"excerpt":{"rendered":"<p>El P.T. Rail\u2122 combina una sensaci\u00f3n de solidez excepcional con un innovador dise\u00f1o de ra\u00edl desplazado para una movilidad m\u00e1s segura.<\/p>\n","protected":false},"featured_media":4197,"template":"","meta":{"_acf_changed":false,"content-type":""},"product_brand":[],"product_cat":[13450,13451,13457,13255,13276],"product_tag":[11849],"class_list":{"0":"post-31030","1":"product","2":"type-product","3":"status-publish","4":"has-post-thumbnail","6":"product_cat-ayudas-funcionales-adl","7":"product_cat-ayudas-personales","8":"product_cat-bano-y-ducha","9":"product_cat-marca","10":"product_cat-north-coast","11":"product_tag-north-coast","13":"first","14":"onbackorder","15":"taxable","16":"shipping-taxable","17":"purchasable","18":"product-type-simple"},"acf":[],"_links":{"self":[{"href":"https:\/\/www.zannasalud.com\/tienda\/wp-json\/wp\/v2\/product\/31030","targetHints":{"allow":["GET"]}}],"collection":[{"href":"https:\/\/www.zannasalud.com\/tienda\/wp-json\/wp\/v2\/product"}],"about":[{"href":"https:\/\/www.zannasalud.com\/tienda\/wp-json\/wp\/v2\/types\/product"}],"wp:featuredmedia":[{"embeddable":true,"href":"https:\/\/www.zannasalud.com\/tienda\/wp-json\/wp\/v2\/media\/4197"}],"wp:attachment":[{"href":"https:\/\/www.zannasalud.com\/tienda\/wp-json\/wp\/v2\/media?parent=31030"}],"wp:term":[{"taxonomy":"product_brand","embeddable":true,"href":"https:\/\/www.zannasalud.com\/tienda\/wp-json\/wp\/v2\/product_brand?post=31030"},{"taxonomy":"product_cat","embeddable":true,"href":"https:\/\/www.zannasalud.com\/tienda\/wp-json\/wp\/v2\/product_cat?post=31030"},{"taxonomy":"product_tag","embeddable":true,"href":"https:\/\/www.zannasalud.com\/tienda\/wp-json\/wp\/v2\/product_tag?post=31030"}],"curies":[{"name":"wp","href":"https:\/\/api.w.org\/{rel}","templated":true}]}}