{"id":31029,"date":"2020-11-18T20:23:55","date_gmt":"2020-11-18T20:23:55","guid":{"rendered":"https:\/\/silver-louse-480719.hostingersite.com\/tienda\/producto\/reposabrazos-para-w-c-de-aluminio-ref-zanc24557\/"},"modified":"2025-04-04T14:31:06","modified_gmt":"2025-04-04T14:31:06","slug":"reposabrazos-para-w-c-de-aluminio-ref-zanc24557","status":"publish","type":"product","link":"https:\/\/www.zannasalud.com\/tienda\/producto\/reposabrazos-para-w-c-de-aluminio-ref-zanc24557\/","title":{"rendered":"Reposabrazos para W.C. de Aluminio REF. ZANC24557"},"content":{"rendered":"<p>Los topes de l\u00ednea evitan que la l\u00ednea de monofilamento se deslice y \u00abbloquean\u00bb la l\u00ednea en su lugar, pero a\u00fan as\u00ed permiten ajustes de longitud f\u00e1ciles.<br \/>\n\u00daselo con bucles, eslingas o bandas el\u00e1sticas.<br \/>\n\u00daselo en f\u00e9rulas din\u00e1micas de bajo perfil.<br \/>\nUse un tope de l\u00ednea de orificio peque\u00f1o NC22556 con una l\u00ednea de monofilamento de 10-40 libras.<br \/>\nUse un tap\u00f3n de l\u00ednea de orificio grande NC22557 con una l\u00ednea de monofilamento de 20-40 libras.<\/p>\n","protected":false},"excerpt":{"rendered":"<p>Ideal para realizar ajustes r\u00e1pidos de tensi\u00f3n y longitud de la l\u00ednea.<\/p>\n","protected":false},"featured_media":4189,"template":"","meta":{"_acf_changed":false,"content-type":""},"product_brand":[],"product_cat":[13450,13451,13457,13255,13276],"product_tag":[11849],"class_list":{"0":"post-31029","1":"product","2":"type-product","3":"status-publish","4":"has-post-thumbnail","6":"product_cat-ayudas-funcionales-adl","7":"product_cat-ayudas-personales","8":"product_cat-bano-y-ducha","9":"product_cat-marca","10":"product_cat-north-coast","11":"product_tag-north-coast","13":"first","14":"onbackorder","15":"taxable","16":"shipping-taxable","17":"purchasable","18":"product-type-simple"},"acf":[],"_links":{"self":[{"href":"https:\/\/www.zannasalud.com\/tienda\/wp-json\/wp\/v2\/product\/31029","targetHints":{"allow":["GET"]}}],"collection":[{"href":"https:\/\/www.zannasalud.com\/tienda\/wp-json\/wp\/v2\/product"}],"about":[{"href":"https:\/\/www.zannasalud.com\/tienda\/wp-json\/wp\/v2\/types\/product"}],"wp:featuredmedia":[{"embeddable":true,"href":"https:\/\/www.zannasalud.com\/tienda\/wp-json\/wp\/v2\/media\/4189"}],"wp:attachment":[{"href":"https:\/\/www.zannasalud.com\/tienda\/wp-json\/wp\/v2\/media?parent=31029"}],"wp:term":[{"taxonomy":"product_brand","embeddable":true,"href":"https:\/\/www.zannasalud.com\/tienda\/wp-json\/wp\/v2\/product_brand?post=31029"},{"taxonomy":"product_cat","embeddable":true,"href":"https:\/\/www.zannasalud.com\/tienda\/wp-json\/wp\/v2\/product_cat?post=31029"},{"taxonomy":"product_tag","embeddable":true,"href":"https:\/\/www.zannasalud.com\/tienda\/wp-json\/wp\/v2\/product_tag?post=31029"}],"curies":[{"name":"wp","href":"https:\/\/api.w.org\/{rel}","templated":true}]}}