{"id":31028,"date":"2020-11-18T20:23:55","date_gmt":"2020-11-18T20:23:55","guid":{"rendered":"https:\/\/silver-louse-480719.hostingersite.com\/tienda\/producto\/tabla-de-banera-extraplana-ref-zanc28954\/"},"modified":"2025-04-04T14:31:06","modified_gmt":"2025-04-04T14:31:06","slug":"tabla-de-banera-extraplana-ref-zanc28954","status":"publish","type":"product","link":"https:\/\/www.zannasalud.com\/tienda\/producto\/tabla-de-banera-extraplana-ref-zanc28954\/","title":{"rendered":"Tabla de Ba\u00f1era Extraplana REF. ZANC28954"},"content":{"rendered":"<p>El banco de ba\u00f1o port\u00e1til es ideal para personas con movilidad reducida.<br \/>\nEl tama\u00f1o compacto es conveniente para viajar y almacenar.<br \/>\nLos topes de goma mantienen el banco en su lugar firmemente sin rayar la superficie de la ba\u00f1era.<br \/>\nMide 31&#8243; x 14-1\/4&#8243; (79 x 36cm). Se adapta a ba\u00f1eras est\u00e1ndar de 19&#8243; a 28&#8243; (48 a 71 cm) de ancho.<br \/>\nSoporta hasta 300 lb (136 kg).<\/p>\n","protected":false},"excerpt":{"rendered":"<p>C\u00f3modo banco de una sola pieza para la ba\u00f1era.<\/p>\n","protected":false},"featured_media":4192,"template":"","meta":{"_acf_changed":false,"content-type":""},"product_brand":[],"product_cat":[13450,13451,13457,13255,13276],"product_tag":[11849],"class_list":{"0":"post-31028","1":"product","2":"type-product","3":"status-publish","4":"has-post-thumbnail","6":"product_cat-ayudas-funcionales-adl","7":"product_cat-ayudas-personales","8":"product_cat-bano-y-ducha","9":"product_cat-marca","10":"product_cat-north-coast","11":"product_tag-north-coast","13":"first","14":"onbackorder","15":"taxable","16":"shipping-taxable","17":"purchasable","18":"product-type-simple"},"acf":[],"_links":{"self":[{"href":"https:\/\/www.zannasalud.com\/tienda\/wp-json\/wp\/v2\/product\/31028","targetHints":{"allow":["GET"]}}],"collection":[{"href":"https:\/\/www.zannasalud.com\/tienda\/wp-json\/wp\/v2\/product"}],"about":[{"href":"https:\/\/www.zannasalud.com\/tienda\/wp-json\/wp\/v2\/types\/product"}],"wp:featuredmedia":[{"embeddable":true,"href":"https:\/\/www.zannasalud.com\/tienda\/wp-json\/wp\/v2\/media\/4192"}],"wp:attachment":[{"href":"https:\/\/www.zannasalud.com\/tienda\/wp-json\/wp\/v2\/media?parent=31028"}],"wp:term":[{"taxonomy":"product_brand","embeddable":true,"href":"https:\/\/www.zannasalud.com\/tienda\/wp-json\/wp\/v2\/product_brand?post=31028"},{"taxonomy":"product_cat","embeddable":true,"href":"https:\/\/www.zannasalud.com\/tienda\/wp-json\/wp\/v2\/product_cat?post=31028"},{"taxonomy":"product_tag","embeddable":true,"href":"https:\/\/www.zannasalud.com\/tienda\/wp-json\/wp\/v2\/product_tag?post=31028"}],"curies":[{"name":"wp","href":"https:\/\/api.w.org\/{rel}","templated":true}]}}