{"id":31025,"date":"2020-11-18T20:23:55","date_gmt":"2020-11-18T20:23:55","guid":{"rendered":"https:\/\/silver-louse-480719.hostingersite.com\/tienda\/producto\/cortaunas-asistido-de-sobremesa-ref-zanc28698\/"},"modified":"2025-04-04T14:31:05","modified_gmt":"2025-04-04T14:31:05","slug":"cortaunas-asistido-de-sobremesa-ref-zanc28698","status":"publish","type":"product","link":"https:\/\/www.zannasalud.com\/tienda\/producto\/cortaunas-asistido-de-sobremesa-ref-zanc28698\/","title":{"rendered":"Cortau\u00f1as Asistido de Sobremesa REF. ZANC28698"},"content":{"rendered":"<p>Estos dispositivos de aseo est\u00e1n unidos a bases de pl\u00e1stico s\u00f3lido que tienen patas de ventosa para asegurarlos durante el uso<br \/>\nLa tabla del corta\u00fa\u00f1as tiene un corta\u00fa\u00f1as de tama\u00f1o est\u00e1ndar unido de forma segura a una base de pl\u00e1stico que mide 4&#8243; x 2&#8243; (10 x 5 cm)<\/p>\n","protected":false},"excerpt":{"rendered":"<p>Para cortar u\u00f1as.<\/p>\n","protected":false},"featured_media":4180,"template":"","meta":{"_acf_changed":false,"content-type":""},"product_brand":[],"product_cat":[13450,13451,13255,13276,13453],"product_tag":[11849],"class_list":{"0":"post-31025","1":"product","2":"type-product","3":"status-publish","4":"has-post-thumbnail","6":"product_cat-ayudas-funcionales-adl","7":"product_cat-ayudas-personales","8":"product_cat-marca","9":"product_cat-north-coast","10":"product_cat-vestir","11":"product_tag-north-coast","13":"first","14":"onbackorder","15":"taxable","16":"shipping-taxable","17":"purchasable","18":"product-type-simple"},"acf":[],"_links":{"self":[{"href":"https:\/\/www.zannasalud.com\/tienda\/wp-json\/wp\/v2\/product\/31025","targetHints":{"allow":["GET"]}}],"collection":[{"href":"https:\/\/www.zannasalud.com\/tienda\/wp-json\/wp\/v2\/product"}],"about":[{"href":"https:\/\/www.zannasalud.com\/tienda\/wp-json\/wp\/v2\/types\/product"}],"wp:featuredmedia":[{"embeddable":true,"href":"https:\/\/www.zannasalud.com\/tienda\/wp-json\/wp\/v2\/media\/4180"}],"wp:attachment":[{"href":"https:\/\/www.zannasalud.com\/tienda\/wp-json\/wp\/v2\/media?parent=31025"}],"wp:term":[{"taxonomy":"product_brand","embeddable":true,"href":"https:\/\/www.zannasalud.com\/tienda\/wp-json\/wp\/v2\/product_brand?post=31025"},{"taxonomy":"product_cat","embeddable":true,"href":"https:\/\/www.zannasalud.com\/tienda\/wp-json\/wp\/v2\/product_cat?post=31025"},{"taxonomy":"product_tag","embeddable":true,"href":"https:\/\/www.zannasalud.com\/tienda\/wp-json\/wp\/v2\/product_tag?post=31025"}],"curies":[{"name":"wp","href":"https:\/\/api.w.org\/{rel}","templated":true}]}}