{"id":31022,"date":"2020-11-18T20:23:55","date_gmt":"2020-11-18T20:23:55","guid":{"rendered":"https:\/\/silver-louse-480719.hostingersite.com\/tienda\/producto\/colocador-de-medias-sock-assist-ref-zanc32500-1\/"},"modified":"2025-04-04T14:31:05","modified_gmt":"2025-04-04T14:31:05","slug":"colocador-de-medias-sock-assist-ref-zanc32500-1","status":"publish","type":"product","link":"https:\/\/www.zannasalud.com\/tienda\/producto\/colocador-de-medias-sock-assist-ref-zanc32500-1\/","title":{"rendered":"COLOCADOR DE MEDIAS. SOCK ASSIST REF. ZANC32500-1"},"content":{"rendered":"<p>El Achieva\u2122 Sock-Assist\u2122, f\u00e1cil de usar, se coloca plano en el suelo, se adapta a pies y pantorrillas de todos los tama\u00f1os, tiene una superficie antiadherente y tira del calcet\u00edn hacia arriba de la pantorrilla en lugar de soltarlo en el tobillo.<br \/>\nSu dise\u00f1o innovador permite ponerse f\u00e1cilmente calcetines o medias de nailon hasta la rodilla con una o dos manos. Tambi\u00e9n funciona con manguera el\u00e1stica de compresi\u00f3n.<br \/>\nDos alas laterales mantienen el calcet\u00edn en el Sock-Assist\u2122 hasta que se suelta en la pantorrilla.<br \/>\nLa leng\u00fceta central ayuda a facilitar el calcet\u00edn en el dispositivo.<br \/>\nEl polipropileno flexible \u00abcede\u00bb para acomodar los calcetines.<br \/>\nLa superficie inferior plana evita que el Sock-Assist\u2122 ruede.<br \/>\nLa plantilla ancha se adapta a pies medios a anchos. El ancho var\u00eda de 4.5&#8243; a 5.5&#8243;. La longitud mide 7&#8243;.<br \/>\nLas paredes laterales contorneadas ayudan a sujetar el calcet\u00edn en el dispositivo.<br \/>\nLas bengalas traseras evitan que el cord\u00f3n roce con la piel.<br \/>\nLa superficie texturizada evita que la piel se pegue a la ayuda del calcet\u00edn.<br \/>\nDisponible en dos modelos, con asa de bucle y con dos asas de cable<br \/>\nLas manijas de cable de 24&#8243; (61 cm) se pueden cortar para ajustar la longitud.<\/p>\n","protected":false},"excerpt":{"rendered":"<p>Facilitador Innovador de Calcetines y Medias<\/p>\n","protected":false},"featured_media":4181,"template":"","meta":{"_acf_changed":false,"content-type":""},"product_brand":[],"product_cat":[13450,13451,13255,13276,13453],"product_tag":[11849],"class_list":{"0":"post-31022","1":"product","2":"type-product","3":"status-publish","4":"has-post-thumbnail","6":"product_cat-ayudas-funcionales-adl","7":"product_cat-ayudas-personales","8":"product_cat-marca","9":"product_cat-north-coast","10":"product_cat-vestir","11":"product_tag-north-coast","13":"first","14":"instock","15":"taxable","16":"shipping-taxable","17":"purchasable","18":"product-type-simple"},"acf":[],"_links":{"self":[{"href":"https:\/\/www.zannasalud.com\/tienda\/wp-json\/wp\/v2\/product\/31022","targetHints":{"allow":["GET"]}}],"collection":[{"href":"https:\/\/www.zannasalud.com\/tienda\/wp-json\/wp\/v2\/product"}],"about":[{"href":"https:\/\/www.zannasalud.com\/tienda\/wp-json\/wp\/v2\/types\/product"}],"wp:featuredmedia":[{"embeddable":true,"href":"https:\/\/www.zannasalud.com\/tienda\/wp-json\/wp\/v2\/media\/4181"}],"wp:attachment":[{"href":"https:\/\/www.zannasalud.com\/tienda\/wp-json\/wp\/v2\/media?parent=31022"}],"wp:term":[{"taxonomy":"product_brand","embeddable":true,"href":"https:\/\/www.zannasalud.com\/tienda\/wp-json\/wp\/v2\/product_brand?post=31022"},{"taxonomy":"product_cat","embeddable":true,"href":"https:\/\/www.zannasalud.com\/tienda\/wp-json\/wp\/v2\/product_cat?post=31022"},{"taxonomy":"product_tag","embeddable":true,"href":"https:\/\/www.zannasalud.com\/tienda\/wp-json\/wp\/v2\/product_tag?post=31022"}],"curies":[{"name":"wp","href":"https:\/\/api.w.org\/{rel}","templated":true}]}}