{"id":30998,"date":"2020-11-18T20:23:48","date_gmt":"2020-11-18T20:23:48","guid":{"rendered":"https:\/\/silver-louse-480719.hostingersite.com\/tienda\/producto\/estereognosis-kit-ref-nc70146\/"},"modified":"2024-04-08T19:03:41","modified_gmt":"2024-04-08T19:03:41","slug":"estereognosis-kit-ref-nc70146","status":"publish","type":"product","link":"https:\/\/www.zannasalud.com\/tienda\/producto\/estereognosis-kit-ref-nc70146\/","title":{"rendered":"ESTEREOGNOSIS KIT REF. NC70146"},"content":{"rendered":"<div id=\"goog-gt-tt\" class=\"skiptranslate\" dir=\"ltr\">\n<div style=\"padding: 8px;\">INCLUYE TODOS LOS ELEMENTOS NECESARIOS PARA LA EVALUACION DENRO DE UN KIT CONVENIENTE.<br \/>\n\u2022 Contiene 17 temas comunes y las tarjetas de juego para la evaluaci\u00f3n de estereognosis.<br \/>\n\u2022 Las tarjetas de 3 \u00abx 5\u00bb (7,6 x 13 cm) son tarjetas de laminado para uso a largo plazo. Cada carta tiene un dibujo y el nombre del elemento en Espa\u00f1ol e Ingl\u00e9s. La respuesta est\u00e1 en la parte posterior de cada tarjeta.<\/p>\n<div><\/div>\n<\/div>\n<\/div>\n<div class=\"goog-te-spinner-pos\">\n<div class=\"goog-te-spinner-animation\"><\/div>\n<\/div>\n","protected":false},"excerpt":{"rendered":"<p>INCLUYE TODOS LOS ELEMENTOS NECESARIOS PARA LA EVALUACION DENRO DE UN KIT CONVENIENTE.<br \/>\n\u2022 Contiene 17 temas comunes y las tarjetas de juego para la evaluaci\u00f3n de estereognosis.<br \/>\n\u2022 Las tarjetas de 3 \u00abx 5\u00bb (7,6 x 13 cm) son tarjetas de laminado para uso a largo plazo. Cada carta tiene un dibujo y el nombre del elemento en Espa\u00f1ol e Ingl\u00e9s. La respuesta est\u00e1 en la parte posterior de cada tarjeta.<\/p>\n","protected":false},"featured_media":4932,"template":"","meta":{"_acf_changed":false,"content-type":""},"product_brand":[],"product_cat":[13445,13441,13444,13255,13276,13443,13442],"product_tag":[11849],"class_list":{"0":"post-30998","1":"product","2":"type-product","3":"status-publish","4":"has-post-thumbnail","6":"product_cat-actividades-de-motricidad-fina","7":"product_cat-evaluacion-cognitiva","8":"product_cat-manipulativos","9":"product_cat-marca","10":"product_cat-north-coast","11":"product_cat-perceptual-y-motor-new","12":"product_cat-sensorial","13":"product_tag-north-coast","15":"first","16":"onbackorder","17":"taxable","18":"shipping-taxable","19":"purchasable","20":"product-type-simple"},"acf":[],"_links":{"self":[{"href":"https:\/\/www.zannasalud.com\/tienda\/wp-json\/wp\/v2\/product\/30998","targetHints":{"allow":["GET"]}}],"collection":[{"href":"https:\/\/www.zannasalud.com\/tienda\/wp-json\/wp\/v2\/product"}],"about":[{"href":"https:\/\/www.zannasalud.com\/tienda\/wp-json\/wp\/v2\/types\/product"}],"wp:featuredmedia":[{"embeddable":true,"href":"https:\/\/www.zannasalud.com\/tienda\/wp-json\/wp\/v2\/media\/4932"}],"wp:attachment":[{"href":"https:\/\/www.zannasalud.com\/tienda\/wp-json\/wp\/v2\/media?parent=30998"}],"wp:term":[{"taxonomy":"product_brand","embeddable":true,"href":"https:\/\/www.zannasalud.com\/tienda\/wp-json\/wp\/v2\/product_brand?post=30998"},{"taxonomy":"product_cat","embeddable":true,"href":"https:\/\/www.zannasalud.com\/tienda\/wp-json\/wp\/v2\/product_cat?post=30998"},{"taxonomy":"product_tag","embeddable":true,"href":"https:\/\/www.zannasalud.com\/tienda\/wp-json\/wp\/v2\/product_tag?post=30998"}],"curies":[{"name":"wp","href":"https:\/\/api.w.org\/{rel}","templated":true}]}}