{"id":30992,"date":"2020-11-18T20:23:41","date_gmt":"2020-11-18T20:23:41","guid":{"rendered":"https:\/\/silver-louse-480719.hostingersite.com\/tienda\/producto\/tabla-de-ejercicios-para-mano-hook-and-loop-north-coast-ref-zanc52091\/"},"modified":"2025-04-04T14:31:02","modified_gmt":"2025-04-04T14:31:02","slug":"tabla-de-ejercicios-para-mano-hook-and-loop-north-coast-ref-zanc52091","status":"publish","type":"product","link":"https:\/\/www.zannasalud.com\/tienda\/producto\/tabla-de-ejercicios-para-mano-hook-and-loop-north-coast-ref-zanc52091\/","title":{"rendered":"TABLA DE EJERCICIOS PARA MANO  HOOK AND LOOP NORTH COAST\u2122 REF. ZANC52091"},"content":{"rendered":"<p>\u00daselo para fortalecer dedos, manos y antebrazos.<br \/>\nLa variedad de tama\u00f1os y formas ayuda a mejorar la capacidad de pellizco y agarre.<br \/>\nLa tabla mide 12&#8243; x 9&#8243; (30 x 23 cm) y est\u00e1 cubierta con material de bucle para proporcionar resistencia.<br \/>\nCuatro pies de ventosa aseguran la tabla en su lugar.<br \/>\nIncluye un bloque y seis rodillos cubiertos con gancho.<\/p>\n","protected":false},"excerpt":{"rendered":"<p>Crea un programa para la pronaci\u00f3n, supinaci\u00f3n y flexi\u00f3n o extensi\u00f3n de la mu\u00f1eca.<\/p>\n","protected":false},"featured_media":10222,"template":"","meta":{"_acf_changed":false,"content-type":""},"product_brand":[],"product_cat":[13445,13441,13444,13255,13276,13443,13442],"product_tag":[11849],"class_list":{"0":"post-30992","1":"product","2":"type-product","3":"status-publish","4":"has-post-thumbnail","6":"product_cat-actividades-de-motricidad-fina","7":"product_cat-evaluacion-cognitiva","8":"product_cat-manipulativos","9":"product_cat-marca","10":"product_cat-north-coast","11":"product_cat-perceptual-y-motor-new","12":"product_cat-sensorial","13":"product_tag-north-coast","15":"first","16":"onbackorder","17":"taxable","18":"shipping-taxable","19":"purchasable","20":"product-type-simple"},"acf":[],"_links":{"self":[{"href":"https:\/\/www.zannasalud.com\/tienda\/wp-json\/wp\/v2\/product\/30992","targetHints":{"allow":["GET"]}}],"collection":[{"href":"https:\/\/www.zannasalud.com\/tienda\/wp-json\/wp\/v2\/product"}],"about":[{"href":"https:\/\/www.zannasalud.com\/tienda\/wp-json\/wp\/v2\/types\/product"}],"wp:featuredmedia":[{"embeddable":true,"href":"https:\/\/www.zannasalud.com\/tienda\/wp-json\/wp\/v2\/media\/10222"}],"wp:attachment":[{"href":"https:\/\/www.zannasalud.com\/tienda\/wp-json\/wp\/v2\/media?parent=30992"}],"wp:term":[{"taxonomy":"product_brand","embeddable":true,"href":"https:\/\/www.zannasalud.com\/tienda\/wp-json\/wp\/v2\/product_brand?post=30992"},{"taxonomy":"product_cat","embeddable":true,"href":"https:\/\/www.zannasalud.com\/tienda\/wp-json\/wp\/v2\/product_cat?post=30992"},{"taxonomy":"product_tag","embeddable":true,"href":"https:\/\/www.zannasalud.com\/tienda\/wp-json\/wp\/v2\/product_tag?post=30992"}],"curies":[{"name":"wp","href":"https:\/\/api.w.org\/{rel}","templated":true}]}}