{"id":30967,"date":"2020-11-18T20:23:34","date_gmt":"2020-11-18T20:23:34","guid":{"rendered":"https:\/\/silver-louse-480719.hostingersite.com\/tienda\/producto\/volumetro-de-antebrazo-ref-zanc70312\/"},"modified":"2025-04-04T14:31:01","modified_gmt":"2025-04-04T14:31:01","slug":"volumetro-de-antebrazo-ref-zanc70312","status":"publish","type":"product","link":"https:\/\/www.zannasalud.com\/tienda\/producto\/volumetro-de-antebrazo-ref-zanc70312\/","title":{"rendered":"VOL\u00daMETRO  DE ANTEBRAZO REF. ZANC70312"},"content":{"rendered":"<p>Dise\u00f1ado para medir objetivamente el volumen de la parte del cuerpo mediante el m\u00e9todo de desplazamiento de fluidos.<br \/>\nSumerja la extremidad o la extremidad en el volumen lleno de agua, recoja el agua desplazada en un recipiente y mida la cantidad de desbordamiento para determinar comparativamente los cambios de hinchaz\u00f3n utilizando un cilindro graduado.<br \/>\nEl volumen est\u00e1 hecho de lucita de 1\/4&#8243; (6,3 mm) de espesor.<br \/>\nEl conjunto mide los cambios volum\u00e9tricos a lo largo del tiempo.<br \/>\nCada juego incluye un volumen, un receptor de desbordamiento y un cilindro graduado de 17 onzas l\u00edquidas (503 ml).<\/p>\n","protected":false},"excerpt":{"rendered":"<p>Mida y cuantifique con precisi\u00f3n el edema.<\/p>\n","protected":false},"featured_media":4131,"template":"","meta":{"_acf_changed":false,"content-type":""},"product_brand":[],"product_cat":[13255,13276,13409,13418,13427],"product_tag":[11849],"class_list":{"0":"post-30967","1":"product","2":"type-product","3":"status-publish","4":"has-post-thumbnail","6":"product_cat-marca","7":"product_cat-north-coast","8":"product_cat-obtencion-de-datos","9":"product_cat-talla-y-edema","10":"product_cat-volumetros","11":"product_tag-north-coast","13":"first","14":"onbackorder","15":"taxable","16":"shipping-taxable","17":"purchasable","18":"product-type-simple"},"acf":[],"_links":{"self":[{"href":"https:\/\/www.zannasalud.com\/tienda\/wp-json\/wp\/v2\/product\/30967","targetHints":{"allow":["GET"]}}],"collection":[{"href":"https:\/\/www.zannasalud.com\/tienda\/wp-json\/wp\/v2\/product"}],"about":[{"href":"https:\/\/www.zannasalud.com\/tienda\/wp-json\/wp\/v2\/types\/product"}],"wp:featuredmedia":[{"embeddable":true,"href":"https:\/\/www.zannasalud.com\/tienda\/wp-json\/wp\/v2\/media\/4131"}],"wp:attachment":[{"href":"https:\/\/www.zannasalud.com\/tienda\/wp-json\/wp\/v2\/media?parent=30967"}],"wp:term":[{"taxonomy":"product_brand","embeddable":true,"href":"https:\/\/www.zannasalud.com\/tienda\/wp-json\/wp\/v2\/product_brand?post=30967"},{"taxonomy":"product_cat","embeddable":true,"href":"https:\/\/www.zannasalud.com\/tienda\/wp-json\/wp\/v2\/product_cat?post=30967"},{"taxonomy":"product_tag","embeddable":true,"href":"https:\/\/www.zannasalud.com\/tienda\/wp-json\/wp\/v2\/product_tag?post=30967"}],"curies":[{"name":"wp","href":"https:\/\/api.w.org\/{rel}","templated":true}]}}