{"id":30964,"date":"2020-11-18T20:23:34","date_gmt":"2020-11-18T20:23:34","guid":{"rendered":"https:\/\/silver-louse-480719.hostingersite.com\/tienda\/producto\/molinete-baseline-ref-zafab12-1450\/"},"modified":"2025-04-04T14:31:01","modified_gmt":"2025-04-04T14:31:01","slug":"molinete-baseline-ref-zafab12-1450","status":"publish","type":"product","link":"https:\/\/www.zannasalud.com\/tienda\/producto\/molinete-baseline-ref-zafab12-1450\/","title":{"rendered":"MOLINETE BASELINE\u00ae REF. ZAFAB12-1450"},"content":{"rendered":"<p>Ideal para hospitales, centros de fisioterapia, cl\u00ednicas y escuelas, el molinete neurol\u00f3gico de Wartenberg es un molinete neurol\u00f3gico apto para autoclave que analiza el da\u00f1o a los nervios. Fabricado en acero inoxidable, mide la respuesta sensorial cut\u00e1nea a trav\u00e9s del molinete giratorio que est\u00e1 unido al mango. Estos molinetes vienen envueltos individualmente pero son reutilizables y aptos para autoclave para ser esterilizados. Son ideales para ortopedistas, neur\u00f3logos, neurocirujanos o consultorios privados para diagnosticar da\u00f1os y trastornos nerviosos. Adem\u00e1s, estos molinetes son \u00fatiles para el diagn\u00f3stico, el seguimiento del progreso de la fisioterapia y las respuestas de percepci\u00f3n del dolor en los pacientes. Adem\u00e1s, no contienen l\u00e1tex.<\/p>\n","protected":false},"excerpt":{"rendered":"<p>Instrumento para an\u00e1lisis de da\u00f1o nervioso<\/p>\n","protected":false},"featured_media":4104,"template":"","meta":{"_acf_changed":false,"content-type":""},"product_brand":[],"product_cat":[13255,13311,13426,13409,13410],"product_tag":[11858],"class_list":{"0":"post-30964","1":"product","2":"type-product","3":"status-publish","4":"has-post-thumbnail","6":"product_cat-marca","7":"product_cat-fabrication-enterpreses","8":"product_cat-martillos","9":"product_cat-obtencion-de-datos","10":"product_cat-sensibilidad","11":"product_tag-fabrication-enterpreses","13":"first","14":"onbackorder","15":"taxable","16":"shipping-taxable","17":"purchasable","18":"product-type-simple"},"acf":[],"_links":{"self":[{"href":"https:\/\/www.zannasalud.com\/tienda\/wp-json\/wp\/v2\/product\/30964","targetHints":{"allow":["GET"]}}],"collection":[{"href":"https:\/\/www.zannasalud.com\/tienda\/wp-json\/wp\/v2\/product"}],"about":[{"href":"https:\/\/www.zannasalud.com\/tienda\/wp-json\/wp\/v2\/types\/product"}],"wp:featuredmedia":[{"embeddable":true,"href":"https:\/\/www.zannasalud.com\/tienda\/wp-json\/wp\/v2\/media\/4104"}],"wp:attachment":[{"href":"https:\/\/www.zannasalud.com\/tienda\/wp-json\/wp\/v2\/media?parent=30964"}],"wp:term":[{"taxonomy":"product_brand","embeddable":true,"href":"https:\/\/www.zannasalud.com\/tienda\/wp-json\/wp\/v2\/product_brand?post=30964"},{"taxonomy":"product_cat","embeddable":true,"href":"https:\/\/www.zannasalud.com\/tienda\/wp-json\/wp\/v2\/product_cat?post=30964"},{"taxonomy":"product_tag","embeddable":true,"href":"https:\/\/www.zannasalud.com\/tienda\/wp-json\/wp\/v2\/product_tag?post=30964"}],"curies":[{"name":"wp","href":"https:\/\/api.w.org\/{rel}","templated":true}]}}