{"id":30954,"date":"2020-11-18T20:23:27","date_gmt":"2020-11-18T20:23:27","guid":{"rendered":"https:\/\/silver-louse-480719.hostingersite.com\/tienda\/producto\/goniometro-digital-absolute-axis-ref-zafab12-1025\/"},"modified":"2025-04-04T14:30:59","modified_gmt":"2025-04-04T14:30:59","slug":"goniometro-digital-absolute-axis-ref-zafab12-1025","status":"publish","type":"product","link":"https:\/\/www.zannasalud.com\/tienda\/producto\/goniometro-digital-absolute-axis-ref-zafab12-1025\/","title":{"rendered":"GONI\u00d3METRO DIGITAL + ABSOLUTE AXIS \u2122  REF. ZAFAB12-1025"},"content":{"rendered":"<p>El goni\u00f3metro de pl\u00e1stico Baseline Absolute + Axis &#8211; Cabeza de 360 grados &#8211; Los brazos de 12 pulgadas tienen un Absolute + Axis integrado en el extremo de un brazo. El goni\u00f3metro Absolute+Axis (AA) establece una vertical u horizontal \u00abverdadera\u00bb hasta el punto de inicio de una medici\u00f3n. Muchas mediciones goniom\u00e9tricas requieren que un brazo del goni\u00f3metro se coloque horizontal o verticalmente. A continuaci\u00f3n, el otro brazo se alinea con la parte del cuerpo del paciente. Hasta ahora, el practicante ten\u00eda que \u00abasumir\u00bb o \u00abmirar\u00bb la posici\u00f3n vertical u horizontal. Esta interpolaci\u00f3n suele ser incorrecta e introduce errores de medici\u00f3n. El goni\u00f3metro Absolute+Axis elimina la variabilidad de la medici\u00f3n y permite al profesional concentrarse en la colocaci\u00f3n correcta del otro brazo del goni\u00f3metro y en la posici\u00f3n del cuerpo del paciente. Algunas medidas que el goni\u00f3metro AA est\u00e1 dise\u00f1ado para mejorar son: rotaci\u00f3n de hombros y cadera (interna, externa); flexi\u00f3n, extensi\u00f3n, rotaci\u00f3n y flexi\u00f3n lateral cervical; flexibilidad de los isquiotibiales; y ROM activa. <\/p>\n","protected":false},"excerpt":{"rendered":"<p>Goni\u00f3metro Baseline Absolute + Axis: Precisi\u00f3n y Facilidad en Mediciones.<\/p>\n","protected":false},"featured_media":4108,"template":"","meta":{"_acf_changed":false,"content-type":""},"product_brand":[],"product_cat":[13417,13255,13311,13409,13375],"product_tag":[11858],"class_list":{"0":"post-30954","1":"product","2":"type-product","3":"status-publish","4":"has-post-thumbnail","6":"product_cat-goniometros","7":"product_cat-marca","8":"product_cat-fabrication-enterpreses","9":"product_cat-obtencion-de-datos","10":"product_cat-rango-de-movimiento","11":"product_tag-fabrication-enterpreses","13":"first","14":"onbackorder","15":"taxable","16":"shipping-taxable","17":"purchasable","18":"product-type-simple"},"acf":[],"_links":{"self":[{"href":"https:\/\/www.zannasalud.com\/tienda\/wp-json\/wp\/v2\/product\/30954","targetHints":{"allow":["GET"]}}],"collection":[{"href":"https:\/\/www.zannasalud.com\/tienda\/wp-json\/wp\/v2\/product"}],"about":[{"href":"https:\/\/www.zannasalud.com\/tienda\/wp-json\/wp\/v2\/types\/product"}],"wp:featuredmedia":[{"embeddable":true,"href":"https:\/\/www.zannasalud.com\/tienda\/wp-json\/wp\/v2\/media\/4108"}],"wp:attachment":[{"href":"https:\/\/www.zannasalud.com\/tienda\/wp-json\/wp\/v2\/media?parent=30954"}],"wp:term":[{"taxonomy":"product_brand","embeddable":true,"href":"https:\/\/www.zannasalud.com\/tienda\/wp-json\/wp\/v2\/product_brand?post=30954"},{"taxonomy":"product_cat","embeddable":true,"href":"https:\/\/www.zannasalud.com\/tienda\/wp-json\/wp\/v2\/product_cat?post=30954"},{"taxonomy":"product_tag","embeddable":true,"href":"https:\/\/www.zannasalud.com\/tienda\/wp-json\/wp\/v2\/product_tag?post=30954"}],"curies":[{"name":"wp","href":"https:\/\/api.w.org\/{rel}","templated":true}]}}