{"id":30949,"date":"2020-11-18T20:23:27","date_gmt":"2020-11-18T20:23:27","guid":{"rendered":"https:\/\/silver-louse-480719.hostingersite.com\/tienda\/producto\/goniometro-exacta-ref-zanc70100\/"},"modified":"2025-04-04T14:30:57","modified_gmt":"2025-04-04T14:30:57","slug":"goniometro-exacta-ref-zanc70100","status":"publish","type":"product","link":"https:\/\/www.zannasalud.com\/tienda\/producto\/goniometro-exacta-ref-zanc70100\/","title":{"rendered":"GONIOMETRO EXACTA \u2122 REF. ZANC70100"},"content":{"rendered":"<p>Hecho de pl\u00e1stico transparente con un fondo blanco detr\u00e1s de n\u00fameros y gradaciones para mayor legibilidad.<br \/>\nMide el rango de movimiento de las mu\u00f1ecas y los dedos.<br \/>\nMedidas lineales de hasta 4&#8243; y hasta 11cm.<br \/>\nEl goni\u00f3metro mide 6&#8243; (15 cm) de largo.<br \/>\nLa escala de 180\u00b0 est\u00e1 marcada en incrementos de 5\u00b0.<\/p>\n","protected":false},"excerpt":{"rendered":"<p>Goni\u00f3metro econ\u00f3mico y f\u00e1cil de leer.<\/p>\n","protected":false},"featured_media":4110,"template":"","meta":{"_acf_changed":false,"content-type":""},"product_brand":[],"product_cat":[13417,13255,13276,13409,13375],"product_tag":[11849],"class_list":{"0":"post-30949","1":"product","2":"type-product","3":"status-publish","4":"has-post-thumbnail","6":"product_cat-goniometros","7":"product_cat-marca","8":"product_cat-north-coast","9":"product_cat-obtencion-de-datos","10":"product_cat-rango-de-movimiento","11":"product_tag-north-coast","13":"first","14":"onbackorder","15":"taxable","16":"shipping-taxable","17":"purchasable","18":"product-type-simple"},"acf":[],"_links":{"self":[{"href":"https:\/\/www.zannasalud.com\/tienda\/wp-json\/wp\/v2\/product\/30949","targetHints":{"allow":["GET"]}}],"collection":[{"href":"https:\/\/www.zannasalud.com\/tienda\/wp-json\/wp\/v2\/product"}],"about":[{"href":"https:\/\/www.zannasalud.com\/tienda\/wp-json\/wp\/v2\/types\/product"}],"wp:featuredmedia":[{"embeddable":true,"href":"https:\/\/www.zannasalud.com\/tienda\/wp-json\/wp\/v2\/media\/4110"}],"wp:attachment":[{"href":"https:\/\/www.zannasalud.com\/tienda\/wp-json\/wp\/v2\/media?parent=30949"}],"wp:term":[{"taxonomy":"product_brand","embeddable":true,"href":"https:\/\/www.zannasalud.com\/tienda\/wp-json\/wp\/v2\/product_brand?post=30949"},{"taxonomy":"product_cat","embeddable":true,"href":"https:\/\/www.zannasalud.com\/tienda\/wp-json\/wp\/v2\/product_cat?post=30949"},{"taxonomy":"product_tag","embeddable":true,"href":"https:\/\/www.zannasalud.com\/tienda\/wp-json\/wp\/v2\/product_tag?post=30949"}],"curies":[{"name":"wp","href":"https:\/\/api.w.org\/{rel}","templated":true}]}}