{"id":30946,"date":"2020-11-18T20:23:27","date_gmt":"2020-11-18T20:23:27","guid":{"rendered":"https:\/\/silver-louse-480719.hostingersite.com\/tienda\/producto\/accesorio-eje-absolute-ref-zanc70113\/"},"modified":"2024-04-08T19:03:38","modified_gmt":"2024-04-08T19:03:38","slug":"accesorio-eje-absolute-ref-zanc70113","status":"publish","type":"product","link":"https:\/\/www.zannasalud.com\/tienda\/producto\/accesorio-eje-absolute-ref-zanc70113\/","title":{"rendered":"ACCESORIO EJE ABSOLUTE \u2122 REF. ZANC70113"},"content":{"rendered":"<div id=\"goog-gt-tt\" class=\"skiptranslate\" dir=\"ltr\">\n<div style=\"padding: 8px;\">Ideal para medir la amplitud del movimiento activo de las articulaciones m\u00e1s grandes, especialmente el hombro y rotaci\u00f3n de la cadera y los rangos cervicales.<br \/>\n\u2022 Se utiliza para determinar la posici\u00f3n exacta vertical u horizontal, lo que reduce los errores de las pruebas.<br \/>\n\u2022 F\u00e1cil de acoplar goni\u00f3metro de pl\u00e1stico de 12 \u00ab(30cm), tal como el de referencia NC70119 y NC70102.<br \/>\n\u2022 Una vez cortado en el extremo de un brazo del goni\u00f3metro, se mantiene firmemente unido. Extienda el brazo por 2-3\/4 \u00ab(6.9cm)<br \/>\n\u2022 No interfiere con la funci\u00f3n de la herramienta.<\/p>\n<div><\/div>\n<\/div>\n<\/div>\n<div class=\"goog-te-spinner-pos\">\n<div class=\"goog-te-spinner-animation\"><\/div>\n<\/div>\n","protected":false},"excerpt":{"rendered":"<p>Ideal para medir la amplitud del movimiento activo de las articulaciones m\u00e1s grandes, especialmente el hombro y rotaci\u00f3n de la cadera y los rangos cervicales.<br \/>\n\u2022 Se utiliza para determinar la posici\u00f3n exacta vertical u horizontal, lo que reduce los errores de las pruebas.<br \/>\n\u2022 F\u00e1cil de acoplar goni\u00f3metro de pl\u00e1stico de 12 \u00ab(30cm), tal como el de referencia NC70119 y NC70102.<br \/>\n\u2022 Una vez cortado en el extremo de un brazo del goni\u00f3metro, se mantiene firmemente unido. Extienda el brazo por 2-3\/4 \u00ab(6.9cm)<br \/>\n\u2022 No interfiere con la funci\u00f3n de la herramienta.<\/p>\n","protected":false},"featured_media":4112,"template":"","meta":{"_acf_changed":false,"content-type":""},"product_brand":[],"product_cat":[13417,13255,13276,13409,13375],"product_tag":[11849],"class_list":{"0":"post-30946","1":"product","2":"type-product","3":"status-publish","4":"has-post-thumbnail","6":"product_cat-goniometros","7":"product_cat-marca","8":"product_cat-north-coast","9":"product_cat-obtencion-de-datos","10":"product_cat-rango-de-movimiento","11":"product_tag-north-coast","13":"first","14":"onbackorder","15":"taxable","16":"shipping-taxable","17":"purchasable","18":"product-type-simple"},"acf":[],"_links":{"self":[{"href":"https:\/\/www.zannasalud.com\/tienda\/wp-json\/wp\/v2\/product\/30946","targetHints":{"allow":["GET"]}}],"collection":[{"href":"https:\/\/www.zannasalud.com\/tienda\/wp-json\/wp\/v2\/product"}],"about":[{"href":"https:\/\/www.zannasalud.com\/tienda\/wp-json\/wp\/v2\/types\/product"}],"wp:featuredmedia":[{"embeddable":true,"href":"https:\/\/www.zannasalud.com\/tienda\/wp-json\/wp\/v2\/media\/4112"}],"wp:attachment":[{"href":"https:\/\/www.zannasalud.com\/tienda\/wp-json\/wp\/v2\/media?parent=30946"}],"wp:term":[{"taxonomy":"product_brand","embeddable":true,"href":"https:\/\/www.zannasalud.com\/tienda\/wp-json\/wp\/v2\/product_brand?post=30946"},{"taxonomy":"product_cat","embeddable":true,"href":"https:\/\/www.zannasalud.com\/tienda\/wp-json\/wp\/v2\/product_cat?post=30946"},{"taxonomy":"product_tag","embeddable":true,"href":"https:\/\/www.zannasalud.com\/tienda\/wp-json\/wp\/v2\/product_tag?post=30946"}],"curies":[{"name":"wp","href":"https:\/\/api.w.org\/{rel}","templated":true}]}}