{"id":30933,"date":"2020-11-18T20:23:19","date_gmt":"2020-11-18T20:23:19","guid":{"rendered":"https:\/\/silver-louse-480719.hostingersite.com\/tienda\/producto\/goniometro-plastico-180-grados-12-inch-ref-zafab12-1005\/"},"modified":"2025-04-04T14:30:56","modified_gmt":"2025-04-04T14:30:56","slug":"goniometro-plastico-180-grados-12-inch-ref-zafab12-1005","status":"publish","type":"product","link":"https:\/\/www.zannasalud.com\/tienda\/producto\/goniometro-plastico-180-grados-12-inch-ref-zafab12-1005\/","title":{"rendered":"GONIOMETRO PLASTICO 180 GRADOS  12 INCH REF.ZAFAB12-1005"},"content":{"rendered":"<p>Este goni\u00f3metro de pl\u00e1stico transparente permite observar el eje de movimiento de una articulaci\u00f3n y su rango de movimiento. El prop\u00f3sito principal de este dispositivo es ayudar en la fisioterapia mediante la determinaci\u00f3n del rango de movimiento de una articulaci\u00f3n, as\u00ed como evaluar y medir la recuperaci\u00f3n despu\u00e9s de la cirug\u00eda o la fisioterapia. \u00bfEl 180? El cabezal dispone de tres escalas calibradas para ser utilizadas &#8230; Sistema ISOM (International Standards of Measurement, STFR). Esta es una herramienta esencial para el tratamiento, la rehabilitaci\u00f3n y la recuperaci\u00f3n y evaluaci\u00f3n quir\u00fargica. Adecuado para uso dom\u00e9stico, as\u00ed como para entornos multiusuario. Los brazos son de 6&#8243;. Este goni\u00f3metro le permite medir los l\u00edmites de las articulaciones y el rango de movimiento, as\u00ed como verificar la extensi\u00f3n, flexi\u00f3n, abducci\u00f3n, aducci\u00f3n y rotaci\u00f3n. Los brazos tienen una escala lineal tanto en pulgadas como en cent\u00edmetros. Tambi\u00e9n permanecer\u00e1n en la \u00faltima posici\u00f3n de medici\u00f3n hasta que se restablezcan. \u00bfEl 180? La escala de \u00e1ngulos dice 1? Incrementos. El pl\u00e1stico transparente del goni\u00f3metro permite que el dispositivo se coloque directa y exactamente sobre una articulaci\u00f3n o extremidad para facilitar la observaci\u00f3n. Este goni\u00f3metro es un producto de referencia, lo que significa que es un nombre confiable en instrumentos de medici\u00f3n y evaluaci\u00f3n. Los productos Baseline han sido utilizados por profesionales m\u00e9dicos, terapeutas, m\u00e9dicos y cl\u00ednicas de rehabilitaci\u00f3n de todo el mundo desde 1974. Si alguna vez ha recibido terapia despu\u00e9s de una lesi\u00f3n, es probable que haya probado y medido su progreso con un instrumento de medici\u00f3n de referencia.<\/p>\n","protected":false},"excerpt":{"rendered":"<p>Goni\u00f3metro transparente para fisioterapia: Rango de movimiento, evaluaci\u00f3n precisa, duradero.<\/p>\n","protected":false},"featured_media":4106,"template":"","meta":{"_acf_changed":false,"content-type":""},"product_brand":[],"product_cat":[13417,13255,13311,13409,13375],"product_tag":[11858],"class_list":{"0":"post-30933","1":"product","2":"type-product","3":"status-publish","4":"has-post-thumbnail","6":"product_cat-goniometros","7":"product_cat-marca","8":"product_cat-fabrication-enterpreses","9":"product_cat-obtencion-de-datos","10":"product_cat-rango-de-movimiento","11":"product_tag-fabrication-enterpreses","13":"first","14":"onbackorder","15":"taxable","16":"shipping-taxable","17":"purchasable","18":"product-type-simple"},"acf":[],"_links":{"self":[{"href":"https:\/\/www.zannasalud.com\/tienda\/wp-json\/wp\/v2\/product\/30933","targetHints":{"allow":["GET"]}}],"collection":[{"href":"https:\/\/www.zannasalud.com\/tienda\/wp-json\/wp\/v2\/product"}],"about":[{"href":"https:\/\/www.zannasalud.com\/tienda\/wp-json\/wp\/v2\/types\/product"}],"wp:featuredmedia":[{"embeddable":true,"href":"https:\/\/www.zannasalud.com\/tienda\/wp-json\/wp\/v2\/media\/4106"}],"wp:attachment":[{"href":"https:\/\/www.zannasalud.com\/tienda\/wp-json\/wp\/v2\/media?parent=30933"}],"wp:term":[{"taxonomy":"product_brand","embeddable":true,"href":"https:\/\/www.zannasalud.com\/tienda\/wp-json\/wp\/v2\/product_brand?post=30933"},{"taxonomy":"product_cat","embeddable":true,"href":"https:\/\/www.zannasalud.com\/tienda\/wp-json\/wp\/v2\/product_cat?post=30933"},{"taxonomy":"product_tag","embeddable":true,"href":"https:\/\/www.zannasalud.com\/tienda\/wp-json\/wp\/v2\/product_tag?post=30933"}],"curies":[{"name":"wp","href":"https:\/\/api.w.org\/{rel}","templated":true}]}}