{"id":30928,"date":"2020-11-18T20:23:19","date_gmt":"2020-11-18T20:23:19","guid":{"rendered":"https:\/\/silver-louse-480719.hostingersite.com\/tienda\/producto\/dinamometro-m-superior-e-inferior-espalda-pierna-pecho-baseline-ref-zafab120400\/"},"modified":"2025-04-04T14:30:54","modified_gmt":"2025-04-04T14:30:54","slug":"dinamometro-m-superior-e-inferior-espalda-pierna-pecho-baseline-ref-zafab120400","status":"publish","type":"product","link":"https:\/\/www.zannasalud.com\/tienda\/producto\/dinamometro-m-superior-e-inferior-espalda-pierna-pecho-baseline-ref-zafab120400\/","title":{"rendered":"DINAM\u00d3METRO M. SUPERIOR  E INFERIOR ( ESPALDA, PIERNA, PECHO) BASELINE\u2122 REF. ZAFAB120400"},"content":{"rendered":"<p>El dinam\u00f3metro de espalda, piernas y pecho Baseline es perfecto para la medici\u00f3n de la fuerza muscular, el an\u00e1lisis de tareas laborales y la evaluaci\u00f3n de la capacidad funcional (FCE). La unidad se puede utilizar para medir la fuerza de los m\u00fasculos de la espalda, la pierna y el pecho. La base de medici\u00f3n proporciona una base segura. La longitud de la cadena se ajusta para adaptarse a las diferencias de altura o para variar el punto de Aplicaci\u00f3n de la fuerza. La lectura m\u00e1xima permanece hasta que se reinicia la unidad. La lectura de fuerza se puede ver como libras o kilogramos. Certificado CE. Viene en un estuche protector.<\/p>\n","protected":false},"excerpt":{"rendered":"<p>Medici\u00f3n de fuerza de m\u00fasculos de espalda, piernas y pecho<\/p>\n","protected":false},"featured_media":4133,"template":"","meta":{"_acf_changed":false,"content-type":""},"product_brand":[],"product_cat":[13414,13413,13255,13311,13409],"product_tag":[11858],"class_list":{"0":"post-30928","1":"product","2":"type-product","3":"status-publish","4":"has-post-thumbnail","6":"product_cat-dinamometros","7":"product_cat-fuerza","8":"product_cat-marca","9":"product_cat-fabrication-enterpreses","10":"product_cat-obtencion-de-datos","11":"product_tag-fabrication-enterpreses","13":"first","14":"onbackorder","15":"taxable","16":"shipping-taxable","17":"purchasable","18":"product-type-simple"},"acf":[],"_links":{"self":[{"href":"https:\/\/www.zannasalud.com\/tienda\/wp-json\/wp\/v2\/product\/30928","targetHints":{"allow":["GET"]}}],"collection":[{"href":"https:\/\/www.zannasalud.com\/tienda\/wp-json\/wp\/v2\/product"}],"about":[{"href":"https:\/\/www.zannasalud.com\/tienda\/wp-json\/wp\/v2\/types\/product"}],"wp:featuredmedia":[{"embeddable":true,"href":"https:\/\/www.zannasalud.com\/tienda\/wp-json\/wp\/v2\/media\/4133"}],"wp:attachment":[{"href":"https:\/\/www.zannasalud.com\/tienda\/wp-json\/wp\/v2\/media?parent=30928"}],"wp:term":[{"taxonomy":"product_brand","embeddable":true,"href":"https:\/\/www.zannasalud.com\/tienda\/wp-json\/wp\/v2\/product_brand?post=30928"},{"taxonomy":"product_cat","embeddable":true,"href":"https:\/\/www.zannasalud.com\/tienda\/wp-json\/wp\/v2\/product_cat?post=30928"},{"taxonomy":"product_tag","embeddable":true,"href":"https:\/\/www.zannasalud.com\/tienda\/wp-json\/wp\/v2\/product_tag?post=30928"}],"curies":[{"name":"wp","href":"https:\/\/api.w.org\/{rel}","templated":true}]}}