{"id":30924,"date":"2020-11-18T20:23:19","date_gmt":"2020-11-18T20:23:19","guid":{"rendered":"https:\/\/silver-louse-480719.hostingersite.com\/tienda\/producto\/pinzometro-exacta-digital-ref-zanc70143\/"},"modified":"2024-04-08T19:03:36","modified_gmt":"2024-04-08T19:03:36","slug":"pinzometro-exacta-digital-ref-zanc70143","status":"publish","type":"product","link":"https:\/\/www.zannasalud.com\/tienda\/producto\/pinzometro-exacta-digital-ref-zanc70143\/","title":{"rendered":"PINZOMETRO EXACTA \u2122 DIGITAL REF. ZANC70143"},"content":{"rendered":"<div id=\"goog-gt-tt\" class=\"skiptranslate\" dir=\"ltr\">\n<div style=\"padding: 8px;\">Lectura precisa con pantalla digital con memoria para datos de referencia.<br \/>\n\u2022 Dise\u00f1ado para las evaluaciones precisas de la fuerza de pinza de 0,1 a 90 libras. (4.5 gramos a 136 kg) con pantalla LCD, f\u00e1cil de leer.<br \/>\n\u2022 Cuenta con un sistema electr\u00f3nico de calibraci\u00f3n a cero para una calibraci\u00f3n precisa.<br \/>\n\u2022 Cambios bot\u00f3n para alternar la lectura de medici\u00f3n entre libras y kilogramos.<br \/>\n\u2022 La memoria puede almacenar hasta 20 resultados de datos.<br \/>\n\u2022 Apagado autom\u00e1tico que ahorra bater\u00eda.<br \/>\n\u2022 Configura datos como: modo de a\u00f1o, mes, fecha y hora de prueba.<br \/>\n\u2022 Calibrado y certificado.<br \/>\n\u2022 Incluye estuche de transporte.<br \/>\n\u2022 Requiere 2 bater\u00edas AAA (incluidas).<br \/>\n\u2022 Un a\u00f1o de garant\u00eda<\/p>\n<div><\/div>\n<\/div>\n<\/div>\n<div class=\"goog-te-spinner-pos\">\n<div class=\"goog-te-spinner-animation\"><\/div>\n<\/div>\n","protected":false},"excerpt":{"rendered":"<p>Lectura precisa con pantalla digital con memoria para datos de referencia.<br \/>\n\u2022 Dise\u00f1ado para las evaluaciones precisas de la fuerza de pinza de 0,1 a 90 libras. (4.5 gramos a 136 kg) con pantalla LCD, f\u00e1cil de leer.<br \/>\n\u2022 Cuenta con un sistema electr\u00f3nico de calibraci\u00f3n a cero para una calibraci\u00f3n precisa.<br \/>\n\u2022 Cambios bot\u00f3n para alternar la lectura de medici\u00f3n entre libras y kilogramos.<br \/>\n\u2022 La memoria puede almacenar hasta 20 resultados de datos.<br \/>\n\u2022 Apagado autom\u00e1tico que ahorra bater\u00eda.<br \/>\n\u2022 Configura datos como: modo de a\u00f1o, mes, fecha y hora de prueba.<br \/>\n\u2022 Calibrado y certificado.<br \/>\n\u2022 Incluye estuche de transporte.<br \/>\n\u2022 Requiere 2 bater\u00edas AAA (incluidas).<br \/>\n\u2022 Un a\u00f1o de garant\u00eda<\/p>\n","protected":false},"featured_media":4142,"template":"","meta":{"_acf_changed":false,"content-type":""},"product_brand":[],"product_cat":[13413,13255,13276,13409,13415],"product_tag":[11849],"class_list":{"0":"post-30924","1":"product","2":"type-product","3":"status-publish","4":"has-post-thumbnail","6":"product_cat-fuerza","7":"product_cat-marca","8":"product_cat-north-coast","9":"product_cat-obtencion-de-datos","10":"product_cat-pinzometros","11":"product_tag-north-coast","13":"first","14":"onbackorder","15":"taxable","16":"shipping-taxable","17":"purchasable","18":"product-type-simple"},"acf":[],"_links":{"self":[{"href":"https:\/\/www.zannasalud.com\/tienda\/wp-json\/wp\/v2\/product\/30924","targetHints":{"allow":["GET"]}}],"collection":[{"href":"https:\/\/www.zannasalud.com\/tienda\/wp-json\/wp\/v2\/product"}],"about":[{"href":"https:\/\/www.zannasalud.com\/tienda\/wp-json\/wp\/v2\/types\/product"}],"wp:featuredmedia":[{"embeddable":true,"href":"https:\/\/www.zannasalud.com\/tienda\/wp-json\/wp\/v2\/media\/4142"}],"wp:attachment":[{"href":"https:\/\/www.zannasalud.com\/tienda\/wp-json\/wp\/v2\/media?parent=30924"}],"wp:term":[{"taxonomy":"product_brand","embeddable":true,"href":"https:\/\/www.zannasalud.com\/tienda\/wp-json\/wp\/v2\/product_brand?post=30924"},{"taxonomy":"product_cat","embeddable":true,"href":"https:\/\/www.zannasalud.com\/tienda\/wp-json\/wp\/v2\/product_cat?post=30924"},{"taxonomy":"product_tag","embeddable":true,"href":"https:\/\/www.zannasalud.com\/tienda\/wp-json\/wp\/v2\/product_tag?post=30924"}],"curies":[{"name":"wp","href":"https:\/\/api.w.org\/{rel}","templated":true}]}}