{"id":30887,"date":"2020-11-18T20:23:03","date_gmt":"2020-11-18T20:23:03","guid":{"rendered":"https:\/\/silver-louse-480719.hostingersite.com\/tienda\/producto\/colchoneta-elite-dual-surface-de-doble-superficie-aeromat-ref-zaaer71521\/"},"modified":"2025-04-04T14:30:53","modified_gmt":"2025-04-04T14:30:53","slug":"colchoneta-elite-dual-surface-de-doble-superficie-aeromat-ref-zaaer71521","status":"publish","type":"product","link":"https:\/\/www.zannasalud.com\/tienda\/producto\/colchoneta-elite-dual-surface-de-doble-superficie-aeromat-ref-zaaer71521\/","title":{"rendered":"COLCHONETA ELITE DUAL SURFACE\/DE DOBLE SUPERFICIE AEROMAT \u2122 REF. ZAAER71521"},"content":{"rendered":"<p>La alfombrilla de doble superficie Elite es la alfombrilla m\u00e1s gruesa y duradera de nuestra colecci\u00f3n, que ofrece una comodidad y un soporte excelentes. Es impermeable al agua y ligero. Sus superficies dobles, con un lado liso y otro ligeramente acanalado, son adecuadas para una variedad de entrenamientos, adaptados a sus necesidades de acondicionamiento f\u00edsico.<\/p>\n<p>La alfombrilla de espuma m\u00e1s gruesa y duradera que ofrece una comodidad y un soporte excelentes<\/p>\n<p>Impermeable al agua, ligero<\/p>\n<p>Doble superficie, una lisa, otra acanalada, adecuada para una variedad de necesidades de fitness<\/p>\n<p>Fabricado con espuma de c\u00e9lula cerrada NBR, libre de l\u00e1tex y ftalatos<\/p>\n<p>Viene en 3 tama\u00f1os<br \/>\n3\/4&#8243; x 24&#8243; x 56&#8243; &#8211; Azul<br \/>\n5\/8&#8243; x 23&#8243; x 72&#8243; &#8211; Azul, Negro<br \/>\n5\/8&#8243; x 39&#8243; x 72&#8243; &#8211; Azul<br \/>\n** NO use zapatos cuando use el tapete, ya que da\u00f1ar\u00e1 la superficie y har\u00e1 que el material se rasgue y acorte su vida \u00fatil<\/p>\n","protected":false},"excerpt":{"rendered":"<p>Colchoneta que ofrece una comodidad y un soporte excelentes.<\/p>\n","protected":false},"featured_media":10081,"template":"","meta":{"_acf_changed":false,"content-type":""},"product_brand":[],"product_cat":[13405,13393,13255,13400],"product_tag":[11871],"class_list":{"0":"post-30887","1":"product","2":"type-product","3":"status-publish","4":"has-post-thumbnail","6":"product_cat-colchonetas","7":"product_cat-ejercitando","8":"product_cat-marca","9":"product_cat-aeromats","10":"product_tag-aeromats","12":"first","13":"onbackorder","14":"taxable","15":"shipping-taxable","16":"purchasable","17":"product-type-simple"},"acf":[],"_links":{"self":[{"href":"https:\/\/www.zannasalud.com\/tienda\/wp-json\/wp\/v2\/product\/30887","targetHints":{"allow":["GET"]}}],"collection":[{"href":"https:\/\/www.zannasalud.com\/tienda\/wp-json\/wp\/v2\/product"}],"about":[{"href":"https:\/\/www.zannasalud.com\/tienda\/wp-json\/wp\/v2\/types\/product"}],"wp:featuredmedia":[{"embeddable":true,"href":"https:\/\/www.zannasalud.com\/tienda\/wp-json\/wp\/v2\/media\/10081"}],"wp:attachment":[{"href":"https:\/\/www.zannasalud.com\/tienda\/wp-json\/wp\/v2\/media?parent=30887"}],"wp:term":[{"taxonomy":"product_brand","embeddable":true,"href":"https:\/\/www.zannasalud.com\/tienda\/wp-json\/wp\/v2\/product_brand?post=30887"},{"taxonomy":"product_cat","embeddable":true,"href":"https:\/\/www.zannasalud.com\/tienda\/wp-json\/wp\/v2\/product_cat?post=30887"},{"taxonomy":"product_tag","embeddable":true,"href":"https:\/\/www.zannasalud.com\/tienda\/wp-json\/wp\/v2\/product_tag?post=30887"}],"curies":[{"name":"wp","href":"https:\/\/api.w.org\/{rel}","templated":true}]}}