{"id":30848,"date":"2020-11-18T20:22:47","date_gmt":"2020-11-18T20:22:47","guid":{"rendered":"https:\/\/silver-louse-480719.hostingersite.com\/tienda\/producto\/accesorio-disco-de-puerta-para-bandas-o-tubing-ref-zafab105325\/"},"modified":"2025-04-04T14:30:50","modified_gmt":"2025-04-04T14:30:50","slug":"accesorio-disco-de-puerta-para-bandas-o-tubing-ref-zafab105325","status":"publish","type":"product","link":"https:\/\/www.zannasalud.com\/tienda\/producto\/accesorio-disco-de-puerta-para-bandas-o-tubing-ref-zafab105325\/","title":{"rendered":"ACCESORIO DISCO DE PUERTA PARA BANDAS O TUBING  REF. ZAFAB105325"},"content":{"rendered":"<p>El anclaje de puerta con disco se utiliza para anclar la banda de ejercicio o el tubo en la jamba de una puerta. Coloque el disco flexible en la jamba de la puerta a cualquier altura, \u00a1incluso en la parte superior de la puerta! Cierre la puerta para anclar el disco. El art\u00edculo es f\u00e1cil de cargar y descargar la banda o el tubo usando la correa de anclaje. La unidad est\u00e1 fabricada con correas de alta resistencia para mayor durabilidad.<\/p>\n","protected":false},"excerpt":{"rendered":"<p>Correa de anclaje de disco de jamba para puerta <\/p>\n","protected":false},"featured_media":9993,"template":"","meta":{"_acf_changed":false,"content-type":""},"product_brand":[],"product_cat":[13395,13393,13255,13311,13394],"product_tag":[11858],"class_list":{"0":"post-30848","1":"product","2":"type-product","3":"status-publish","4":"has-post-thumbnail","6":"product_cat-bandas-y-tubing","7":"product_cat-ejercitando","8":"product_cat-marca","9":"product_cat-fabrication-enterpreses","10":"product_cat-productos-de-resistencia","11":"product_tag-fabrication-enterpreses","13":"first","14":"instock","15":"taxable","16":"shipping-taxable","17":"purchasable","18":"product-type-simple"},"acf":[],"_links":{"self":[{"href":"https:\/\/www.zannasalud.com\/tienda\/wp-json\/wp\/v2\/product\/30848","targetHints":{"allow":["GET"]}}],"collection":[{"href":"https:\/\/www.zannasalud.com\/tienda\/wp-json\/wp\/v2\/product"}],"about":[{"href":"https:\/\/www.zannasalud.com\/tienda\/wp-json\/wp\/v2\/types\/product"}],"wp:featuredmedia":[{"embeddable":true,"href":"https:\/\/www.zannasalud.com\/tienda\/wp-json\/wp\/v2\/media\/9993"}],"wp:attachment":[{"href":"https:\/\/www.zannasalud.com\/tienda\/wp-json\/wp\/v2\/media?parent=30848"}],"wp:term":[{"taxonomy":"product_brand","embeddable":true,"href":"https:\/\/www.zannasalud.com\/tienda\/wp-json\/wp\/v2\/product_brand?post=30848"},{"taxonomy":"product_cat","embeddable":true,"href":"https:\/\/www.zannasalud.com\/tienda\/wp-json\/wp\/v2\/product_cat?post=30848"},{"taxonomy":"product_tag","embeddable":true,"href":"https:\/\/www.zannasalud.com\/tienda\/wp-json\/wp\/v2\/product_tag?post=30848"}],"curies":[{"name":"wp","href":"https:\/\/api.w.org\/{rel}","templated":true}]}}