{"id":30837,"date":"2020-11-18T20:22:47","date_gmt":"2020-11-18T20:22:47","guid":{"rendered":"https:\/\/silver-louse-480719.hostingersite.com\/tienda\/producto\/eliptica-601-modelo-primaria-kidsfit-ref-zakids601\/"},"modified":"2024-04-08T19:03:30","modified_gmt":"2024-04-08T19:03:30","slug":"eliptica-601-modelo-primaria-kidsfit-ref-zakids601","status":"publish","type":"product","link":"https:\/\/www.zannasalud.com\/tienda\/producto\/eliptica-601-modelo-primaria-kidsfit-ref-zakids601\/","title":{"rendered":"ELIPTICA 601 &#8211; MODELO PRIMARIA KIDSFIT REF. ZAKIDS601"},"content":{"rendered":"<div id=\"goog-gt-tt\" class=\"skiptranslate\" dir=\"ltr\">\n<div style=\"padding: 8px;\">601\/602 Cardio Kids El\u00edptica Este entrenador el\u00edptico populares trabaja todo el cuerpo y ha sido cuidadosamente dise\u00f1ado para proporcionar un mayor equilibrio de los cuerpos de crecimiento r\u00e1pido y motivacional f\u00e1cil de usar electr\u00f3nicos que incluyen calor\u00edas, frecuencia cardiaca, velocidad, tiempo y distancia.<\/p>\n<p>Stride Longitud: 12-14 pulgadas<br \/>\nMejor se adapte a los ni\u00f1os: Edad 5-12, 42in-59in (L = 50, W = 24, H = 58 PULGADAS, WT = 185 libras)<br \/>\nJ\u00fanior Modelo 602 : Edad 9+ (L = 60, W = 24, H = 60inches, WT = 185 libras)<br \/>\nPeso para el shipping: 110 libras. + \u00a3 30 palets = 140 libras.<br \/>\nL\u00edmite de peso: 250 libras<br \/>\nSugerido Altura<\/p>\n<div><\/div>\n<\/div>\n<\/div>\n<div class=\"goog-te-spinner-pos\">\n<div class=\"goog-te-spinner-animation\"><\/div>\n<\/div>\n","protected":false},"excerpt":{"rendered":"<p>601\/602 Cardio Kids El\u00edptica Este entrenador el\u00edptico populares trabaja todo el cuerpo y ha sido cuidadosamente dise\u00f1ado para proporcionar un mayor equilibrio de los cuerpos de crecimiento r\u00e1pido y motivacional f\u00e1cil de usar electr\u00f3nicos que incluyen calor\u00edas, frecuencia cardiaca, velocidad, tiempo y distancia.<\/p>\n<p>Stride Longitud: 12-14 pulgadas<br \/>\nMejor se adapte a los ni\u00f1os: Edad 5-12, 42in-59in (L = 50, W = 24, H = 58 PULGADAS, WT = 185 libras)<br \/>\nJ\u00fanior Modelo 602 : Edad 9+ (L = 60, W = 24, H = 60inches, WT = 185 libras)<br \/>\nPeso para el shipping: 110 libras. + \u00a3 30 palets = 140 libras.<br \/>\nL\u00edmite de peso: 250 libras<br \/>\nSugerido Altura<\/p>\n","protected":false},"featured_media":4028,"template":"","meta":{"_acf_changed":false,"content-type":""},"product_brand":[],"product_cat":[13386,13255,13387,13368],"product_tag":[12654],"class_list":{"0":"post-30837","1":"product","2":"type-product","3":"status-publish","4":"has-post-thumbnail","6":"product_cat-maquinas-de-ejercicio-pediatricas","7":"product_cat-marca","8":"product_cat-kids-fit","9":"product_cat-mecanoterapia","10":"product_tag-kids-fit","12":"first","13":"onbackorder","14":"taxable","15":"shipping-taxable","16":"purchasable","17":"product-type-simple"},"acf":[],"_links":{"self":[{"href":"https:\/\/www.zannasalud.com\/tienda\/wp-json\/wp\/v2\/product\/30837","targetHints":{"allow":["GET"]}}],"collection":[{"href":"https:\/\/www.zannasalud.com\/tienda\/wp-json\/wp\/v2\/product"}],"about":[{"href":"https:\/\/www.zannasalud.com\/tienda\/wp-json\/wp\/v2\/types\/product"}],"wp:featuredmedia":[{"embeddable":true,"href":"https:\/\/www.zannasalud.com\/tienda\/wp-json\/wp\/v2\/media\/4028"}],"wp:attachment":[{"href":"https:\/\/www.zannasalud.com\/tienda\/wp-json\/wp\/v2\/media?parent=30837"}],"wp:term":[{"taxonomy":"product_brand","embeddable":true,"href":"https:\/\/www.zannasalud.com\/tienda\/wp-json\/wp\/v2\/product_brand?post=30837"},{"taxonomy":"product_cat","embeddable":true,"href":"https:\/\/www.zannasalud.com\/tienda\/wp-json\/wp\/v2\/product_cat?post=30837"},{"taxonomy":"product_tag","embeddable":true,"href":"https:\/\/www.zannasalud.com\/tienda\/wp-json\/wp\/v2\/product_tag?post=30837"}],"curies":[{"name":"wp","href":"https:\/\/api.w.org\/{rel}","templated":true}]}}